{"id":1991308,"date":"2022-09-15T09:28:37","date_gmt":"2022-09-15T07:28:37","guid":{"rendered":"https:\/\/de.tilta.com\/shop\/tilta-cfexpress-da-tipo-a-a-m-2-maniglia-laterale-per-il-deposito\/"},"modified":"2025-12-05T12:51:56","modified_gmt":"2025-12-05T11:51:56","slug":"tilta-cfexpress-type-a-to-m-2-side-storage-handle","status":"publish","type":"product","link":"https:\/\/eu.tilta.com\/it\/shop\/tilta-cfexpress-type-a-to-m-2-side-storage-handle\/","title":{"rendered":"Tilta CFexpress da tipo A a M.2 Maniglia laterale per il deposito"},"content":{"rendered":"<p><strong>NOTA:  <\/strong><strong>Non sar\u00e0 possibile chiudere lo sportello dell&#8217;alloggiamento della scheda quando si utilizza questa maniglia. Il sistema NON sar\u00e0 a prova di intemperie, poich\u00e9 ci sar\u00e0 un cavo esposto.  <\/strong><\/p>\n<p>Migliora i tuoi supporti con CFexpress Type A to M.2 Maniglia laterale!<\/p>\n<p>Questa maniglia laterale avanzata ti permette di utilizzare un&#8217;unit\u00e0 SSD da 512 GB ad alte prestazioni, al posto di una scheda CFexpress di tipo A.<\/p>\n<p>Il design personalizzato a forma di L consente di sostituire facilmente la batteria e di supportare la videocamera attraverso pi\u00f9 punti di contatto per una connessione sicura.<\/p>\n<p>La base Arca Swiss crea uno standard altamente integrato che \u00e8 compatibile in modo nativo con DJI RS2, RS3 e RS3 Pro e con la nostra <a href=\"https:\/\/de.tilta.com\/shop\/tiltaing-15mm-lws-baseplate-type-vi\/\">baseplate LWS di tipo VI<\/a>.<\/p>\n<p>Il manico \u00e8 antiscivolo con imbottitura in silicone. La registrazione \u00e8 indicata da una luce verde di conteggio. Un cinturino da polso consente di utilizzare la fotocamera in modo sicuro e protetto.<\/p>\n<p>Questa maniglia \u00e8 compatibile con le fotocamere Sony A1, A7S3, A7 IV e FX3 e con le gabbie Tilta.<\/p>\n","protected":false},"excerpt":{"rendered":"<p>NOTA: Non sar\u00e0 possibile chiudere lo sportello dell&#8217;alloggiamento della scheda quando si utilizza questa maniglia. Il sistema NON sar\u00e0 a prova di intemperie, poich\u00e9 ci sar\u00e0 un cavo esposto. Migliora i tuoi supporti con CFexpress Type A to M.2 Maniglia [&hellip;]<\/p>\n","protected":false},"featured_media":1991358,"comment_status":"closed","ping_status":"closed","template":"","meta":[],"product_cat":[1751,1741,1734,1689,2051,2320,2415],"product_tag":[],"acf":[],"gallery_images":[1991360,1991362,1991364,1991366,1991368,1991370,1991372,1991373,1991375,1991377],"_links":{"self":[{"href":"https:\/\/eu.tilta.com\/it\/wp-json\/wp\/v2\/product\/1991308"}],"collection":[{"href":"https:\/\/eu.tilta.com\/it\/wp-json\/wp\/v2\/product"}],"about":[{"href":"https:\/\/eu.tilta.com\/it\/wp-json\/wp\/v2\/types\/product"}],"replies":[{"embeddable":true,"href":"https:\/\/eu.tilta.com\/it\/wp-json\/wp\/v2\/comments?post=1991308"}],"wp:featuredmedia":[{"embeddable":true,"href":"https:\/\/eu.tilta.com\/it\/wp-json\/wp\/v2\/media\/1991358"}],"wp:attachment":[{"href":"https:\/\/eu.tilta.com\/it\/wp-json\/wp\/v2\/media?parent=1991308"}],"wp:term":[{"taxonomy":"product_cat","embeddable":true,"href":"https:\/\/eu.tilta.com\/it\/wp-json\/wp\/v2\/product_cat?post=1991308"},{"taxonomy":"product_tag","embeddable":true,"href":"https:\/\/eu.tilta.com\/it\/wp-json\/wp\/v2\/product_tag?post=1991308"}],"curies":[{"name":"wp","href":"https:\/\/api.w.org\/{rel}","templated":true}]}}