{"id":1991523,"date":"2022-08-04T08:54:42","date_gmt":"2022-08-04T06:54:42","guid":{"rendered":"https:\/\/de.tilta.com\/shop\/gilet-di-supporto-gimbal-leggero\/"},"modified":"2026-03-24T11:24:03","modified_gmt":"2026-03-24T10:24:03","slug":"lightweight-gimbal-support-vest","status":"publish","type":"product","link":"https:\/\/eu.tilta.com\/it\/shop\/lightweight-gimbal-support-vest\/","title":{"rendered":"Gilet di supporto gimbal leggero"},"content":{"rendered":"<p><span style=\"font-weight: 400;\">Il gilet di supporto per gimbal leggero Tilta \u00e8 stato progettato specificamente per sostenere i gimbal palmari pi\u00f9 piccoli per lunghi periodi di tempo.<\/span><\/p>\n<p>Il Waist Vest \u00e8 dotato di un adattatore regolabile in altezza che ti permette di montare il DJI RS2, RSC2, RS3 o RS3 Pro tramite la parte inferiore dell&#8217;impugnatura della batteria o il treppiede con impugnatura estesa.<\/p>\n<p>Questo gilet si abbina perfettamente alle staffe opzionali Dual Handle, che possono essere collegate al gimbal e alle cinghie di supporto per fissare le maniglie al gilet.<\/p>\n<p>In questo modo si creano pi\u00f9 punti di contatto, consentendoti di operare in modo pi\u00f9 comodo e costante e di avere le mani libere se necessario. (si consiglia la discrezione dell&#8217;utente)<\/p>\n<p>&nbsp;<\/p>\n","protected":false},"excerpt":{"rendered":"<p>Il gilet di supporto per gimbal leggero Tilta \u00e8 stato progettato specificamente per sostenere i gimbal palmari pi\u00f9 piccoli per lunghi periodi di tempo. Il Waist Vest \u00e8 dotato di un adattatore regolabile in altezza che ti permette di montare [&hellip;]<\/p>\n","protected":false},"featured_media":1991574,"comment_status":"closed","ping_status":"closed","template":"","meta":[],"product_cat":[2325],"product_tag":[],"acf":[],"gallery_images":[1991573,1991575,1991576,1991577],"_links":{"self":[{"href":"https:\/\/eu.tilta.com\/it\/wp-json\/wp\/v2\/product\/1991523"}],"collection":[{"href":"https:\/\/eu.tilta.com\/it\/wp-json\/wp\/v2\/product"}],"about":[{"href":"https:\/\/eu.tilta.com\/it\/wp-json\/wp\/v2\/types\/product"}],"replies":[{"embeddable":true,"href":"https:\/\/eu.tilta.com\/it\/wp-json\/wp\/v2\/comments?post=1991523"}],"wp:featuredmedia":[{"embeddable":true,"href":"https:\/\/eu.tilta.com\/it\/wp-json\/wp\/v2\/media\/1991574"}],"wp:attachment":[{"href":"https:\/\/eu.tilta.com\/it\/wp-json\/wp\/v2\/media?parent=1991523"}],"wp:term":[{"taxonomy":"product_cat","embeddable":true,"href":"https:\/\/eu.tilta.com\/it\/wp-json\/wp\/v2\/product_cat?post=1991523"},{"taxonomy":"product_tag","embeddable":true,"href":"https:\/\/eu.tilta.com\/it\/wp-json\/wp\/v2\/product_tag?post=1991523"}],"curies":[{"name":"wp","href":"https:\/\/api.w.org\/{rel}","templated":true}]}}