{"id":1991814,"date":"2022-07-25T09:17:56","date_gmt":"2022-07-25T07:17:56","guid":{"rendered":"https:\/\/de.tilta.com\/shop\/tilta-lightweight-shoulder-rig-black\/"},"modified":"2026-04-27T13:16:13","modified_gmt":"2026-04-27T11:16:13","slug":"tiltaing-lightweight-shoulder-rig-black","status":"publish","type":"product","link":"https:\/\/eu.tilta.com\/it\/shop\/tiltaing-lightweight-shoulder-rig-black\/","title":{"rendered":"Tracolla leggera Tilta &#8211; Nero"},"content":{"rendered":"<p><strong>*Compatibile con la maggior parte delle fotocamere cinematografiche compatte e delle reflex digitali*.  <\/strong><\/p>\n<p><strong>NOTA: la piastra di base Manfrotto\/ARCA \u00e8 progettata per la piastra a sgancio rapido Tilta inclusa.<\/strong><\/p>\n<p><strong>Alcune altre piastre a sgancio rapido Manfrotto\/ARCA potrebbero essere compatibili, ma non \u00e8 possibile garantirlo.<\/strong><\/p>\n<p><strong>Per maggiori informazioni su come regolare la tensione della leva sul tuo Baseplate, contatta: support@tilta.com  <\/strong><\/p>\n<p>Armati di fotocamera con il Tilta Lightweight Shoulder Rig! Questa \u00e8 la soluzione perfetta per operare con una videocamera portatile leggera.<\/p>\n<p>La base di questo rig \u00e8 dotata di una doppia piastra Manfrotto ARCA, che ti permette di utilizzare la piastra a sgancio rapido di entrambi i sistemi o la piastra Manfrotto\/ARCA inclusa.<\/p>\n<p>Questa piastra di base pu\u00f2 essere rimossa all&#8217;occorrenza e altre piastre di base o code di rondine possono essere montate sulla piastra principale di questo rig a spalla tramite filettature da 1\/4&#8243; -20.<\/p>\n<p>Se utilizzato con la nostra coda di rondine Tilta Standard, potrai passare rapidamente da un treppiede o da un altro sistema di supporto a questo leggero rig a spalla.<\/p>\n<p>Anche il cuscinetto a spalla in velcro incluso pu\u00f2 essere regolato in modo indipendente, consentendo un perfetto bilanciamento del sistema di ripresa sulla spalla.<\/p>\n<p>I bracci della rosetta regolabili ed estensibili ti permettono di regolare con precisione la lunghezza e l&#8217;angolo delle impugnature per operare in modo pi\u00f9 confortevole in pi\u00f9 posizioni.<\/p>\n<p>I bracci di prolunga presentano una filettatura da 1\/4&#8243;-20 sul braccio stesso, consentendoti di montare un monitor esterno tramite un braccio articolato.<\/p>\n<p>Questo ti permette di montare il monitor a una distanza maggiore rispetto a quella che avresti montando il monitor direttamente sul corpo macchina.<\/p>\n<p>Il ponte della rosetta pu\u00f2 ruotare di ben 360 gradi, consentendo a questo impianto di essere rapidamente ripiegato per il trasporto.<\/p>\n<p>L&#8217;attacco per asta LWS da 15 mm sul retro del rig supporta una coppia di aste da 15 mm e accessori basati su aste come varie piastre per batterie.<\/p>\n<p>Questo aiuta a fornire energia alla videocamera e a bilanciare il rig sulla tua spalla, spostando il centro di gravit\u00e0 pi\u00f9 vicino a te e rendendo pi\u00f9 facile e comodo l&#8217;utilizzo per lunghi periodi di tempo.<\/p>\n<p>Sul retro del rig troverai anche una guida NATO che ti permetter\u00e0 di montare contrappesi e altri accessori tramite una piccola piastra di adattamento.<\/p>\n<p>Questo adattatore NATO ti permetter\u00e0 anche di montare il cuscinetto di supporto posteriore incluso, che fornisce un ulteriore punto di contatto durante il funzionamento.<\/p>\n<p>&nbsp;<\/p>\n<p>&nbsp;<\/p>\n<p>&nbsp;<\/p>\n","protected":false},"excerpt":{"rendered":"<p>*Compatibile con la maggior parte delle fotocamere cinematografiche compatte e delle reflex digitali*. NOTA: la piastra di base Manfrotto\/ARCA \u00e8 progettata per la piastra a sgancio rapido Tilta inclusa. Alcune altre piastre a sgancio rapido Manfrotto\/ARCA potrebbero essere compatibili, ma [&hellip;]<\/p>\n","protected":false},"featured_media":1991825,"comment_status":"closed","ping_status":"closed","template":"","meta":[],"product_cat":[3898,1868,1840,2164],"product_tag":[],"acf":[],"gallery_images":[1991827,1991828,1991830,1991832,1991833,1991834,1991835],"_links":{"self":[{"href":"https:\/\/eu.tilta.com\/it\/wp-json\/wp\/v2\/product\/1991814"}],"collection":[{"href":"https:\/\/eu.tilta.com\/it\/wp-json\/wp\/v2\/product"}],"about":[{"href":"https:\/\/eu.tilta.com\/it\/wp-json\/wp\/v2\/types\/product"}],"replies":[{"embeddable":true,"href":"https:\/\/eu.tilta.com\/it\/wp-json\/wp\/v2\/comments?post=1991814"}],"wp:featuredmedia":[{"embeddable":true,"href":"https:\/\/eu.tilta.com\/it\/wp-json\/wp\/v2\/media\/1991825"}],"wp:attachment":[{"href":"https:\/\/eu.tilta.com\/it\/wp-json\/wp\/v2\/media?parent=1991814"}],"wp:term":[{"taxonomy":"product_cat","embeddable":true,"href":"https:\/\/eu.tilta.com\/it\/wp-json\/wp\/v2\/product_cat?post=1991814"},{"taxonomy":"product_tag","embeddable":true,"href":"https:\/\/eu.tilta.com\/it\/wp-json\/wp\/v2\/product_tag?post=1991814"}],"curies":[{"name":"wp","href":"https:\/\/api.w.org\/{rel}","templated":true}]}}