{"id":1992165,"date":"2022-06-15T08:58:33","date_gmt":"2022-06-15T06:58:33","guid":{"rendered":"https:\/\/de.tilta.com\/shop\/tilta-pd-v-mount-battery-baseplate-arca-nero\/"},"modified":"2025-12-05T12:52:27","modified_gmt":"2025-12-05T11:52:27","slug":"tiltaing-smart-v-mount-battery-baseplate-arca-black","status":"publish","type":"product","link":"https:\/\/eu.tilta.com\/it\/shop\/tiltaing-smart-v-mount-battery-baseplate-arca-black\/","title":{"rendered":"Tilta PD V Mount Battery Baseplate (ARCA) &#8211; Nero"},"content":{"rendered":"<p>Questa base per batteria con montaggio a V Tilta PD si collega alle gabbie delle videocamere tramite una connessione ARCA.<\/p>\n<p>Questa piastra portabatterie \u00e8 dotata di (2) porte P-Tap da 14,8 V, (1) porta USB-C da 5 V e (1) porta USB-C PD da 60 W che consente alla piastra portabatterie di regolare la tensione necessaria per l&#8217;accessorio a cui \u00e8 collegata.<\/p>\n<p>In questo modo potrai stare tranquillo quando alimenterai la tua fotocamera o i tuoi accessori, perch\u00e9 non dovrai affidarti esclusivamente a cavi di alimentazione regolati per assicurarti che il tuo dispositivo riceva il voltaggio corretto.<\/p>\n<p>L&#8217;altezza della base della batteria pu\u00f2 essere regolata per ospitare batterie V-Mount di diverse dimensioni e la distanza LWS Standard di 15 mm consente di rimuovere la piastra della batteria dalla base e di montarla tramite aste, se necessario.<\/p>\n<p>Il morsetto per il cavo USB-C incluso ti permette di fissare il cavo USB-C alla piastra della batteria, creando una connessione pi\u00f9 sicura e impedendo la disconnessione accidentale.<\/p>\n<p>Questa base \u00e8 compatibile con la nostra gabbia per fotocamera completa per Canon R5C e con qualsiasi corpo macchina o gabbia che possa essere collegata alla piastra a sgancio rapido standard ARCA inclusa.<\/p>\n<p><strong>NOTA: questa piastra di base \u00e8 basata sullo standard DJI per ARCA. La compatibilit\u00e0 con altre piastre a sgancio rapido ARCA non \u00e8 garantita.  <\/strong><\/p>\n","protected":false},"excerpt":{"rendered":"<p>Questa base per batteria con montaggio a V Tilta PD si collega alle gabbie delle videocamere tramite una connessione ARCA. Questa piastra portabatterie \u00e8 dotata di (2) porte P-Tap da 14,8 V, (1) porta USB-C da 5 V e (1) [&hellip;]<\/p>\n","protected":false},"featured_media":1992171,"comment_status":"closed","ping_status":"closed","template":"","meta":[],"product_cat":[1834,1837,1800,1833,1769,1831,1838,2255,2256],"product_tag":[],"acf":[],"gallery_images":[1923586,1923588],"_links":{"self":[{"href":"https:\/\/eu.tilta.com\/it\/wp-json\/wp\/v2\/product\/1992165"}],"collection":[{"href":"https:\/\/eu.tilta.com\/it\/wp-json\/wp\/v2\/product"}],"about":[{"href":"https:\/\/eu.tilta.com\/it\/wp-json\/wp\/v2\/types\/product"}],"replies":[{"embeddable":true,"href":"https:\/\/eu.tilta.com\/it\/wp-json\/wp\/v2\/comments?post=1992165"}],"wp:featuredmedia":[{"embeddable":true,"href":"https:\/\/eu.tilta.com\/it\/wp-json\/wp\/v2\/media\/1992171"}],"wp:attachment":[{"href":"https:\/\/eu.tilta.com\/it\/wp-json\/wp\/v2\/media?parent=1992165"}],"wp:term":[{"taxonomy":"product_cat","embeddable":true,"href":"https:\/\/eu.tilta.com\/it\/wp-json\/wp\/v2\/product_cat?post=1992165"},{"taxonomy":"product_tag","embeddable":true,"href":"https:\/\/eu.tilta.com\/it\/wp-json\/wp\/v2\/product_tag?post=1992165"}],"curies":[{"name":"wp","href":"https:\/\/api.w.org\/{rel}","templated":true}]}}