{"id":1992244,"date":"2022-05-18T09:54:46","date_gmt":"2022-05-18T07:54:46","guid":{"rendered":"https:\/\/de.tilta.com\/shop\/controller-senza-fili-per-dji-ronin\/"},"modified":"2025-12-05T12:52:39","modified_gmt":"2025-12-05T11:52:39","slug":"wireless-thumb-controller-for-dji-ronin","status":"publish","type":"product","link":"https:\/\/eu.tilta.com\/it\/shop\/wireless-thumb-controller-for-dji-ronin\/","title":{"rendered":"Controller senza fili per DJI Ronin"},"content":{"rendered":"<p>Questo controller wireless per DJI RS2 e RS3 Pro ti permette di controllare in modalit\u00e0 wireless il Ronin e un motore di messa a fuoco <a href=\"https:\/\/de.tilta.com\/shop\/nucleus-m-wireless-follow-focus\/\">Nucleus M<\/a> o <a href=\"https:\/\/de.tilta.com\/product-category\/lens-control-systems\/nucleus-nano-wireless-lens-control-system\/\">Nucleus Nano<\/a>.<\/p>\n<p>Questa unit\u00e0 \u00e8 progettata per essere montata sulla forcella del tuo Tilta Float tramite la staffa del monitor del sistema.<\/p>\n<p>Il controller si alimenta con <a href=\"https:\/\/www.bhphotovideo.com\/c\/product\/1498986-REG\/gopro_ajbat_001_rechargeable_li_ion_battery_for.html\/?ap=y&amp;ap=y&amp;smp=y&amp;smp=y&amp;lsft=BI%3A514&amp;gclid=Cj0KCQjwidSWBhDdARIsAIoTVb2qTaI2ceUdPUqS9Z6NSyfc3K5TrendVjlE4hcFNSmLOrQZTvZi0bMaAlyoEALw_wcB\">batterie Go Pro 5-8<\/a> e dispone di una porta USB-C che pu\u00f2 essere utilizzata per futuri aggiornamenti del firmware. Si consiglia di non alimentare l&#8217;unit\u00e0 tramite questa porta.<\/p>\n<p>Questo controller sostituisce quello incluso nel <a href=\"https:\/\/de.tilta.com\/shop\/tilta-float-handheld-gimbal-support-system\/\">sistema di supporto gimbal portatile Tilta Float<\/a> e pu\u00f2 essere utilizzato anche indipendentemente con il <a href=\"https:\/\/de.tilta.com\/shop\/wireless-control-receiver-module-for-rs-2\/\">modulo ricevitore di controllo wireless per RS 2<\/a>.<\/p>\n<p><strong>NOTA: La funzione di registrazione non \u00e8 compatibile con i motori della serie Nucleus.<\/strong><\/p>\n<p>RS3\/RS3 Pro: Il tasto M NON \u00e8 in grado di imitare la funzione del gimbal. Il tasto M di questa unit\u00e0 pu\u00f2 cambiare SOLO l&#8217;impostazione della modalit\u00e0.<\/p>\n","protected":false},"excerpt":{"rendered":"<p>Questo controller wireless per DJI RS2 e RS3 Pro ti permette di controllare in modalit\u00e0 wireless il Ronin e un motore di messa a fuoco Nucleus M o Nucleus Nano. Questa unit\u00e0 \u00e8 progettata per essere montata sulla forcella del [&hellip;]<\/p>\n","protected":false},"featured_media":1992259,"comment_status":"closed","ping_status":"closed","template":"","meta":[],"product_cat":[2318],"product_tag":[],"acf":[],"gallery_images":[1992261],"_links":{"self":[{"href":"https:\/\/eu.tilta.com\/it\/wp-json\/wp\/v2\/product\/1992244"}],"collection":[{"href":"https:\/\/eu.tilta.com\/it\/wp-json\/wp\/v2\/product"}],"about":[{"href":"https:\/\/eu.tilta.com\/it\/wp-json\/wp\/v2\/types\/product"}],"replies":[{"embeddable":true,"href":"https:\/\/eu.tilta.com\/it\/wp-json\/wp\/v2\/comments?post=1992244"}],"wp:featuredmedia":[{"embeddable":true,"href":"https:\/\/eu.tilta.com\/it\/wp-json\/wp\/v2\/media\/1992259"}],"wp:attachment":[{"href":"https:\/\/eu.tilta.com\/it\/wp-json\/wp\/v2\/media?parent=1992244"}],"wp:term":[{"taxonomy":"product_cat","embeddable":true,"href":"https:\/\/eu.tilta.com\/it\/wp-json\/wp\/v2\/product_cat?post=1992244"},{"taxonomy":"product_tag","embeddable":true,"href":"https:\/\/eu.tilta.com\/it\/wp-json\/wp\/v2\/product_tag?post=1992244"}],"curies":[{"name":"wp","href":"https:\/\/api.w.org\/{rel}","templated":true}]}}