{"id":1992485,"date":"2022-03-02T15:05:52","date_gmt":"2022-03-02T14:05:52","guid":{"rendered":"https:\/\/de.tilta.com\/shop\/set-di-binari-di-velocita\/"},"modified":"2025-12-05T12:53:07","modified_gmt":"2025-12-05T11:53:07","slug":"speed-rail-set","status":"publish","type":"product","link":"https:\/\/eu.tilta.com\/it\/shop\/speed-rail-set\/","title":{"rendered":"Set di binari di velocit\u00e0"},"content":{"rendered":"<p>Questo kit \u00e8 la base di ci\u00f2 che ti servir\u00e0 per costruire dei binari di velocit\u00e0 personalizzati per supportare diversi bracci ammortizzanti in molteplici configurazioni.<\/p>\n<p>Il kit comprende 6 pezzi di Speed Rail da 50 mm, di due dimensioni diverse, che possono essere utilizzati da soli o interconnessi per creare pezzi pi\u00f9 lunghi per esigenze specifiche di rigging.<\/p>\n<p>Questo kit sostituisce la rotaia Speed Rail inclusa nel <a href=\"https:\/\/de.tilta.com\/shop\/speed-rail-car-mounting-kit\/\">kit di montaggio Speed Rail Car<\/a> e pu\u00f2 essere utilizzato anche con il kit originale per costruire impianti pi\u00f9 grandi.<\/p>\n<p>Dimensioni: (Diametro esterno x Diametro interno x Lunghezza)<\/p>\n<p>Binario lungo &#8211; 50 x 46 x 730 mm<\/p>\n<p>Binario corto &#8211; 50 x 46 x 355 mm<\/p>\n","protected":false},"excerpt":{"rendered":"<p>Questo kit \u00e8 la base di ci\u00f2 che ti servir\u00e0 per costruire dei binari di velocit\u00e0 personalizzati per supportare diversi bracci ammortizzanti in molteplici configurazioni. Il kit comprende 6 pezzi di Speed Rail da 50 mm, di due dimensioni diverse, [&hellip;]<\/p>\n","protected":false},"featured_media":1992489,"comment_status":"closed","ping_status":"closed","template":"","meta":[],"product_cat":[2131],"product_tag":[],"acf":[],"gallery_images":[],"_links":{"self":[{"href":"https:\/\/eu.tilta.com\/it\/wp-json\/wp\/v2\/product\/1992485"}],"collection":[{"href":"https:\/\/eu.tilta.com\/it\/wp-json\/wp\/v2\/product"}],"about":[{"href":"https:\/\/eu.tilta.com\/it\/wp-json\/wp\/v2\/types\/product"}],"replies":[{"embeddable":true,"href":"https:\/\/eu.tilta.com\/it\/wp-json\/wp\/v2\/comments?post=1992485"}],"wp:featuredmedia":[{"embeddable":true,"href":"https:\/\/eu.tilta.com\/it\/wp-json\/wp\/v2\/media\/1992489"}],"wp:attachment":[{"href":"https:\/\/eu.tilta.com\/it\/wp-json\/wp\/v2\/media?parent=1992485"}],"wp:term":[{"taxonomy":"product_cat","embeddable":true,"href":"https:\/\/eu.tilta.com\/it\/wp-json\/wp\/v2\/product_cat?post=1992485"},{"taxonomy":"product_tag","embeddable":true,"href":"https:\/\/eu.tilta.com\/it\/wp-json\/wp\/v2\/product_tag?post=1992485"}],"curies":[{"name":"wp","href":"https:\/\/api.w.org\/{rel}","templated":true}]}}