{"id":1992559,"date":"2022-03-01T14:35:51","date_gmt":"2022-03-01T13:35:51","guid":{"rendered":"https:\/\/de.tilta.com\/shop\/tilta-float-dual-handle-support-system\/"},"modified":"2026-02-17T13:49:13","modified_gmt":"2026-02-17T12:49:13","slug":"tilta-float-dual-handle-support-system","status":"publish","type":"product","link":"https:\/\/eu.tilta.com\/it\/shop\/tilta-float-dual-handle-support-system\/","title":{"rendered":"Sistema di supporto a doppia impugnatura Tilta Float"},"content":{"rendered":"<p><strong>NOTA BENE: il palo galleggiante non pu\u00f2 essere acquistato separatamente. L&#8217;UNICO modo per acquistare il palo per il Float \u00e8 il <a href=\"https:\/\/de.tilta.com\/shop\/tilta-float-handheld-gimbal-support-system\/\">sistema di supporto Gimbal portatile<\/a> completo.<\/strong><\/p>\n<p>Questa variante del kit galleggiante originale Tilta \u00e8 stata progettata specificamente per supportare la staffa di alimentazione a doppia impugnatura per RS2, offrendo maggiore stabilit\u00e0 e comfort durante il funzionamento.<\/p>\n<p>Questo kit include l&#8217;imbragatura di supporto, il braccio di stabilizzazione e la custodia per il trasporto del kit originale, e presenta di nuovo la staffa di alimentazione a doppia impugnatura, l&#8217;impugnatura del telecomando RS2 e l&#8217;adattatore Manfrotto.<\/p>\n<p>Questo adattatore ti permette di montare il tuo sistema Dual Handle direttamente sul braccio di stabilizzazione Tilta Float, per un&#8217;esperienza di ripresa cardanica pi\u00f9 controllata e confortevole.<\/p>\n<p>Questo adattatore \u00e8 stato sviluppato in collaborazione con l&#8217;esperto di modifiche <a href=\"https:\/\/www.facebook.com\/groups\/1398011240547585\/\">del<\/a> nostro <a href=\"https:\/\/www.facebook.com\/groups\/1398011240547585\/\">DJI Ecosystem User Group<\/a>, Vaho Mat, che ha aiutato gli utenti della nostra comunit\u00e0 in rapida crescita a espandere le funzionalit\u00e0 dei loro rig RS2.<\/p>\n<p>La staffa di alimentazione a doppia impugnatura ti permette di alimentare la tua RS2 con una batteria Gold o V-Mount, garantendoti una maggiore stabilit\u00e0, e dispone di diversi punti di montaggio per agganciare gli accessori.<\/p>\n<p>La staffa di alimentazione consente di montare l&#8217;impugnatura della batteria dell&#8217;RS2 per una maggiore durata della batteria sul lato sinistro della staffa, mentre le filettature e l&#8217;adattatore NATO sul lato destro consentono di montare l&#8217;impugnatura del telecomando inclusa.<\/p>\n<p>Questa maniglia ti permette di controllare la panoramica e l&#8217;inclinazione della tua RS2, oltre a impostazioni aggiuntive come l&#8217;arresto della corsa e le funzioni fotografiche della tua fotocamera.<\/p>\n<p>La rotella di messa a fuoco dell&#8217;impugnatura ti permette di controllare in modalit\u00e0 wireless un motore di controllo dell&#8217;obiettivo DJI o della serie Nucleus.<\/p>\n<p>Il braccio stabilizzatore a molla e il gilet di supporto del Float sono progettati per ridistribuire il peso pi\u00f9 vicino al corpo, consentendoti di utilizzare il rig pi\u00f9 a lungo rispetto alle configurazioni cardaniche tradizionali.<\/p>\n<p>Il nuovo adattatore Manfrotto utilizza una piastra Manfrotto di dimensioni standard, che ti permette di passare rapidamente da una testa per treppiede Manfrotto compatibile al braccio Tilta Float.<\/p>\n<p>Questo adattatore pu\u00f2 essere utilizzato anche direttamente con i corpi macchina quando non si utilizza la staffa a doppia impugnatura, in quanto pu\u00f2 offrire un maggiore comfort durante il funzionamento e una maggiore stabilit\u00e0, producendo un look organico a mano libera.<\/p>\n<p>&nbsp;<\/p>\n","protected":false},"excerpt":{"rendered":"<p>NOTA BENE: il palo galleggiante non pu\u00f2 essere acquistato separatamente. L&#8217;UNICO modo per acquistare il palo per il Float \u00e8 il sistema di supporto Gimbal portatile completo. Questa variante del kit galleggiante originale Tilta \u00e8 stata progettata specificamente per supportare [&hellip;]<\/p>\n","protected":false},"featured_media":1992585,"comment_status":"closed","ping_status":"closed","template":"","meta":[],"product_cat":[2318,2319],"product_tag":[],"acf":[],"gallery_images":[1992586,1992587,1992589],"_links":{"self":[{"href":"https:\/\/eu.tilta.com\/it\/wp-json\/wp\/v2\/product\/1992559"}],"collection":[{"href":"https:\/\/eu.tilta.com\/it\/wp-json\/wp\/v2\/product"}],"about":[{"href":"https:\/\/eu.tilta.com\/it\/wp-json\/wp\/v2\/types\/product"}],"replies":[{"embeddable":true,"href":"https:\/\/eu.tilta.com\/it\/wp-json\/wp\/v2\/comments?post=1992559"}],"wp:featuredmedia":[{"embeddable":true,"href":"https:\/\/eu.tilta.com\/it\/wp-json\/wp\/v2\/media\/1992585"}],"wp:attachment":[{"href":"https:\/\/eu.tilta.com\/it\/wp-json\/wp\/v2\/media?parent=1992559"}],"wp:term":[{"taxonomy":"product_cat","embeddable":true,"href":"https:\/\/eu.tilta.com\/it\/wp-json\/wp\/v2\/product_cat?post=1992559"},{"taxonomy":"product_tag","embeddable":true,"href":"https:\/\/eu.tilta.com\/it\/wp-json\/wp\/v2\/product_tag?post=1992559"}],"curies":[{"name":"wp","href":"https:\/\/api.w.org\/{rel}","templated":true}]}}