{"id":1992686,"date":"2022-02-28T17:31:07","date_gmt":"2022-02-28T16:31:07","guid":{"rendered":"https:\/\/de.tilta.com\/shop\/vassoio-portafiltri-circolare-ruotabile-per-tilta-mirage\/"},"modified":"2026-02-02T16:56:59","modified_gmt":"2026-02-02T15:56:59","slug":"rotatable-circular-filter-tray-for-tilta-mirage","status":"publish","type":"product","link":"https:\/\/eu.tilta.com\/it\/shop\/rotatable-circular-filter-tray-for-tilta-mirage\/","title":{"rendered":"Vassoio portafiltri circolare ruotabile per Tilta Mirage"},"content":{"rendered":"<p>Questo vassoio per filtri circolari ruotabili per Tilta Mirage ti permette di ruotare qualsiasi filtro circolare da 95 mm come se fosse uno dei moduli ruotabili.<\/p>\n<p>Questa \u00e8 la soluzione perfetta per regolare con precisione l&#8217;angolo del nostro <a href=\"https:\/\/de.tilta.com\/shop\/vaxis-%cf%8695-polarizing-filter\/\">filtro polarizzatore da 95 mm<\/a>, che aiuta a migliorare l&#8217;accuratezza dei colori limitando la luce riflessa e prevenendo l&#8217;abbagliamento indesiderato causato da superfici riflettenti come l&#8217;acqua o il vetro.<\/p>\n<p>Questo vassoio per filtri \u00e8 anche un&#8217;ottima opzione per regolare l&#8217;orizzonte di alcuni dei nostri filtri ad effetto, come il <a href=\"https:\/\/de.tilta.com\/shop\/vaxis-%cf%8695-streak-filter\/\">filtro Streak da 95 mm<\/a>, assicurando che i bagliori siano sempre in piano nell&#8217;immagine.<\/p>\n<p>L&#8217;ingranaggio regolabile sulla parte superiore del filtro pu\u00f2 essere ruotato manualmente o pu\u00f2 essere migliorato per ottenere regolazioni pi\u00f9 comode e precise tramite la nostra<a href=\"https:\/\/de.tilta.com\/shop\/advanced-control-knob-for-tilta-mirage\/\"> manopola di controllo avanzata<\/a>.<\/p>\n<p>Questo vassoio filtrante pu\u00f2 anche essere controllato in modalit\u00e0 wireless tramite un motore Nucleus Nano e il nostro <a href=\"https:\/\/de.tilta.com\/shop\/nucleus-nano-motor-adapter-for-tilta-mirage\/\">adattatore Nano Motor<\/a> o tramite il <a href=\"https:\/\/de.tilta.com\/shop\/wireless-motor-for-tilta-mirage\/\">motore wireless per Tilta Mirage<\/a>.<\/p>\n","protected":false},"excerpt":{"rendered":"<p>Questo vassoio per filtri circolari ruotabili per Tilta Mirage ti permette di ruotare qualsiasi filtro circolare da 95 mm come se fosse uno dei moduli ruotabili. Questa \u00e8 la soluzione perfetta per regolare con precisione l&#8217;angolo del nostro filtro polarizzatore [&hellip;]<\/p>\n","protected":false},"featured_media":1992693,"comment_status":"closed","ping_status":"closed","template":"","meta":[],"product_cat":[2013],"product_tag":[],"acf":[],"gallery_images":[1992695,1992697],"_links":{"self":[{"href":"https:\/\/eu.tilta.com\/it\/wp-json\/wp\/v2\/product\/1992686"}],"collection":[{"href":"https:\/\/eu.tilta.com\/it\/wp-json\/wp\/v2\/product"}],"about":[{"href":"https:\/\/eu.tilta.com\/it\/wp-json\/wp\/v2\/types\/product"}],"replies":[{"embeddable":true,"href":"https:\/\/eu.tilta.com\/it\/wp-json\/wp\/v2\/comments?post=1992686"}],"wp:featuredmedia":[{"embeddable":true,"href":"https:\/\/eu.tilta.com\/it\/wp-json\/wp\/v2\/media\/1992693"}],"wp:attachment":[{"href":"https:\/\/eu.tilta.com\/it\/wp-json\/wp\/v2\/media?parent=1992686"}],"wp:term":[{"taxonomy":"product_cat","embeddable":true,"href":"https:\/\/eu.tilta.com\/it\/wp-json\/wp\/v2\/product_cat?post=1992686"},{"taxonomy":"product_tag","embeddable":true,"href":"https:\/\/eu.tilta.com\/it\/wp-json\/wp\/v2\/product_tag?post=1992686"}],"curies":[{"name":"wp","href":"https:\/\/api.w.org\/{rel}","templated":true}]}}