{"id":1992785,"date":"2022-03-04T10:07:58","date_gmt":"2022-03-04T09:07:58","guid":{"rendered":"https:\/\/de.tilta.com\/shop\/kit-di-montaggio-per-auto-speed-rail\/"},"modified":"2025-12-05T12:53:58","modified_gmt":"2025-12-05T11:53:58","slug":"speed-rail-car-mounting-kit","status":"publish","type":"product","link":"https:\/\/eu.tilta.com\/it\/shop\/speed-rail-car-mounting-kit\/","title":{"rendered":"Kit di montaggio per auto Speed Rail"},"content":{"rendered":"<p>Armate il vostro veicolo con il kit di montaggio per auto Speed Rail, progettato per l&#8217;Hydra Predator e altri bracci ammortizzatori montati su auto!<\/p>\n<p>Questo kit ti permette di costruire binari di velocit\u00e0 personalizzati per supportare diversi bracci ammortizzanti in molteplici configurazioni.<\/p>\n<p>Il kit \u00e8 composto da 6 pezzi di rotaia di velocit\u00e0, di due dimensioni diverse, che possono essere utilizzati da soli o interconnessi per creare pezzi pi\u00f9 lunghi per esigenze specifiche di sartiame.<\/p>\n<p>I 4 morsetti di montaggio regolabili ti permettono di collegare lo speed rail in quasi tutte le configurazioni.<\/p>\n<p>Il kit comprende 4 ventose ad alta capacit\u00e0, ognuna delle quali \u00e8 in grado di sostenere 50 kg o circa 110 libbre.<\/p>\n<p>Queste ventose si collegano al binario di velocit\u00e0 tramite morsetti regolabili, consentendo di posizionarle in quasi tutte le posizioni per adattarsi facilmente alla maggior parte dei veicoli.<\/p>\n<p>L&#8217;utilizzo di 4 ventose ti permette di costruire una base incredibilmente stabile su cui montare bracci ammortizzanti o altre attrezzature.<\/p>\n<p>L&#8217;adattatore per gancio di traino anteriore incluso ti permette di collegare il sistema a qualsiasi veicolo che abbia gi\u00e0 questo punto di montaggio. che aiuta a creare una connessione sicura che non si basa solo sull&#8217;aspirazione.<\/p>\n<p>Dimensioni: (Diametro esterno x Diametro interno x Lunghezza)<\/p>\n<p>Binario lungo &#8211; 50 x 46 x 730 mm<\/p>\n<p>Binario corto &#8211; 50 x 46 x 355 mm<\/p>\n<p>&nbsp;<\/p>\n","protected":false},"excerpt":{"rendered":"<p>Armate il vostro veicolo con il kit di montaggio per auto Speed Rail, progettato per l&#8217;Hydra Predator e altri bracci ammortizzatori montati su auto! Questo kit ti permette di costruire binari di velocit\u00e0 personalizzati per supportare diversi bracci ammortizzanti in [&hellip;]<\/p>\n","protected":false},"featured_media":1992792,"comment_status":"closed","ping_status":"closed","template":"","meta":[],"product_cat":[3238,1904,2131,1906],"product_tag":[],"acf":[],"gallery_images":[1992793,1992795,1992796],"_links":{"self":[{"href":"https:\/\/eu.tilta.com\/it\/wp-json\/wp\/v2\/product\/1992785"}],"collection":[{"href":"https:\/\/eu.tilta.com\/it\/wp-json\/wp\/v2\/product"}],"about":[{"href":"https:\/\/eu.tilta.com\/it\/wp-json\/wp\/v2\/types\/product"}],"replies":[{"embeddable":true,"href":"https:\/\/eu.tilta.com\/it\/wp-json\/wp\/v2\/comments?post=1992785"}],"wp:featuredmedia":[{"embeddable":true,"href":"https:\/\/eu.tilta.com\/it\/wp-json\/wp\/v2\/media\/1992792"}],"wp:attachment":[{"href":"https:\/\/eu.tilta.com\/it\/wp-json\/wp\/v2\/media?parent=1992785"}],"wp:term":[{"taxonomy":"product_cat","embeddable":true,"href":"https:\/\/eu.tilta.com\/it\/wp-json\/wp\/v2\/product_cat?post=1992785"},{"taxonomy":"product_tag","embeddable":true,"href":"https:\/\/eu.tilta.com\/it\/wp-json\/wp\/v2\/product_tag?post=1992785"}],"curies":[{"name":"wp","href":"https:\/\/api.w.org\/{rel}","templated":true}]}}