{"id":1992787,"date":"2022-02-23T10:08:24","date_gmt":"2022-02-23T09:08:24","guid":{"rendered":"https:\/\/de.tilta.com\/shop\/camera-cage-for-panasonic-gh6-pro-kit-black\/"},"modified":"2025-12-05T12:53:59","modified_gmt":"2025-12-05T11:53:59","slug":"camera-cage-for-panasonic-gh6-pro-kit-black","status":"publish","type":"product","link":"https:\/\/eu.tilta.com\/it\/shop\/camera-cage-for-panasonic-gh6-pro-kit-black\/","title":{"rendered":"Gabbia per Panasonic GH6 Pro Kit &#8211; Nero"},"content":{"rendered":"<p>Questo kit di gabbia per fotocamera offre un&#8217;armatura protettiva per la Panasonic Lumix GH6 e include molti accessori necessari che ampliano notevolmente le funzionalit\u00e0 della GH6.<\/p>\n<p>La gabbia \u00e8 dotata di pi\u00f9 ricevitori a freddo, di una connessione a rosetta e di filettature da \u00bc&#8221;-20 con e senza perni di fissaggio.<\/p>\n<p>Troverai anche diversi attacchi per binari NATO per montare l&#8217;impugnatura di alimentazione laterale inclusa o l&#8217;impugnatura superiore compatta NATO.<\/p>\n<p>Questa maniglia Top offre diversi punti di montaggio da 1\/4&#8243;-20 e 3\/8&#8243;-16, oltre a un punto di montaggio a scarpa fredda sulla parte anteriore della maniglia.<\/p>\n<p>L&#8217;impugnatura di alimentazione laterale \u00e8 dotata di comode uscite di alimentazione USB-C e Micro DC, oltre a offrire un funzionamento pi\u00f9 fluido grazie a un modo comodo di azionare il sistema e a un cavo Run Stop incluso, utilizzato per attivare la registrazione attraverso l&#8217;impugnatura.<\/p>\n<p>La gabbia pu\u00f2 essere utilizzata insieme alla nostra <a href=\"https:\/\/de.tilta.com\/shop\/tiltaing-adjustable-top-handle\/\">impugnatura superiore regolabile<\/a> opzionale per passare facilmente dalla configurazione di ripresa orizzontale a quella verticale.<\/p>\n<p>La parte inferiore della gabbia si collega al corpo macchina tramite due punti di contatto e utilizza un ulteriore punto di contatto tramite l&#8217;attacco di sicurezza, che si trova vicino all&#8217;impugnatura destra della fotocamera.<\/p>\n<p>La base della gabbia offre anche alcune opzioni di montaggio per fissare la fotocamera a diverse piastre a sgancio rapido e supporta in modo nativo la piastra di base LWS di tipo I da 15 mm inclusa.<\/p>\n<p>Questa base e le due aste da 15 mm incluse ti permettono di utilizzare accessori basati su aste come le <a href=\"https:\/\/de.tilta.com\/product-category\/matte-boxes\/\">matte box<\/a> o i <a href=\"https:\/\/de.tilta.com\/product-category\/lens-control-systems\/\">sistemi di follow focus<\/a> e possono essere fissate in modo nativo alle nostre <a href=\"https:\/\/de.tilta.com\/shop\/10-lightweight-dovetail-plate-tt-c16\/\">code di rondine standard Tilta<\/a>.<\/p>\n<p>La piastra inferiore offre un accesso completo al vano batterie e comprende anche una fessura per il cacciavite magnetico in dotazione.<\/p>\n<p>La base di questa gabbia pu\u00f2 anche essere collegata in modo nativo al DJI RS2, quando non si utilizza la piastra inferiore aggiuntiva.<\/p>\n<p>La gabbia presenta diversi punti di montaggio per i <a href=\"https:\/\/de.tilta.com\/product-category\/accessories\/rod-rod-holders\/\">supporti per aste singole da 15 mm<\/a> opzionali, che sono un&#8217;ottima soluzione leggera per fissare accessori come i motori follow focus tramite un&#8217;asta da 15 mm.<\/p>\n<p>Questo kit comprende anche un adattatore HDMI maschio-femmina e un morsetto HDMI che ti permette di fissare il cavo HDMI alla gabbia della fotocamera.<\/p>\n","protected":false},"excerpt":{"rendered":"<p>Questo kit di gabbia per fotocamera offre un&#8217;armatura protettiva per la Panasonic Lumix GH6 e include molti accessori necessari che ampliano notevolmente le funzionalit\u00e0 della GH6. La gabbia \u00e8 dotata di pi\u00f9 ricevitori a freddo, di una connessione a rosetta [&hellip;]<\/p>\n","protected":false},"featured_media":1992797,"comment_status":"closed","ping_status":"closed","template":"","meta":[],"product_cat":[1760],"product_tag":[],"acf":[],"gallery_images":[1917880,1917881,1924801,1924802,1924803],"_links":{"self":[{"href":"https:\/\/eu.tilta.com\/it\/wp-json\/wp\/v2\/product\/1992787"}],"collection":[{"href":"https:\/\/eu.tilta.com\/it\/wp-json\/wp\/v2\/product"}],"about":[{"href":"https:\/\/eu.tilta.com\/it\/wp-json\/wp\/v2\/types\/product"}],"replies":[{"embeddable":true,"href":"https:\/\/eu.tilta.com\/it\/wp-json\/wp\/v2\/comments?post=1992787"}],"wp:featuredmedia":[{"embeddable":true,"href":"https:\/\/eu.tilta.com\/it\/wp-json\/wp\/v2\/media\/1992797"}],"wp:attachment":[{"href":"https:\/\/eu.tilta.com\/it\/wp-json\/wp\/v2\/media?parent=1992787"}],"wp:term":[{"taxonomy":"product_cat","embeddable":true,"href":"https:\/\/eu.tilta.com\/it\/wp-json\/wp\/v2\/product_cat?post=1992787"},{"taxonomy":"product_tag","embeddable":true,"href":"https:\/\/eu.tilta.com\/it\/wp-json\/wp\/v2\/product_tag?post=1992787"}],"curies":[{"name":"wp","href":"https:\/\/api.w.org\/{rel}","templated":true}]}}