{"id":1992924,"date":"2022-03-01T14:34:03","date_gmt":"2022-03-01T13:34:03","guid":{"rendered":"https:\/\/de.tilta.com\/shop\/sistema-di-supporto-portatile-tilta-float\/"},"modified":"2026-02-11T06:56:17","modified_gmt":"2026-02-11T05:56:17","slug":"tilta-float-handheld-support-system","status":"publish","type":"product","link":"https:\/\/eu.tilta.com\/it\/shop\/tilta-float-handheld-support-system\/","title":{"rendered":"Sistema di supporto portatile Tilta Float"},"content":{"rendered":"<p><strong>NOTA BENE: il palo galleggiante non pu\u00f2 essere acquistato separatamente. L&#8217;UNICO modo per acquistare il palo per il Float \u00e8 il <a href=\"https:\/\/tilta.com\/shop\/tilta-float-handheld-gimbal-support-system\/\">sistema di supporto Gimbal portatile<\/a> completo.<\/strong><\/p>\n<p>Questa variante dell&#8217;originale Tilta Float Kit \u00e8 stata progettata appositamente per supportare le fotocamere in configurazioni palmari senza un gimbal RS2.<\/p>\n<p>Questo kit include il gilet di supporto, il braccio di stabilizzazione e la custodia per il trasporto del kit originale e presenta il nuovo adattatore Manfrotto specifico per il rigging a mano.<\/p>\n<p>Questo adattatore ti permette di montare il tuo sistema fotografico direttamente sul braccio di stabilizzazione Tilta Float, che offre un&#8217;esperienza di ripresa a mano pi\u00f9 controllata e confortevole.<\/p>\n<p>Questo adattatore utilizza una piastra Manfrotto di dimensioni standard, che ti permette di passare rapidamente da una testa di treppiede Manfrotto compatibile al braccio flottante Tilta.<\/p>\n<p>Questo adattatore \u00e8 stato sviluppato in collaborazione con l&#8217;esperto di modifiche <a href=\"https:\/\/www.facebook.com\/groups\/1398011240547585\/\">del<\/a> nostro <a href=\"https:\/\/www.facebook.com\/groups\/1398011240547585\/\">DJI Ecosystem User Group<\/a>, Vaho Mat, che ha aiutato gli utenti della nostra comunit\u00e0 in rapida crescita a espandere le funzionalit\u00e0 dei loro rig RS2.<\/p>\n<p>Questo kit \u00e8 l&#8217;opzione perfetta per supportare il DJI Ronin 4D, consentendoti di stabilizzare meglio e di utilizzare comodamente la videocamera pi\u00f9 a lungo, sfruttando al massimo la stabilizzazione integrata del 4D.<\/p>\n<p>Questo adattatore pu\u00f2 essere utilizzato anche per altri sistemi di fotocamere, in quanto offre un supporto per riprese a mano pi\u00f9 comode per lunghi periodi di tempo.<\/p>\n<p>Il braccio stabilizzatore a molla e il gilet di supporto sono progettati per ridistribuire il peso pi\u00f9 vicino al corpo, permettendoti di utilizzare il rig pi\u00f9 a lungo rispetto alle tradizionali configurazioni manuali.<\/p>\n<p>Il supporto per la parte bassa della schiena distribuisce ulteriormente il peso, garantendo un utilizzo confortevole per qualsiasi durata.<\/p>\n<p>Questo nuovo kit Tilta Float ti permetter\u00e0 di sfruttare appieno il braccio Float per ottenere un maggiore comfort durante il funzionamento e una maggiore stabilit\u00e0, producendo un look organico da palmare.<\/p>\n","protected":false},"excerpt":{"rendered":"<p>NOTA BENE: il palo galleggiante non pu\u00f2 essere acquistato separatamente. L&#8217;UNICO modo per acquistare il palo per il Float \u00e8 il sistema di supporto Gimbal portatile completo. Questa variante dell&#8217;originale Tilta Float Kit \u00e8 stata progettata appositamente per supportare le [&hellip;]<\/p>\n","protected":false},"featured_media":1992934,"comment_status":"closed","ping_status":"closed","template":"","meta":[],"product_cat":[2318,2319],"product_tag":[],"acf":[],"gallery_images":[1992936,1992937,1992938],"_links":{"self":[{"href":"https:\/\/eu.tilta.com\/it\/wp-json\/wp\/v2\/product\/1992924"}],"collection":[{"href":"https:\/\/eu.tilta.com\/it\/wp-json\/wp\/v2\/product"}],"about":[{"href":"https:\/\/eu.tilta.com\/it\/wp-json\/wp\/v2\/types\/product"}],"replies":[{"embeddable":true,"href":"https:\/\/eu.tilta.com\/it\/wp-json\/wp\/v2\/comments?post=1992924"}],"wp:featuredmedia":[{"embeddable":true,"href":"https:\/\/eu.tilta.com\/it\/wp-json\/wp\/v2\/media\/1992934"}],"wp:attachment":[{"href":"https:\/\/eu.tilta.com\/it\/wp-json\/wp\/v2\/media?parent=1992924"}],"wp:term":[{"taxonomy":"product_cat","embeddable":true,"href":"https:\/\/eu.tilta.com\/it\/wp-json\/wp\/v2\/product_cat?post=1992924"},{"taxonomy":"product_tag","embeddable":true,"href":"https:\/\/eu.tilta.com\/it\/wp-json\/wp\/v2\/product_tag?post=1992924"}],"curies":[{"name":"wp","href":"https:\/\/api.w.org\/{rel}","templated":true}]}}