{"id":1993151,"date":"2022-01-13T08:49:58","date_gmt":"2022-01-13T07:49:58","guid":{"rendered":"https:\/\/de.tilta.com\/shop\/top-handle-extension-for-red-v-raptor-komodo-x\/"},"modified":"2025-12-05T12:54:39","modified_gmt":"2025-12-05T11:54:39","slug":"top-handle-extension-for-red-v-raptor","status":"publish","type":"product","link":"https:\/\/eu.tilta.com\/it\/shop\/top-handle-extension-for-red-v-raptor\/","title":{"rendered":"Estensione della maniglia superiore per RED V-RAPTOR \/ KOMODO-X"},"content":{"rendered":"<p>Questa prolunga per RED V-RAPTOR ti permette di estendere l&#8217;impugnatura superiore, offrendo punti di montaggio aggiuntivi e una maggiore flessibilit\u00e0 durante la movimentazione.<\/p>\n<p>Questa estensione comprende una sezione rimovibile che allunga ulteriormente il manico, se necessario, per ospitare batterie pi\u00f9 grandi.<\/p>\n<p>Il design curvo di questa estensione dell&#8217;impugnatura \u00e8 un&#8217;ottima opzione per ampliare le modalit\u00e0 di utilizzo della fotocamera, in particolare per le angolazioni pi\u00f9 basse.<\/p>\n","protected":false},"excerpt":{"rendered":"<p>Questa prolunga per RED V-RAPTOR ti permette di estendere l&#8217;impugnatura superiore, offrendo punti di montaggio aggiuntivi e una maggiore flessibilit\u00e0 durante la movimentazione. Questa estensione comprende una sezione rimovibile che allunga ulteriormente il manico, se necessario, per ospitare batterie pi\u00f9 [&hellip;]<\/p>\n","protected":false},"featured_media":1993168,"comment_status":"closed","ping_status":"closed","template":"","meta":[],"product_cat":[3231,1868,1807,1756,2176],"product_tag":[],"acf":[],"gallery_images":[1993170],"_links":{"self":[{"href":"https:\/\/eu.tilta.com\/it\/wp-json\/wp\/v2\/product\/1993151"}],"collection":[{"href":"https:\/\/eu.tilta.com\/it\/wp-json\/wp\/v2\/product"}],"about":[{"href":"https:\/\/eu.tilta.com\/it\/wp-json\/wp\/v2\/types\/product"}],"replies":[{"embeddable":true,"href":"https:\/\/eu.tilta.com\/it\/wp-json\/wp\/v2\/comments?post=1993151"}],"wp:featuredmedia":[{"embeddable":true,"href":"https:\/\/eu.tilta.com\/it\/wp-json\/wp\/v2\/media\/1993168"}],"wp:attachment":[{"href":"https:\/\/eu.tilta.com\/it\/wp-json\/wp\/v2\/media?parent=1993151"}],"wp:term":[{"taxonomy":"product_cat","embeddable":true,"href":"https:\/\/eu.tilta.com\/it\/wp-json\/wp\/v2\/product_cat?post=1993151"},{"taxonomy":"product_tag","embeddable":true,"href":"https:\/\/eu.tilta.com\/it\/wp-json\/wp\/v2\/product_tag?post=1993151"}],"curies":[{"name":"wp","href":"https:\/\/api.w.org\/{rel}","templated":true}]}}