{"id":1993992,"date":"2021-10-27T13:12:20","date_gmt":"2021-10-27T11:12:20","guid":{"rendered":"https:\/\/de.tilta.com\/shop\/portafiltri-impilabile-4x565-per-tilta-mirage\/"},"modified":"2025-12-26T09:41:21","modified_gmt":"2025-12-26T08:41:21","slug":"4x5-65-stackable-filter-tray-holder-for-tilta-mirage","status":"publish","type":"product","link":"https:\/\/eu.tilta.com\/it\/shop\/4x5-65-stackable-filter-tray-holder-for-tilta-mirage\/","title":{"rendered":"Portafiltri impilabile 4&#215;5,65 per Tilta Mirage"},"content":{"rendered":"<p>Questo supporto per vassoio portafiltri impilabile sostituisce il cappuccio di gomma della scatola opaca Tilta Mirage e ti permette di fissare un <a href=\"https:\/\/de.tilta.com\/shop\/4x5-65-stackable-filter-tray-for-tilta-mirage\/\">vassoio portafiltri impilabile 4&#215;5,65<\/a><strong>(non incluso<\/strong>) davanti all&#8217;obiettivo.<\/p>\n<p>Questo supporto per vassoio portafiltri pu\u00f2 essere utilizzato insieme a pi\u00f9 vassoi portafiltri impilabili 4\u00d75,65, consentendo di montare tutti i filtri 4&#215;5,65 necessari.<\/p>\n<p><strong>*Per montare un filtro \u00e8 necessario un vassoio 4&#215;5,65*.<\/strong><\/p>\n<p><strong>NOTA: non pu\u00f2 essere utilizzato con il cappuccio di gomma.  <\/strong><\/p>\n<p>&nbsp;<\/p>\n","protected":false},"excerpt":{"rendered":"<p>Questo supporto per vassoio portafiltri impilabile sostituisce il cappuccio di gomma della scatola opaca Tilta Mirage e ti permette di fissare un vassoio portafiltri impilabile 4&#215;5,65(non incluso) davanti all&#8217;obiettivo. Questo supporto per vassoio portafiltri pu\u00f2 essere utilizzato insieme a pi\u00f9 [&hellip;]<\/p>\n","protected":false},"featured_media":1994009,"comment_status":"closed","ping_status":"closed","template":"","meta":[],"product_cat":[2013],"product_tag":[],"acf":[],"gallery_images":[1994012,1994014],"_links":{"self":[{"href":"https:\/\/eu.tilta.com\/it\/wp-json\/wp\/v2\/product\/1993992"}],"collection":[{"href":"https:\/\/eu.tilta.com\/it\/wp-json\/wp\/v2\/product"}],"about":[{"href":"https:\/\/eu.tilta.com\/it\/wp-json\/wp\/v2\/types\/product"}],"replies":[{"embeddable":true,"href":"https:\/\/eu.tilta.com\/it\/wp-json\/wp\/v2\/comments?post=1993992"}],"wp:featuredmedia":[{"embeddable":true,"href":"https:\/\/eu.tilta.com\/it\/wp-json\/wp\/v2\/media\/1994009"}],"wp:attachment":[{"href":"https:\/\/eu.tilta.com\/it\/wp-json\/wp\/v2\/media?parent=1993992"}],"wp:term":[{"taxonomy":"product_cat","embeddable":true,"href":"https:\/\/eu.tilta.com\/it\/wp-json\/wp\/v2\/product_cat?post=1993992"},{"taxonomy":"product_tag","embeddable":true,"href":"https:\/\/eu.tilta.com\/it\/wp-json\/wp\/v2\/product_tag?post=1993992"}],"curies":[{"name":"wp","href":"https:\/\/api.w.org\/{rel}","templated":true}]}}