{"id":1994338,"date":"2021-09-16T15:43:50","date_gmt":"2021-09-16T13:43:50","guid":{"rendered":"https:\/\/de.tilta.com\/shop\/supporto-lws-da-15-mm-per-tilta-mirage\/"},"modified":"2026-04-27T15:23:12","modified_gmt":"2026-04-27T13:23:12","slug":"15mm-lws-support-for-tilta-mirage","status":"publish","type":"product","link":"https:\/\/eu.tilta.com\/it\/shop\/15mm-lws-support-for-tilta-mirage\/","title":{"rendered":"Supporto LWS da 15 mm per Tilta Mirage"},"content":{"rendered":"<p>Il supporto LWS da 15 mm per Tilta Mirage ti permette di montare la Matte Box sul tuo sistema fotografico tramite due aste da 15 mm.<\/p>\n<p>Questa \u00e8 la soluzione perfetta per aggiungere un&#8217;ulteriore sicurezza quando il peso \u00e8 meno importante o quando si utilizzano obiettivi che non supportano la funzionalit\u00e0 di aggancio del Mirage.<\/p>\n","protected":false},"excerpt":{"rendered":"<p>Il supporto LWS da 15 mm per Tilta Mirage ti permette di montare la Matte Box sul tuo sistema fotografico tramite due aste da 15 mm. Questa \u00e8 la soluzione perfetta per aggiungere un&#8217;ulteriore sicurezza quando il peso \u00e8 meno [&hellip;]<\/p>\n","protected":false},"featured_media":1994341,"comment_status":"closed","ping_status":"closed","template":"","meta":[],"product_cat":[2013],"product_tag":[],"acf":[],"gallery_images":[1994342,1994343],"_links":{"self":[{"href":"https:\/\/eu.tilta.com\/it\/wp-json\/wp\/v2\/product\/1994338"}],"collection":[{"href":"https:\/\/eu.tilta.com\/it\/wp-json\/wp\/v2\/product"}],"about":[{"href":"https:\/\/eu.tilta.com\/it\/wp-json\/wp\/v2\/types\/product"}],"replies":[{"embeddable":true,"href":"https:\/\/eu.tilta.com\/it\/wp-json\/wp\/v2\/comments?post=1994338"}],"wp:featuredmedia":[{"embeddable":true,"href":"https:\/\/eu.tilta.com\/it\/wp-json\/wp\/v2\/media\/1994341"}],"wp:attachment":[{"href":"https:\/\/eu.tilta.com\/it\/wp-json\/wp\/v2\/media?parent=1994338"}],"wp:term":[{"taxonomy":"product_cat","embeddable":true,"href":"https:\/\/eu.tilta.com\/it\/wp-json\/wp\/v2\/product_cat?post=1994338"},{"taxonomy":"product_tag","embeddable":true,"href":"https:\/\/eu.tilta.com\/it\/wp-json\/wp\/v2\/product_tag?post=1994338"}],"curies":[{"name":"wp","href":"https:\/\/api.w.org\/{rel}","templated":true}]}}