{"id":1994383,"date":"2021-09-16T15:42:29","date_gmt":"2021-09-16T13:42:29","guid":{"rendered":"https:\/\/de.tilta.com\/shop\/nd-variabile-da-95-mm-per-tilta-mirage\/"},"modified":"2026-04-27T13:16:17","modified_gmt":"2026-04-27T11:16:17","slug":"95mm-variable-nd-for-tilta-mirage","status":"publish","type":"product","link":"https:\/\/eu.tilta.com\/it\/shop\/95mm-variable-nd-for-tilta-mirage\/","title":{"rendered":"ND variabile da 95 mm per Tilta Mirage"},"content":{"rendered":"<p>Il modulo ND variabile da 95 mm per Tilta Mirage \u00e8 stato sviluppato in stretta collaborazione con i migliori produttori di ottiche; il modulo VND pu\u00f2 ospitare diverse configurazioni, la pi\u00f9 leggera delle quali pesa solo 130 g.<\/p>\n<p>Grazie alla nuova tecnologia PL + CPL, il modulo VND \u00e8 in grado di produrre colori accurati anche alla massima densit\u00e0.<\/p>\n<p>L&#8217;ND variabile pu\u00f2 essere regolato gradualmente, consentendoti di mantenere un&#8217;esposizione costante quando le condizioni di luce cambiano inaspettatamente.<\/p>\n<p>Il modulo \u00e8 dotato di hard stop integrati tra ND 0,3 e ND 2,7 per evitare il rischio di ombre incrociate X-Pattern.<\/p>\n<p>Il modulo VND pu\u00f2 essere controllato in modalit\u00e0 wireless da un micromotore opzionale per regolare a distanza il livello ND, offrendo una maggiore flessibilit\u00e0 durante le riprese.<\/p>\n","protected":false},"excerpt":{"rendered":"<p>Il modulo ND variabile da 95 mm per Tilta Mirage \u00e8 stato sviluppato in stretta collaborazione con i migliori produttori di ottiche; il modulo VND pu\u00f2 ospitare diverse configurazioni, la pi\u00f9 leggera delle quali pesa solo 130 g. Grazie alla [&hellip;]<\/p>\n","protected":false},"featured_media":1994388,"comment_status":"closed","ping_status":"closed","template":"","meta":[],"product_cat":[2013],"product_tag":[],"acf":[],"gallery_images":[1994391],"_links":{"self":[{"href":"https:\/\/eu.tilta.com\/it\/wp-json\/wp\/v2\/product\/1994383"}],"collection":[{"href":"https:\/\/eu.tilta.com\/it\/wp-json\/wp\/v2\/product"}],"about":[{"href":"https:\/\/eu.tilta.com\/it\/wp-json\/wp\/v2\/types\/product"}],"replies":[{"embeddable":true,"href":"https:\/\/eu.tilta.com\/it\/wp-json\/wp\/v2\/comments?post=1994383"}],"wp:featuredmedia":[{"embeddable":true,"href":"https:\/\/eu.tilta.com\/it\/wp-json\/wp\/v2\/media\/1994388"}],"wp:attachment":[{"href":"https:\/\/eu.tilta.com\/it\/wp-json\/wp\/v2\/media?parent=1994383"}],"wp:term":[{"taxonomy":"product_cat","embeddable":true,"href":"https:\/\/eu.tilta.com\/it\/wp-json\/wp\/v2\/product_cat?post=1994383"},{"taxonomy":"product_tag","embeddable":true,"href":"https:\/\/eu.tilta.com\/it\/wp-json\/wp\/v2\/product_tag?post=1994383"}],"curies":[{"name":"wp","href":"https:\/\/api.w.org\/{rel}","templated":true}]}}