{"id":1994460,"date":"2021-09-13T13:09:29","date_gmt":"2021-09-13T11:09:29","guid":{"rendered":"https:\/\/de.tilta.com\/shop\/tilta-mirage-matte-box\/"},"modified":"2026-04-30T10:43:40","modified_gmt":"2026-04-30T08:43:40","slug":"tilta-mirage-matte-box","status":"publish","type":"product","link":"https:\/\/eu.tilta.com\/it\/shop\/tilta-mirage-matte-box\/","title":{"rendered":"Tilta Mirage Matte Box"},"content":{"rendered":"<p><a href=\"https:\/\/tilta.com\/shop-for-tilta-mirage-on-amazon\/\"><img loading=\"lazy\" decoding=\"async\" class=\"alignnone size-full wp-image-1875424\" style=\"width: 250px; max-width: 100%;\" src=\"https:\/\/static.tilta.com\/wp-content\/uploads\/2021\/09\/22131113\/amazon-mirage.png\" alt=\"Acquista Mirage su Amazon\" width=\"909\" height=\"121\" srcset=\"https:\/\/static.tilta.com\/wp-content\/uploads\/2021\/09\/22131113\/amazon-mirage.png 909w, https:\/\/static.tilta.com\/wp-content\/uploads\/2021\/09\/22131113\/amazon-mirage-64x9.png 64w, https:\/\/static.tilta.com\/wp-content\/uploads\/2021\/09\/22131113\/amazon-mirage-300x40.png 300w, https:\/\/static.tilta.com\/wp-content\/uploads\/2021\/09\/22131113\/amazon-mirage-60x8.png 60w\" sizes=\"(max-width: 909px) 100vw, 909px\" \/><\/a><\/p>\n<hr>\n<p>Mirage \u00e8 un nuovo sistema matte box sviluppato per l&#8217;ultima era dei creatori di video, una struttura ultra leggera, un design modulare multifunzionale e una soluzione conveniente per una produzione video moderna ed efficiente.<\/p>\n<p>Dotato di un nuovo supporto standard da 95 mm che pu\u00f2 essere montato direttamente su obiettivi cinematografici classici come ARRI Ultra Primes, Leica Summicron-C, ecc. e pu\u00f2 essere adattato a obiettivi DSLR e Mirrorless pi\u00f9 accessibili, per supportare tutti i creatori video.<\/p>\n<p>Il nostro nuovo design del filtro circolare \u00e8 pi\u00f9 efficiente dal punto di vista dei costi grazie alla sua leggerezza e alle sue dimensioni ridotte, con un peso pari a solo 1\/4 di quello di un filtro tradizionale 4&#215;5,65.<\/p>\n<p>Ereditato dall&#8217;industria cinematografica, il design del filtro a cartuccia sostituisce il tradizionale sistema di filtraggio a vite e pu\u00f2 essere installato rapidamente con una sola pressa.<\/p>\n<p>Il sistema supporta una serie di filtri circolari a effetto speciale, come motivi stellari, striature multicolori, flares anamorfici, nebbie professionali in bianco e nero e altri effetti per obiettivi che possono supportare appieno tutti gli aspetti della tua visione creativa per la produzione video moderna.<\/p>\n<p>Dotato di un modulo ND variabile di nuova concezione (opzionale), sviluppato in stretta collaborazione con i migliori produttori di ottiche, il modulo VND pu\u00f2 ospitare diverse configurazioni, la pi\u00f9 leggera delle quali pesa solo 130 g.<\/p>\n<p>Grazie alla nuova tecnologia PL + CPL, il modulo VND \u00e8 in grado di produrre colori accurati anche alla massima densit\u00e0.<\/p>\n<p>L&#8217;ND variabile pu\u00f2 essere regolato gradualmente, consentendoti di mantenere un&#8217;esposizione costante quando le condizioni di luce cambiano inaspettatamente.<\/p>\n<p>Il modulo \u00e8 dotato di hard stop integrati tra ND 0,3 e ND 2,7 per evitare il rischio di ombre incrociate X-Pattern. Basato sul design a rapporto aureo e sulla resa cromatica ottimizzata, per massimizzare la funzione ND il nostro ND variabile ha un asse pi\u00f9 ampio tra gli elementi del filtro. Per evitare la vignettatura, usa ND 0,3-2,1 per gli obiettivi larghi e ND 2,1-2,7 per le lunghezze focali superiori a 35 mm.<\/p>\n<p>Il modulo VND pu\u00f2 essere controllato in modalit\u00e0 wireless da un micromotore per regolare a distanza il livello ND, offrendo una maggiore flessibilit\u00e0 durante le riprese.<\/p>\n<p>Il raggio d&#8217;azione wireless standard \u00e8 di 100 metri e pu\u00f2 essere esteso ulteriormente con un amplificatore di segnale wireless per le riprese aeree (opzionale).<\/p>\n<p>Il motore del VND pu\u00f2 essere controllato con il nuovo controller wireless (incluso nel kit VND + motore) e con i sistemi di messa a fuoco wireless della serie Nucleus di Tilta.<\/p>\n<p>Il controller wireless si monta tramite guida NATO e pu\u00f2 controllare i motori Nucleus M e Nano e il motore wireless per Tilta Mirage.<\/p>\n<p>Scegliendo il kit VND, potrai utilizzare la staffa di montaggio del motore Nucleus Nano inclusa per fissare un motore Nucleus Nano direttamente al modulo VND e regolare la densit\u00e0 in modalit\u00e0 wireless. (accessorio opzionale per altri kit)<\/p>\n<p>Il corpo del box opaco adotta un design aerodinamico con prese d&#8217;aria integrate in grado di ridurre la resistenza al vento e garantire la stabilit\u00e0 quando si riprendono soggetti ad alta velocit\u00e0, mentre l&#8217;elemento protettivo anteriore opzionale pu\u00f2 garantire un&#8217;ulteriore sicurezza per i tuoi filtri.<\/p>\n<p>Il design modulare pu\u00f2 supportare molte configurazioni creative, tra cui l&#8217;uso di una protezione adesiva (opzionale) che pu\u00f2 essere applicata ai filtri per prevenire i graffi e aiutare a eliminare i riflessi.<\/p>\n<p>Espandi il supporto dei filtri 4&#215;5,65 del matte box con ulteriori vassoi impilabili (opzionali) per ottenere look creativi pi\u00f9 avanzati. Altri accessori continueranno a essere rilasciati per ampliare ulteriormente le possibilit\u00e0 del sistema.<\/p>\n<p>Il Matte Box Tilta Mirage offre un&#8217;esperienza di ripresa di nuova generazione: che tu sia un singolo operatore o una troupe professionale, il Mirage \u00e8 lo strumento perfetto per la produzione video moderna.<\/p>\n<p>La combinazione di elementi di design unici e di opzioni di configurazione versatili pu\u00f2 aiutare i creatori professionisti a ottenere stili visivi sofisticati per esprimere al meglio le loro visioni artistiche e produrre look di livello industriale a un prezzo accessibile.<\/p>\n<p><strong>ATTENZIONE: non alimentare il motore tramite USB-C mentre \u00e8 collegato l&#8217;alimentatore 14500 (kit VND motorizzato).  <\/strong><\/p>\n<p><strong>NOTA: il motore Mirage pu\u00f2 essere alimentato, ma non controllato dalle nostre maniglie laterali.  <\/strong><\/p>\n","protected":false},"excerpt":{"rendered":"<p>Mirage \u00e8 un nuovo sistema matte box sviluppato per l&#8217;ultima era dei creatori di video, una struttura ultra leggera, un design modulare multifunzionale e una soluzione conveniente per una produzione video moderna ed efficiente. Dotato di un nuovo supporto standard [&hellip;]<\/p>\n","protected":false},"featured_media":1994476,"comment_status":"closed","ping_status":"closed","template":"","meta":[],"product_cat":[3231,3898,3249,3384,1840,1744,1632,1634,1834,1837,1800,1833,1796,1786,1769,1737,1637,1641,1646,1649,1831,1823,1776,1653,1829,1749,1817,1764,1657,1838,1783,1760,1660,1664,1666,1670,1674,1807,1756,3149,1678,1682,1686,1813,1825,1804,1793,1790,1751,1741,1730,1734,1727,1689,1693,1696,1701,1705,1709,1711,1724,1716,1720,2013],"product_tag":[],"acf":[],"gallery_images":[1994477,1994478,1994479,1994480,1994481,1994482,1994483,1994484],"_links":{"self":[{"href":"https:\/\/eu.tilta.com\/it\/wp-json\/wp\/v2\/product\/1994460"}],"collection":[{"href":"https:\/\/eu.tilta.com\/it\/wp-json\/wp\/v2\/product"}],"about":[{"href":"https:\/\/eu.tilta.com\/it\/wp-json\/wp\/v2\/types\/product"}],"replies":[{"embeddable":true,"href":"https:\/\/eu.tilta.com\/it\/wp-json\/wp\/v2\/comments?post=1994460"}],"wp:featuredmedia":[{"embeddable":true,"href":"https:\/\/eu.tilta.com\/it\/wp-json\/wp\/v2\/media\/1994476"}],"wp:attachment":[{"href":"https:\/\/eu.tilta.com\/it\/wp-json\/wp\/v2\/media?parent=1994460"}],"wp:term":[{"taxonomy":"product_cat","embeddable":true,"href":"https:\/\/eu.tilta.com\/it\/wp-json\/wp\/v2\/product_cat?post=1994460"},{"taxonomy":"product_tag","embeddable":true,"href":"https:\/\/eu.tilta.com\/it\/wp-json\/wp\/v2\/product_tag?post=1994460"}],"curies":[{"name":"wp","href":"https:\/\/api.w.org\/{rel}","templated":true}]}}