{"id":1995004,"date":"2021-03-22T16:09:42","date_gmt":"2021-03-22T15:09:42","guid":{"rendered":"https:\/\/de.tilta.com\/shop\/impugnatura-superiore-regolabile-per-sony-fx6-fx3\/"},"modified":"2025-12-17T17:16:21","modified_gmt":"2025-12-17T16:16:21","slug":"adjustable-top-handle-for-sony-fx6","status":"publish","type":"product","link":"https:\/\/eu.tilta.com\/it\/shop\/adjustable-top-handle-for-sony-fx6\/","title":{"rendered":"Impugnatura superiore regolabile per Sony FX6\/FX3"},"content":{"rendered":"<p>L&#8217;impugnatura superiore regolabile pu\u00f2 ruotare di 180 gradi per soddisfare le tue esigenze di ripresa verticale.<\/p>\n<p>L&#8217;impugnatura \u00e8 regolabile in avanti e all&#8217;indietro in entrambe le posizioni per aiutarti a trovare il centro di gravit\u00e0 della tua struttura fotografica, indipendentemente dall&#8217;orientamento in cui stai scattando.<\/p>\n<p>Compatibile con la gabbia per fotocamera per Sony FX6, FX3 e FX30.<\/p>\n","protected":false},"excerpt":{"rendered":"<p>L&#8217;impugnatura superiore regolabile pu\u00f2 ruotare di 180 gradi per soddisfare le tue esigenze di ripresa verticale. L&#8217;impugnatura \u00e8 regolabile in avanti e all&#8217;indietro in entrambe le posizioni per aiutarti a trovare il centro di gravit\u00e0 della tua struttura fotografica, indipendentemente [&hellip;]<\/p>\n","protected":false},"featured_media":0,"comment_status":"closed","ping_status":"closed","template":"","meta":[],"product_cat":[1734,1727,2176],"product_tag":[],"acf":[],"gallery_images":[1058479],"_links":{"self":[{"href":"https:\/\/eu.tilta.com\/it\/wp-json\/wp\/v2\/product\/1995004"}],"collection":[{"href":"https:\/\/eu.tilta.com\/it\/wp-json\/wp\/v2\/product"}],"about":[{"href":"https:\/\/eu.tilta.com\/it\/wp-json\/wp\/v2\/types\/product"}],"replies":[{"embeddable":true,"href":"https:\/\/eu.tilta.com\/it\/wp-json\/wp\/v2\/comments?post=1995004"}],"wp:attachment":[{"href":"https:\/\/eu.tilta.com\/it\/wp-json\/wp\/v2\/media?parent=1995004"}],"wp:term":[{"taxonomy":"product_cat","embeddable":true,"href":"https:\/\/eu.tilta.com\/it\/wp-json\/wp\/v2\/product_cat?post=1995004"},{"taxonomy":"product_tag","embeddable":true,"href":"https:\/\/eu.tilta.com\/it\/wp-json\/wp\/v2\/product_tag?post=1995004"}],"curies":[{"name":"wp","href":"https:\/\/api.w.org\/{rel}","templated":true}]}}