{"id":1995166,"date":"2021-02-09T12:12:27","date_gmt":"2021-02-09T11:12:27","guid":{"rendered":"https:\/\/de.tilta.com\/shop\/maniglia-per-telecomando-rs-2-per-impugnatura-ad-anello-avanzata\/"},"modified":"2025-12-05T13:03:14","modified_gmt":"2025-12-05T12:03:14","slug":"rs-2-remote-control-handle-for-advanced-ring-grip","status":"publish","type":"product","link":"https:\/\/eu.tilta.com\/it\/shop\/rs-2-remote-control-handle-for-advanced-ring-grip\/","title":{"rendered":"Maniglia per telecomando RS 2 per impugnatura ad anello avanzata"},"content":{"rendered":"<p><span style=\"font-weight: 400;\">L&#8217;impugnatura del telecomando si aggancia al lato destro dell&#8217;impugnatura ad anello avanzata e della staffa di alimentazione a doppia impugnatura e pu\u00f2 essere utilizzata per controllare in modalit\u00e0 wireless i DJI RS2, RS3 Pro e RS4\/4 Pro.<br \/>\n<\/span><\/p>\n<p><span style=\"font-weight: 400;\">Permette di accedere facilmente alle impostazioni del gimbal e alle funzioni di registrazione e foto della fotocamera.  <\/span><\/p>\n<p><span style=\"font-weight: 400;\">Il Thumb-stick ti permette di controllare il Pan e il Tilt del tuo gimbal per ottenere la massima precisione durante il funzionamento.<\/span><\/p>\n<p><span style=\"font-weight: 400;\">La rotella di messa a fuoco ti permette di controllare in modalit\u00e0 wireless un motore di controllo dell&#8217;obiettivo della serie DJI o Nucleus.  <\/span><\/p>\n<p><span style=\"font-weight: 400;\">Questa impugnatura pu\u00f2 essere utilizzata anche in modalit\u00e0 wireless e richiede una singola batteria 18650. Non necessita di batterie se collegato a un Ring Grip.<\/span><\/p>\n<p><span style=\"font-weight: 400;\">Pu\u00f2 essere alimentato dall&#8217;impugnatura per batteria Ronin o dalla piastra per batteria quando \u00e8 collegata all&#8217;impugnatura ad anello.<\/span><\/p>\n<p><strong>NOTA: montare le batterie 18650 con un orientamento sbagliato pu\u00f2 danneggiare l&#8217;impugnatura.  <\/strong><\/p>\n<p><b>La funzione Run Stop <span style=\"text-decoration: underline;\">NON<\/span> \u00e8 compatibile con i motori della serie Nucleus.  <\/b><\/p>\n<p><strong>RS3\/RS3 Pro: Il tasto M NON \u00e8 in grado di imitare la funzione del gimbal. Il tasto M di questa unit\u00e0 pu\u00f2 cambiare SOLO l&#8217;impostazione della modalit\u00e0.<\/strong><\/p>\n","protected":false},"excerpt":{"rendered":"<p>L&#8217;impugnatura del telecomando si aggancia al lato destro dell&#8217;impugnatura ad anello avanzata e della staffa di alimentazione a doppia impugnatura e pu\u00f2 essere utilizzata per controllare in modalit\u00e0 wireless i DJI RS2, RS3 Pro e RS4\/4 Pro. Permette di accedere [&hellip;]<\/p>\n","protected":false},"featured_media":0,"comment_status":"closed","ping_status":"closed","template":"","meta":[],"product_cat":[2364,2288,2336,2250],"product_tag":[],"acf":[],"gallery_images":[1065502,979847,992065],"_links":{"self":[{"href":"https:\/\/eu.tilta.com\/it\/wp-json\/wp\/v2\/product\/1995166"}],"collection":[{"href":"https:\/\/eu.tilta.com\/it\/wp-json\/wp\/v2\/product"}],"about":[{"href":"https:\/\/eu.tilta.com\/it\/wp-json\/wp\/v2\/types\/product"}],"replies":[{"embeddable":true,"href":"https:\/\/eu.tilta.com\/it\/wp-json\/wp\/v2\/comments?post=1995166"}],"wp:attachment":[{"href":"https:\/\/eu.tilta.com\/it\/wp-json\/wp\/v2\/media?parent=1995166"}],"wp:term":[{"taxonomy":"product_cat","embeddable":true,"href":"https:\/\/eu.tilta.com\/it\/wp-json\/wp\/v2\/product_cat?post=1995166"},{"taxonomy":"product_tag","embeddable":true,"href":"https:\/\/eu.tilta.com\/it\/wp-json\/wp\/v2\/product_tag?post=1995166"}],"curies":[{"name":"wp","href":"https:\/\/api.w.org\/{rel}","templated":true}]}}