{"id":1995179,"date":"2021-02-04T10:34:46","date_gmt":"2021-02-04T09:34:46","guid":{"rendered":"https:\/\/de.tilta.com\/shop\/remote-control-kit-for-dji-ronin\/"},"modified":"2025-12-05T13:03:17","modified_gmt":"2025-12-05T12:03:17","slug":"remote-control-kit-for-dji-ronin","status":"publish","type":"product","link":"https:\/\/eu.tilta.com\/it\/shop\/remote-control-kit-for-dji-ronin\/","title":{"rendered":"Kit di controllo remoto per DJI Ronin"},"content":{"rendered":"<p>Questo kit di controllo remoto ti permette di controllare le impostazioni del gimbal del tuo DJI RS2 o RS3\/4 Pro e le funzioni di registrazione e foto della tua fotocamera tramite una connessione cablata o wireless.<\/p>\n<p>Include anche un thumbstick che ti permette di controllare la panoramica e l&#8217;inclinazione del gimbal per ottenere la massima precisione durante il funzionamento.<\/p>\n<p>La piastra di base dell&#8217;alimentatore fornisce l&#8217;alimentazione a RS2 o RS3\/4 Pro tramite batterie Gold o V-Mount e un cavo di alimentazione da P-Tap a 2 pin incluso. Le filettature da 1\/4\u2033-20 e 3\/8\u2033-16 sul fondo della piastra di base consentono di montare il gimbal su molti sistemi diversi, tra cui l&#8217;Hydra Alien.<\/p>\n<p>Il modulo ricevitore wireless permette all&#8217;impugnatura di controllare l&#8217;RS2 o l&#8217;RS3\/4 Pro fino a 80 metri di distanza e la rosetta alla base dell&#8217;impugnatura ti permette di collegarla a vari attacchi a rosetta, tra cui la staffa per monitor Hydra Alien opzionale.<\/p>\n<p>*L&#8217;impugnatura del telecomando richiede l&#8217;alimentazione di una batteria Sony F570\/550, non inclusa.<\/p>\n<p><strong>RS3\/RS3 Pro: Il tasto M NON \u00e8 in grado di imitare la funzione del gimbal. Il tasto M di questa unit\u00e0 pu\u00f2 cambiare SOLO l&#8217;impostazione della modalit\u00e0.<\/strong><\/p>\n<p>&nbsp;<\/p>\n","protected":false},"excerpt":{"rendered":"<p>Questo kit di controllo remoto ti permette di controllare le impostazioni del gimbal del tuo DJI RS2 o RS3\/4 Pro e le funzioni di registrazione e foto della tua fotocamera tramite una connessione cablata o wireless. Include anche un thumbstick [&hellip;]<\/p>\n","protected":false},"featured_media":0,"comment_status":"closed","ping_status":"closed","template":"","meta":[],"product_cat":[1904,1903,2250,1905],"product_tag":[],"acf":[],"gallery_images":[1062733],"_links":{"self":[{"href":"https:\/\/eu.tilta.com\/it\/wp-json\/wp\/v2\/product\/1995179"}],"collection":[{"href":"https:\/\/eu.tilta.com\/it\/wp-json\/wp\/v2\/product"}],"about":[{"href":"https:\/\/eu.tilta.com\/it\/wp-json\/wp\/v2\/types\/product"}],"replies":[{"embeddable":true,"href":"https:\/\/eu.tilta.com\/it\/wp-json\/wp\/v2\/comments?post=1995179"}],"wp:attachment":[{"href":"https:\/\/eu.tilta.com\/it\/wp-json\/wp\/v2\/media?parent=1995179"}],"wp:term":[{"taxonomy":"product_cat","embeddable":true,"href":"https:\/\/eu.tilta.com\/it\/wp-json\/wp\/v2\/product_cat?post=1995179"},{"taxonomy":"product_tag","embeddable":true,"href":"https:\/\/eu.tilta.com\/it\/wp-json\/wp\/v2\/product_tag?post=1995179"}],"curies":[{"name":"wp","href":"https:\/\/api.w.org\/{rel}","templated":true}]}}