{"id":1995193,"date":"2021-02-04T09:28:36","date_gmt":"2021-02-04T08:28:36","guid":{"rendered":"https:\/\/de.tilta.com\/shop\/staffa-del-contrappeso-inferiore-del-sistema-tilta-float\/"},"modified":"2025-12-05T13:03:37","modified_gmt":"2025-12-05T12:03:37","slug":"tilta-float-system-bottom-counterweight-bracket","status":"publish","type":"product","link":"https:\/\/eu.tilta.com\/it\/shop\/tilta-float-system-bottom-counterweight-bracket\/","title":{"rendered":"Staffa del contrappeso inferiore del sistema Tilta Float"},"content":{"rendered":"<p>Questa staffa di contrappeso \u00e8 un&#8217;opzione per ottenere un migliore equilibrio dinamico ed \u00e8 anche un&#8217;opzione leggera per bilanciare il Sistema Float senza batterie Gold o V-Mount.<\/p>\n<p>La staffa si attacca alla base del montante del Float System tramite un collegamento a binario NATO e pu\u00f2 anche essere montata alla base di una piastra batteria Gold\/V-Mount tramite un morsetto NATO<strong>(non incluso<\/strong>).<\/p>\n<p>Questo kit include 6 contrappesi impilabili da 220 g che si collegano tramite le filettature da 1\/4\u2033-20 della staffa e che ti permettono di regolare con precisione il bilanciamento della tua configurazione.<\/p>\n<p>Questa staffa di contrappeso \u00e8 un&#8217;ottima opzione per bilanciare dinamicamente il Float o quando si utilizzano corpi macchina e gimbal pi\u00f9 piccoli che non possono sfruttare l&#8217;alimentazione Gold o V-Mount, come quelli che si alimentano gi\u00e0 tramite una batteria interna.<\/p>\n","protected":false},"excerpt":{"rendered":"<p>Questa staffa di contrappeso \u00e8 un&#8217;opzione per ottenere un migliore equilibrio dinamico ed \u00e8 anche un&#8217;opzione leggera per bilanciare il Sistema Float senza batterie Gold o V-Mount. La staffa si attacca alla base del montante del Float System tramite un [&hellip;]<\/p>\n","protected":false},"featured_media":0,"comment_status":"closed","ping_status":"closed","template":"","meta":[],"product_cat":[2318,2319,2330],"product_tag":[],"acf":[],"gallery_images":[],"_links":{"self":[{"href":"https:\/\/eu.tilta.com\/it\/wp-json\/wp\/v2\/product\/1995193"}],"collection":[{"href":"https:\/\/eu.tilta.com\/it\/wp-json\/wp\/v2\/product"}],"about":[{"href":"https:\/\/eu.tilta.com\/it\/wp-json\/wp\/v2\/types\/product"}],"replies":[{"embeddable":true,"href":"https:\/\/eu.tilta.com\/it\/wp-json\/wp\/v2\/comments?post=1995193"}],"wp:attachment":[{"href":"https:\/\/eu.tilta.com\/it\/wp-json\/wp\/v2\/media?parent=1995193"}],"wp:term":[{"taxonomy":"product_cat","embeddable":true,"href":"https:\/\/eu.tilta.com\/it\/wp-json\/wp\/v2\/product_cat?post=1995193"},{"taxonomy":"product_tag","embeddable":true,"href":"https:\/\/eu.tilta.com\/it\/wp-json\/wp\/v2\/product_tag?post=1995193"}],"curies":[{"name":"wp","href":"https:\/\/api.w.org\/{rel}","templated":true}]}}