{"id":1995343,"date":"2020-11-18T16:36:59","date_gmt":"2020-11-18T15:36:59","guid":{"rendered":"https:\/\/de.tilta.com\/shop\/sistema-di-montaggio-per-auto-hydra-alien\/"},"modified":"2026-04-14T07:31:57","modified_gmt":"2026-04-14T05:31:57","slug":"hydra-alien-car-mounting-system","status":"publish","type":"product","link":"https:\/\/eu.tilta.com\/it\/shop\/hydra-alien-car-mounting-system\/","title":{"rendered":"Sistema di montaggio per auto Hydra Alien"},"content":{"rendered":"<p><b>RS3 ATTENZIONE: la nuova generazione del gimbal RS3 NON \u00e8 compatibile con la staffa di sicurezza della baseplate Power Supple.<\/b><\/p>\n<p><b>Nelle prossime settimane sar\u00e0 disponibile una classifica aggiornata.  <\/b><\/p>\n<p>Il sistema di montaggio per auto Hydra Alien \u00e8 stato progettato da zero per lavorare insieme a gimbal pi\u00f9 piccoli e consentire una soluzione leggera per la cinematografia montata in auto.<\/p>\n<p>Il sistema utilizza una combinazione altamente personalizzabile di piastre a coda di rondine e ventose che possono sostenere un carico di 50 kg ciascuna.<\/p>\n<p>Il silicone altamente elastico che assorbe gli urti garantisce una maggiore durata e una minore abrasione, mentre i nuovi pistoni a ventosa creano una tenuta pi\u00f9 forte per una maggiore sicurezza in condizioni climatiche pi\u00f9 rigide.<\/p>\n<p>Una volta interconnesso, il sistema consente agli utenti di regolare con precisione l&#8217;esatto posizionamento della ripresa per ottenere quasi tutte le angolazioni possibili durante il montaggio su un veicolo.<\/p>\n<p>Il sistema utilizza anche un braccio che assorbe gli urti per stabilizzare meglio la videocamera per determinate riprese e una testa a culla caricata a molla se la ripresa prevista richiede che il gimbal sia capovolto.<\/p>\n<p>La nuova asta di smorzamento idraulico stabilizza ulteriormente il braccio per offrire risultati pi\u00f9 fluidi quando le condizioni di guida non sono ottimali.<\/p>\n<p>L&#8217;Hydra Alien supporta il controllo wireless completo dell&#8217;RS2 e dell&#8217;RS3 Pro tramite il <a href=\"https:\/\/de.tilta.com\/shop\/remote-control-kit-for-dji-ronin\/\">kit di controllo remoto<\/a> opzionale che ti permette di controllare le impostazioni del gimbal e le funzioni di registrazione e foto della tua fotocamera tramite una connessione cablata o wireless.<\/p>\n<p>Inoltre \u00e8 dotato di un thumbstick che ti permette di controllare il pan e l&#8217;inclinazione del gimbal per ottenere la massima precisione durante il funzionamento.<\/p>\n<p>Alto, basso. A lato dell&#8217;auto, montato sopra di essa: quasi tutte le inquadrature montate sull&#8217;auto possono essere configurate utilizzando il sistema di montaggio Hydra Alien Car. Dai sfogo alla tua immaginazione!<\/p>\n<p>*Questo sistema \u00e8 compatibile con DJI RS2, RS3, RS3 Pro, Crane 3S, Ronin 4D e qualsiasi altro gimbal che possa essere montato tramite viti da 1\/4&#8243;-20 e alimentato tramite P-Tap o internamente*.<\/p>\n<p><strong>ATTENZIONE: si sconsiglia di utilizzare le ventose su veicoli avvolti a causa dei problemi di aspirazione legati alla luce solare diretta e al calore.<\/strong><\/p>\n","protected":false},"excerpt":{"rendered":"<p>RS3 ATTENZIONE: la nuova generazione del gimbal RS3 NON \u00e8 compatibile con la staffa di sicurezza della baseplate Power Supple. Nelle prossime settimane sar\u00e0 disponibile una classifica aggiornata. Il sistema di montaggio per auto Hydra Alien \u00e8 stato progettato da [&hellip;]<\/p>\n","protected":false},"featured_media":0,"comment_status":"closed","ping_status":"closed","template":"","meta":[],"product_cat":[1904,1903],"product_tag":[],"acf":[],"gallery_images":[890643,890659,890663,890657,890665,890667,890669],"_links":{"self":[{"href":"https:\/\/eu.tilta.com\/it\/wp-json\/wp\/v2\/product\/1995343"}],"collection":[{"href":"https:\/\/eu.tilta.com\/it\/wp-json\/wp\/v2\/product"}],"about":[{"href":"https:\/\/eu.tilta.com\/it\/wp-json\/wp\/v2\/types\/product"}],"replies":[{"embeddable":true,"href":"https:\/\/eu.tilta.com\/it\/wp-json\/wp\/v2\/comments?post=1995343"}],"wp:attachment":[{"href":"https:\/\/eu.tilta.com\/it\/wp-json\/wp\/v2\/media?parent=1995343"}],"wp:term":[{"taxonomy":"product_cat","embeddable":true,"href":"https:\/\/eu.tilta.com\/it\/wp-json\/wp\/v2\/product_cat?post=1995343"},{"taxonomy":"product_tag","embeddable":true,"href":"https:\/\/eu.tilta.com\/it\/wp-json\/wp\/v2\/product_tag?post=1995343"}],"curies":[{"name":"wp","href":"https:\/\/api.w.org\/{rel}","templated":true}]}}