{"id":1995370,"date":"2020-11-18T16:27:48","date_gmt":"2020-11-18T15:27:48","guid":{"rendered":"https:\/\/de.tilta.com\/shop\/impugnatura-ad-anello-avanzata-per-dji-ronin\/"},"modified":"2026-04-02T11:41:39","modified_gmt":"2026-04-02T09:41:39","slug":"advanced-ring-grip-for-dji-ronin","status":"publish","type":"product","link":"https:\/\/eu.tilta.com\/it\/shop\/advanced-ring-grip-for-dji-ronin\/","title":{"rendered":"Impugnatura ad anello avanzata per DJI Ronin"},"content":{"rendered":"<p><strong>AVVERTENZA: prestare molta attenzione quando si collegano i cavi di alimentazione P-Tap al modulo di alimentazione (non incluso), in quanto il collegamento dei cavi al contrario pu\u00f2 danneggiare il gimbal.<\/strong><\/p>\n<p>L&#8217;Advanced Ring Grip per <a href=\"https:\/\/de.tilta.com\/2022\/07\/rs3-rs2-compatibility-for-tilta-ecosystem-for-dji-ronin\/\">RS 2, RS 3 Pro, RS 4\/4 Pro<\/a> ti permette una maggiore flessibilit\u00e0 nell&#8217;alimentazione del gimbal, nel montaggio degli accessori, nel controllo dei motori di follow focus wireless e nell&#8217;utilizzo del corpo del gimbal.<\/p>\n<p>Il design dell&#8217;impugnatura ad anello consente un&#8217;ulteriore stabilit\u00e0 grazie a pi\u00f9 punti di contatto durante l&#8217;utilizzo dell&#8217;RS 2 e i cavalletti inclusi permettono di appoggiare il gimbal dopo lunghe riprese per garantire che l&#8217;operatore non si affatichi.<\/p>\n<p>L&#8217;impugnatura ad anello ti permette di trasformare l&#8217;impugnatura della batteria del DJI Ronin (RS BG21\/30\/70) in un&#8217;impugnatura superiore, in modo da poter passare rapidamente alle riprese a bassa angolazione, fornendo allo stesso tempo ulteriore potenza al tuo gimbal.<\/p>\n<p>Il sistema ti permette di alimentare il tuo gimbal Ronin con una batteria Gold Mount, una batteria V-Mount o con l&#8217;impugnatura della batteria del gimbal. L&#8217;Advanced Ring Grip ti permette di montare il Battery Handle sulla parte superiore dell&#8217;anello, che funge da fonte di alimentazione e da impugnatura superiore.<\/p>\n<p>Pu\u00f2 essere utilizzato in combinazione con una piastra per batterie Gold o V-Mount, che ti offre una maggiore flessibilit\u00e0 per l&#8217;alimentazione degli accessori e una maggiore durata delle batterie sul set.<\/p>\n<p>L&#8217;impugnatura di controllo remoto in dotazione si attacca al lato destro dell&#8217;Advanced Ring Grip per permetterti di accedere facilmente alle impostazioni del gimbal e alle funzioni di registrazione e foto della tua fotocamera.<\/p>\n<p>Il Thumbstick ti permette di controllare il Pan e il Tilt del tuo gimbal per ottenere la massima precisione durante il funzionamento e la Focus Wheel ti permette di controllare in modalit\u00e0 wireless un motore di controllo dell&#8217;obiettivo DJI o della serie Nucleus.<\/p>\n<p>L&#8217;impugnatura di controllo dell&#8217;obiettivo wireless a doppio canale, inclusa nella confezione, si aggancia al lato sinistro dell&#8217;Advanced Ring Grip e ti permette di controllare due canali dei motori di controllo dell&#8217;obiettivo della serie Nucleus.<\/p>\n<p>Regola facilmente la messa a fuoco, l&#8217;iride o lo zoom del tuo obiettivo con le due rotelle di messa a fuoco sull&#8217;impugnatura: una sul retro dell&#8217;impugnatura da ruotare con il pollice e una sulla parte anteriore da ruotare con l&#8217;indice.<\/p>\n<p>Include un controllo limitato delle impostazioni del menu del gimbal Ronin tramite il tasto menu e dispone di un grilletto per passare rapidamente da una modalit\u00e0 all&#8217;altra del gimbal.<\/p>\n<p>Ogni impugnatura richiede una singola batteria 18650 per funzionare in modalit\u00e0 wireless.<\/p>\n<p>Possono essere alimentati dall&#8217;impugnatura superiore o dalla piastra portabatterie quando sono collegati all&#8217;impugnatura ad anello.<\/p>\n<p><strong>NOTA: Presta molta attenzione quando monti le batterie 18650, perch\u00e9 se le posizioni sono sbagliate puoi danneggiare le maniglie.  <\/strong><\/p>\n<p><strong>RS3\/RS3 Pro: Il tasto M NON \u00e8 in grado di imitare la funzione del gimbal. Il tasto M di questa unit\u00e0 pu\u00f2 cambiare SOLO l&#8217;impostazione della modalit\u00e0.<\/strong><\/p>\n","protected":false},"excerpt":{"rendered":"<p>AVVERTENZA: prestare molta attenzione quando si collegano i cavi di alimentazione P-Tap al modulo di alimentazione (non incluso), in quanto il collegamento dei cavi al contrario pu\u00f2 danneggiare il gimbal. L&#8217;Advanced Ring Grip per RS 2, RS 3 Pro, RS [&hellip;]<\/p>\n","protected":false},"featured_media":0,"comment_status":"closed","ping_status":"closed","template":"","meta":[],"product_cat":[2364],"product_tag":[],"acf":[],"gallery_images":[1937080,1937079,1937081,1937083,1937082,1937122,1937123,1937074,1937072],"_links":{"self":[{"href":"https:\/\/eu.tilta.com\/it\/wp-json\/wp\/v2\/product\/1995370"}],"collection":[{"href":"https:\/\/eu.tilta.com\/it\/wp-json\/wp\/v2\/product"}],"about":[{"href":"https:\/\/eu.tilta.com\/it\/wp-json\/wp\/v2\/types\/product"}],"replies":[{"embeddable":true,"href":"https:\/\/eu.tilta.com\/it\/wp-json\/wp\/v2\/comments?post=1995370"}],"wp:attachment":[{"href":"https:\/\/eu.tilta.com\/it\/wp-json\/wp\/v2\/media?parent=1995370"}],"wp:term":[{"taxonomy":"product_cat","embeddable":true,"href":"https:\/\/eu.tilta.com\/it\/wp-json\/wp\/v2\/product_cat?post=1995370"},{"taxonomy":"product_tag","embeddable":true,"href":"https:\/\/eu.tilta.com\/it\/wp-json\/wp\/v2\/product_tag?post=1995370"}],"curies":[{"name":"wp","href":"https:\/\/api.w.org\/{rel}","templated":true}]}}