{"id":1996633,"date":"2020-03-03T09:41:49","date_gmt":"2020-03-03T08:41:49","guid":{"rendered":"https:\/\/de.tilta.com\/shop\/piastra-batteria-con-adattatore-da-serie-l-a-v-di-sony-di-tipo-i\/"},"modified":"2026-02-16T09:02:55","modified_gmt":"2026-02-16T08:02:55","slug":"sony-l-series-to-v-mount-adapter-battery-plate-type-i","status":"publish","type":"product","link":"https:\/\/eu.tilta.com\/it\/shop\/sony-l-series-to-v-mount-adapter-battery-plate-type-i\/","title":{"rendered":"Piastra batteria con adattatore da serie L a V di Sony di tipo I"},"content":{"rendered":"<p>Questo adattatore ti permette di adattare una piastra portabatterie della serie L di Sony (come quella integrata nelle varie fotocamere Z CAM) a una piastra portabatterie con attacco a V.<\/p>\n<p>Questo ti permette di utilizzare la maggiore autonomia di una batteria con attacco a V per alimentare la tua fotocamera, riducendo al minimo la sostituzione delle batterie.<\/p>\n<p>Questa \u00e8 anche la soluzione perfetta per alimentare gli accessori pi\u00f9 piccoli che tradizionalmente utilizzano batterie della serie L di minore capacit\u00e0, come i pannelli luminosi a LED pi\u00f9 piccoli o i monitor esterni per le stazioni di messa a fuoco.<\/p>\n<p>La versione di tipo I \u00e8 stata progettata per essere pi\u00f9 lunga, in modo da poter alloggiare meglio i cavi HDMI sui corpi macchina Z CAM.<\/p>\n","protected":false},"excerpt":{"rendered":"<p>Questo adattatore ti permette di adattare una piastra portabatterie della serie L di Sony (come quella integrata nelle varie fotocamere Z CAM) a una piastra portabatterie con attacco a V. Questo ti permette di utilizzare la maggiore autonomia di una [&hellip;]<\/p>\n","protected":false},"featured_media":0,"comment_status":"closed","ping_status":"closed","template":"","meta":[],"product_cat":[4448,1724,1716,1720,2021,2415],"product_tag":[],"acf":[],"gallery_images":[786888,786889,786890,574968],"_links":{"self":[{"href":"https:\/\/eu.tilta.com\/it\/wp-json\/wp\/v2\/product\/1996633"}],"collection":[{"href":"https:\/\/eu.tilta.com\/it\/wp-json\/wp\/v2\/product"}],"about":[{"href":"https:\/\/eu.tilta.com\/it\/wp-json\/wp\/v2\/types\/product"}],"replies":[{"embeddable":true,"href":"https:\/\/eu.tilta.com\/it\/wp-json\/wp\/v2\/comments?post=1996633"}],"wp:attachment":[{"href":"https:\/\/eu.tilta.com\/it\/wp-json\/wp\/v2\/media?parent=1996633"}],"wp:term":[{"taxonomy":"product_cat","embeddable":true,"href":"https:\/\/eu.tilta.com\/it\/wp-json\/wp\/v2\/product_cat?post=1996633"},{"taxonomy":"product_tag","embeddable":true,"href":"https:\/\/eu.tilta.com\/it\/wp-json\/wp\/v2\/product_tag?post=1996633"}],"curies":[{"name":"wp","href":"https:\/\/api.w.org\/{rel}","templated":true}]}}