{"id":1996644,"date":"2020-06-08T16:21:49","date_gmt":"2020-06-08T14:21:49","guid":{"rendered":"https:\/\/de.tilta.com\/shop\/adattatore-per-batteria-sony-serie-l-a-attacco-v-tipo-ii\/"},"modified":"2025-12-05T13:09:27","modified_gmt":"2025-12-05T12:09:27","slug":"sony-l-series-to-v-mount-adapter-battery-plate-type-ii","status":"publish","type":"product","link":"https:\/\/eu.tilta.com\/it\/shop\/sony-l-series-to-v-mount-adapter-battery-plate-type-ii\/","title":{"rendered":"Adattatore per batteria Sony serie L a attacco V Tipo II"},"content":{"rendered":"<p>Questo adattatore ti permette di adattare una piastra portabatterie della serie L di Sony (come quella integrata nelle varie fotocamere Z CAM) a una piastra portabatterie con attacco a V.<\/p>\n<p>Questo ti permette di utilizzare la maggiore autonomia di una batteria con attacco a V per alimentare la tua fotocamera, riducendo al minimo la sostituzione delle batterie.<\/p>\n<p>Questa \u00e8 anche la soluzione perfetta per alimentare gli accessori pi\u00f9 piccoli che tradizionalmente utilizzano batterie della serie L di minore capacit\u00e0, come i pannelli luminosi a LED pi\u00f9 piccoli o i monitor esterni per le stazioni di messa a fuoco.<\/p>\n<p>La versione di tipo II \u00e8 stata progettata per essere pi\u00f9 compatta e per sottoporre a minore stress i pin di contatto della serie L di Sony, ma pu\u00f2 interferire con alcune porte dei corpi macchina Z CAM.<\/p>\n<p>Raccomandiamo le piastre di tipo I per gli utenti che prevedono questo problema.<\/p>\n<p>&nbsp;<\/p>\n","protected":false},"excerpt":{"rendered":"<p>Questo adattatore ti permette di adattare una piastra portabatterie della serie L di Sony (come quella integrata nelle varie fotocamere Z CAM) a una piastra portabatterie con attacco a V. Questo ti permette di utilizzare la maggiore autonomia di una [&hellip;]<\/p>\n","protected":false},"featured_media":0,"comment_status":"closed","ping_status":"closed","template":"","meta":[],"product_cat":[1724,1716,1720,2021],"product_tag":[],"acf":[],"gallery_images":[793126,793127,793128],"_links":{"self":[{"href":"https:\/\/eu.tilta.com\/it\/wp-json\/wp\/v2\/product\/1996644"}],"collection":[{"href":"https:\/\/eu.tilta.com\/it\/wp-json\/wp\/v2\/product"}],"about":[{"href":"https:\/\/eu.tilta.com\/it\/wp-json\/wp\/v2\/types\/product"}],"replies":[{"embeddable":true,"href":"https:\/\/eu.tilta.com\/it\/wp-json\/wp\/v2\/comments?post=1996644"}],"wp:attachment":[{"href":"https:\/\/eu.tilta.com\/it\/wp-json\/wp\/v2\/media?parent=1996644"}],"wp:term":[{"taxonomy":"product_cat","embeddable":true,"href":"https:\/\/eu.tilta.com\/it\/wp-json\/wp\/v2\/product_cat?post=1996644"},{"taxonomy":"product_tag","embeddable":true,"href":"https:\/\/eu.tilta.com\/it\/wp-json\/wp\/v2\/product_tag?post=1996644"}],"curies":[{"name":"wp","href":"https:\/\/api.w.org\/{rel}","templated":true}]}}