{"id":1996874,"date":"2020-01-30T12:49:06","date_gmt":"2020-01-30T11:49:06","guid":{"rendered":"https:\/\/de.tilta.com\/shop\/braccio-armorman-3-0-l\/"},"modified":"2025-12-05T13:11:30","modified_gmt":"2025-12-05T12:11:30","slug":"armorman-3-0-arm-l","status":"publish","type":"product","link":"https:\/\/eu.tilta.com\/it\/shop\/armorman-3-0-arm-l\/","title":{"rendered":"Braccio Armorman 3.0 (L)"},"content":{"rendered":"<p>Questo braccio sinistro stabilizzato ad assorbimento d&#8217;urto per l&#8217;Armor Man 3.0 si attacca alla parte posteriore del giubbotto Armor Man 3.0 quando \u00e8 in modalit\u00e0 di funzionamento normale e pu\u00f2 anche essere attaccato alla parte superiore del giubbotto quando si opera in configurazione overhead. Quando \u00e8 inserito, il braccio ha due manopole di tensione regolabili che ti permettono di adattarlo al peso del tuo gimbal o della tua videocamera e allo stile di utilizzo che preferisci (se vuoi che i bracci siano inarcati lontano dal corpo o stretti e compatti al corpo).<\/p>\n<p>Puoi collegare all&#8217;estremit\u00e0 del braccio una serie di supporti cardanici che ti permetteranno di utilizzare l&#8217;Armorman con qualsiasi tipo di gimbal a 3 assi, sia che si tratti di un gimbal basato sulla barra superiore, sia che si tratti di un gimbal ad anello o anche che tu voglia utilizzare le maniglie Nucleus-M sul tuo gimbal. Ciascuno di questi supporti si aggancia al braccio con un sistema scorrevole a coda di rondine, in modo da poterli regolare per ottenere il massimo comfort in base alle tue preferenze operative.<\/p>\n","protected":false},"excerpt":{"rendered":"<p>Questo braccio sinistro stabilizzato ad assorbimento d&#8217;urto per l&#8217;Armor Man 3.0 si attacca alla parte posteriore del giubbotto Armor Man 3.0 quando \u00e8 in modalit\u00e0 di funzionamento normale e pu\u00f2 anche essere attaccato alla parte superiore del giubbotto quando si [&hellip;]<\/p>\n","protected":false},"featured_media":1996878,"comment_status":"closed","ping_status":"closed","template":"","meta":[],"product_cat":[2350],"product_tag":[],"acf":[],"gallery_images":[],"_links":{"self":[{"href":"https:\/\/eu.tilta.com\/it\/wp-json\/wp\/v2\/product\/1996874"}],"collection":[{"href":"https:\/\/eu.tilta.com\/it\/wp-json\/wp\/v2\/product"}],"about":[{"href":"https:\/\/eu.tilta.com\/it\/wp-json\/wp\/v2\/types\/product"}],"replies":[{"embeddable":true,"href":"https:\/\/eu.tilta.com\/it\/wp-json\/wp\/v2\/comments?post=1996874"}],"wp:featuredmedia":[{"embeddable":true,"href":"https:\/\/eu.tilta.com\/it\/wp-json\/wp\/v2\/media\/1996878"}],"wp:attachment":[{"href":"https:\/\/eu.tilta.com\/it\/wp-json\/wp\/v2\/media?parent=1996874"}],"wp:term":[{"taxonomy":"product_cat","embeddable":true,"href":"https:\/\/eu.tilta.com\/it\/wp-json\/wp\/v2\/product_cat?post=1996874"},{"taxonomy":"product_tag","embeddable":true,"href":"https:\/\/eu.tilta.com\/it\/wp-json\/wp\/v2\/product_tag?post=1996874"}],"curies":[{"name":"wp","href":"https:\/\/api.w.org\/{rel}","templated":true}]}}