{"id":1997826,"date":"2019-03-15T12:04:03","date_gmt":"2019-03-15T11:04:03","guid":{"rendered":"https:\/\/de.tilta.com\/shop\/cavo-di-alimentazione-ptap-per-bmpcc-4k-6k\/"},"modified":"2026-02-16T09:00:44","modified_gmt":"2026-02-16T08:00:44","slug":"p-tap-to-bmpcc4k-power-cable","status":"publish","type":"product","link":"https:\/\/eu.tilta.com\/it\/shop\/p-tap-to-bmpcc4k-power-cable\/","title":{"rendered":"Cavo di alimentazione PTAP per BMPCC 4K\/6K"},"content":{"rendered":"<p>Questo cavo di alimentazione P-tap pu\u00f2 essere utilizzato per aumentare la durata della batteria della tua videocamera BMPCC 4K\/6K con la variet\u00e0 di piastre e basi per batteria che offriamo. L&#8217;estremit\u00e0 P-tap va in una delle uscite P-tap sulle piastre e sulle basi della batteria e l&#8217;altra estremit\u00e0 va nella porta di ingresso dell&#8217;alimentazione della BMPCC 4K\/6K.<\/p>\n","protected":false},"excerpt":{"rendered":"<p>Questo cavo di alimentazione P-tap pu\u00f2 essere utilizzato per aumentare la durata della batteria della tua videocamera BMPCC 4K\/6K con la variet\u00e0 di piastre e basi per batteria che offriamo. L&#8217;estremit\u00e0 P-tap va in una delle uscite P-tap sulle piastre [&hellip;]<\/p>\n","protected":false},"featured_media":0,"comment_status":"closed","ping_status":"closed","template":"","meta":[],"product_cat":[4448,1840,1744,1632,2448,2419,2188],"product_tag":[],"acf":[],"gallery_images":[46379,46388,46466,46467],"_links":{"self":[{"href":"https:\/\/eu.tilta.com\/it\/wp-json\/wp\/v2\/product\/1997826"}],"collection":[{"href":"https:\/\/eu.tilta.com\/it\/wp-json\/wp\/v2\/product"}],"about":[{"href":"https:\/\/eu.tilta.com\/it\/wp-json\/wp\/v2\/types\/product"}],"replies":[{"embeddable":true,"href":"https:\/\/eu.tilta.com\/it\/wp-json\/wp\/v2\/comments?post=1997826"}],"wp:attachment":[{"href":"https:\/\/eu.tilta.com\/it\/wp-json\/wp\/v2\/media?parent=1997826"}],"wp:term":[{"taxonomy":"product_cat","embeddable":true,"href":"https:\/\/eu.tilta.com\/it\/wp-json\/wp\/v2\/product_cat?post=1997826"},{"taxonomy":"product_tag","embeddable":true,"href":"https:\/\/eu.tilta.com\/it\/wp-json\/wp\/v2\/product_tag?post=1997826"}],"curies":[{"name":"wp","href":"https:\/\/api.w.org\/{rel}","templated":true}]}}