{"id":1998287,"date":"2018-11-12T14:15:18","date_gmt":"2018-11-12T13:15:18","guid":{"rendered":"https:\/\/de.tilta.com\/shop\/cavo-usb-c-a-90-gradi-30-cm\/"},"modified":"2025-12-05T13:17:39","modified_gmt":"2025-12-05T12:17:39","slug":"90-degree-usb-c-cable-for-bmpcc-4k-30cm","status":"publish","type":"product","link":"https:\/\/eu.tilta.com\/it\/shop\/90-degree-usb-c-cable-for-bmpcc-4k-30cm\/","title":{"rendered":"Cavo USB-C a 90 gradi (30 cm)"},"content":{"rendered":"<p>Questo cavo USB-C da 30 cm \u00e8 stato progettato appositamente per integrarsi con la gabbia della videocamera Tilta BMPCC 4K. \u00c8 stato progettato con una connessione a 90 gradi su ogni estremit\u00e0, in modo che il cavo abbracci perfettamente il lato della gabbia.<\/p>\n","protected":false},"excerpt":{"rendered":"<p>Questo cavo USB-C da 30 cm \u00e8 stato progettato appositamente per integrarsi con la gabbia della videocamera Tilta BMPCC 4K. \u00c8 stato progettato con una connessione a 90 gradi su ogni estremit\u00e0, in modo che il cavo abbracci perfettamente il [&hellip;]<\/p>\n","protected":false},"featured_media":0,"comment_status":"closed","ping_status":"closed","template":"","meta":[],"product_cat":[3384,1840,1632,2034],"product_tag":[],"acf":[],"gallery_images":[46537],"_links":{"self":[{"href":"https:\/\/eu.tilta.com\/it\/wp-json\/wp\/v2\/product\/1998287"}],"collection":[{"href":"https:\/\/eu.tilta.com\/it\/wp-json\/wp\/v2\/product"}],"about":[{"href":"https:\/\/eu.tilta.com\/it\/wp-json\/wp\/v2\/types\/product"}],"replies":[{"embeddable":true,"href":"https:\/\/eu.tilta.com\/it\/wp-json\/wp\/v2\/comments?post=1998287"}],"wp:attachment":[{"href":"https:\/\/eu.tilta.com\/it\/wp-json\/wp\/v2\/media?parent=1998287"}],"wp:term":[{"taxonomy":"product_cat","embeddable":true,"href":"https:\/\/eu.tilta.com\/it\/wp-json\/wp\/v2\/product_cat?post=1998287"},{"taxonomy":"product_tag","embeddable":true,"href":"https:\/\/eu.tilta.com\/it\/wp-json\/wp\/v2\/product_tag?post=1998287"}],"curies":[{"name":"wp","href":"https:\/\/api.w.org\/{rel}","templated":true}]}}