{"id":1998691,"date":"2017-09-29T14:52:19","date_gmt":"2017-09-29T12:52:19","guid":{"rendered":"https:\/\/de.tilta.com\/shop\/cordino-dellunita-manuale-nucleus-m-fiz\/"},"modified":"2025-12-05T13:20:54","modified_gmt":"2025-12-05T12:20:54","slug":"nucleus-m-fiz-hand-unit-lanyard","status":"publish","type":"product","link":"https:\/\/eu.tilta.com\/it\/shop\/nucleus-m-fiz-hand-unit-lanyard\/","title":{"rendered":"Cordino dell&#8217;unit\u00e0 manuale Nucleus-M FIZ"},"content":{"rendered":"<p>Questo cordino personalizzato si attacca all&#8217;unit\u00e0 portatile Nucleus-M per permetterti di tenerla sempre vicina al corpo durante i momenti pi\u00f9 frenetici sul set.<\/p>\n","protected":false},"excerpt":{"rendered":"<p>Questo cordino personalizzato si attacca all&#8217;unit\u00e0 portatile Nucleus-M per permetterti di tenerla sempre vicina al corpo durante i momenti pi\u00f9 frenetici sul set.<\/p>\n","protected":false},"featured_media":1998692,"comment_status":"closed","ping_status":"closed","template":"","meta":[],"product_cat":[2302],"product_tag":[2489],"acf":[],"gallery_images":[],"_links":{"self":[{"href":"https:\/\/eu.tilta.com\/it\/wp-json\/wp\/v2\/product\/1998691"}],"collection":[{"href":"https:\/\/eu.tilta.com\/it\/wp-json\/wp\/v2\/product"}],"about":[{"href":"https:\/\/eu.tilta.com\/it\/wp-json\/wp\/v2\/types\/product"}],"replies":[{"embeddable":true,"href":"https:\/\/eu.tilta.com\/it\/wp-json\/wp\/v2\/comments?post=1998691"}],"wp:featuredmedia":[{"embeddable":true,"href":"https:\/\/eu.tilta.com\/it\/wp-json\/wp\/v2\/media\/1998692"}],"wp:attachment":[{"href":"https:\/\/eu.tilta.com\/it\/wp-json\/wp\/v2\/media?parent=1998691"}],"wp:term":[{"taxonomy":"product_cat","embeddable":true,"href":"https:\/\/eu.tilta.com\/it\/wp-json\/wp\/v2\/product_cat?post=1998691"},{"taxonomy":"product_tag","embeddable":true,"href":"https:\/\/eu.tilta.com\/it\/wp-json\/wp\/v2\/product_tag?post=1998691"}],"curies":[{"name":"wp","href":"https:\/\/api.w.org\/{rel}","templated":true}]}}