{"id":1998746,"date":"2017-08-11T17:32:03","date_gmt":"2017-08-11T15:32:03","guid":{"rendered":"https:\/\/de.tilta.com\/shop\/impugnatura-nucleus-m-destra\/"},"modified":"2026-04-30T10:00:15","modified_gmt":"2026-04-30T08:00:15","slug":"nucleus-m-handle-grip-right","status":"publish","type":"product","link":"https:\/\/eu.tilta.com\/it\/shop\/nucleus-m-handle-grip-right\/","title":{"rendered":"Impugnatura Nucleus-M (destra)"},"content":{"rendered":"<p>Questa impugnatura destra per Nucleus M ti permette di controllare i motori di messa a fuoco wireless Nucleus M e Nucleus Nano.<\/p>\n<p>L&#8217;impugnatura destra pu\u00f2 controllare facilmente i due motori assegnati dalla CA dal joystick Zoom o dalla manopola Iris. La coppia del singolo motore pu\u00f2 essere modificata dal menu dell&#8217;impugnatura.<\/p>\n<p>L&#8217;avvio\/arresto remoto \u00e8 possibile collegando un cavo Nucleus-M R\/S compatibile alla porta aperta a 7 pin di un motore. In questo modo avrai la possibilit\u00e0 di fare R\/S attraverso il pulsante REC dell&#8217;Hand Grip.<\/p>\n<p>Gli stop A-B possono essere creati per il Joystick e la Manopola individualmente e la corsa della Manopola pu\u00f2 essere regolata per lanci pi\u00f9 corti o pi\u00f9 lunghi.<\/p>\n<p>Alimentato da (2) batterie 18650 &#8211; <strong>non incluse<\/strong>. L&#8217;impugnatura pu\u00f2 essere alimentata dalla porta a 7 pin della fotocamera.<\/p>\n<hr>\n","protected":false},"excerpt":{"rendered":"<p>Questa impugnatura destra per Nucleus M ti permette di controllare i motori di messa a fuoco wireless Nucleus M e Nucleus Nano. L&#8217;impugnatura destra pu\u00f2 controllare facilmente i due motori assegnati dalla CA dal joystick Zoom o dalla manopola Iris. [&hellip;]<\/p>\n","protected":false},"featured_media":1998750,"comment_status":"closed","ping_status":"closed","template":"","meta":[],"product_cat":[2302],"product_tag":[2489],"acf":[],"gallery_images":[],"_links":{"self":[{"href":"https:\/\/eu.tilta.com\/it\/wp-json\/wp\/v2\/product\/1998746"}],"collection":[{"href":"https:\/\/eu.tilta.com\/it\/wp-json\/wp\/v2\/product"}],"about":[{"href":"https:\/\/eu.tilta.com\/it\/wp-json\/wp\/v2\/types\/product"}],"replies":[{"embeddable":true,"href":"https:\/\/eu.tilta.com\/it\/wp-json\/wp\/v2\/comments?post=1998746"}],"wp:featuredmedia":[{"embeddable":true,"href":"https:\/\/eu.tilta.com\/it\/wp-json\/wp\/v2\/media\/1998750"}],"wp:attachment":[{"href":"https:\/\/eu.tilta.com\/it\/wp-json\/wp\/v2\/media?parent=1998746"}],"wp:term":[{"taxonomy":"product_cat","embeddable":true,"href":"https:\/\/eu.tilta.com\/it\/wp-json\/wp\/v2\/product_cat?post=1998746"},{"taxonomy":"product_tag","embeddable":true,"href":"https:\/\/eu.tilta.com\/it\/wp-json\/wp\/v2\/product_tag?post=1998746"}],"curies":[{"name":"wp","href":"https:\/\/api.w.org\/{rel}","templated":true}]}}