{"id":1998941,"date":"2017-07-20T11:48:42","date_gmt":"2017-07-20T09:48:42","guid":{"rendered":"https:\/\/de.tilta.com\/shop\/nucleus-m-sistema-di-controllo-dellobiettivo-senza-fili\/"},"modified":"2026-04-30T10:01:12","modified_gmt":"2026-04-30T08:01:12","slug":"nucleus-m-wireless-follow-focus","status":"publish","type":"product","link":"https:\/\/eu.tilta.com\/it\/shop\/nucleus-m-wireless-follow-focus\/","title":{"rendered":"Nucleus-M: sistema di controllo dell&#8217;obiettivo senza fili"},"content":{"rendered":"<p>Il Nucleus-M \u00e8 un sistema di controllo dell&#8217;obiettivo wireless a 3 canali rivoluzionario e altamente personalizzabile.<\/p>\n<p>Ti permette di avere il pieno controllo della messa a fuoco, dell&#8217;iride e dello zoom sull&#8217;unit\u00e0 manuale FIZ o tra le due impugnature wireless. Puoi anche dividere il controllo dei canali tra l&#8217;unit\u00e0 portatile e le manopole wireless come meglio credi, premendo un pulsante.<\/p>\n<p>Il raggio d&#8217;azione wireless dell&#8217;unit\u00e0 portatile e delle impugnature \u00e8 di 1.000 piedi.<\/p>\n<p>Le impugnature possono essere fissate ai supporti a rosetta inclusi per il funzionamento a mano e possono anche essere collegate a gimbal basati su barra superiore con gli <a href=\"https:\/\/de.tilta.com\/shop\/nucleus-m-handle-grip-mount-gimbal-adapter-lr\/\">adattatori Nucleus-M Hand Grip to Gimbal<\/a> inclusi o a gimbal basati su anello con gli <a href=\"https:\/\/de.tilta.com\/shop\/nucleus-m-hand-grips-universal-gimbal-adapter-rosettes-lr\/\">adattatori universali Nucleus-M Hand Grip Universal Gimbal Ring<\/a> opzionali.<\/p>\n<p>Ogni motore ha un proprio azionamento integrato che comunica direttamente con l&#8217;unit\u00e0 manuale e le impugnature. Questo elimina la necessit\u00e0 di montare un MDR separato sul tuo rig, consentendo una configurazione pi\u00f9 compatta della videocamera e un tempo di installazione pi\u00f9 rapido.<\/p>\n<p>Basta impostare i motori e le unit\u00e0 manuali\/manopole sullo stesso canale per avere il pieno controllo.<\/p>\n<p>I motori consentono la calibrazione automatica dell&#8217;obiettivo e la calibrazione manuale se utilizzi obiettivi che non hanno un fine corsa rigido per la messa a fuoco ravvicinata e all&#8217;infinito.<\/p>\n<p>I motori sono progettati per essere montati su <a href=\"https:\/\/de.tilta.com\/shop\/15mm-aluminum-rod\/\">aste<\/a> <a href=\"https:\/\/de.tilta.com\/shop\/19mm-rod\/\">da 19<\/a> o <a href=\"https:\/\/de.tilta.com\/shop\/15mm-aluminum-rod\/\">15<\/a> <a href=\"https:\/\/de.tilta.com\/shop\/19mm-rod\/\">mm<\/a> (con le boccole incluse). Questo design a morsetto ti permette di attaccare e staccare facilmente i motori senza dover rimuovere nessun altro accessorio dalla tua configurazione.<\/p>\n<p>Ogni motore \u00e8 dotato di un ingranaggio da 0,8 mod, 35 denti, 32 passi, che \u00e8 la dimensione standard per gli obiettivi cinematografici.  <strong>La coppia del motore Nucleus-M a 14,8V \u00e8 di 2,5N-m<\/strong><\/p>\n<p>Per alimentare i motori, \u00e8 sufficiente utilizzare una sola porta di alimentazione del tuo impianto di ripresa. Basta collegare il cavo di alimentazione P-tap a uno dei motori e poi collegare in cascata gli altri motori con i cavi corti da 7 pin a 7 pin.<\/p>\n<p><strong>I motori possono essere alimentati da una fonte di alimentazione con una tensione di uscita compresa tra 7,2V e 24V.<\/strong><\/p>\n<p>L&#8217;unit\u00e0 manuale e le impugnature sono alimentate da due batterie ricaricabili 18650<strong> (batterie NON incluse)<\/strong>. Quando sono completamente cariche, le batterie delle impugnature durano fino a 2 giorni, mentre quelle dell&#8217;unit\u00e0 portatile durano fino a 10 ore.<\/p>\n<p>L&#8217;avvio\/arresto remoto \u00e8 possibile collegando un cavo Nucleus-M R\/S compatibile alla porta aperta a 7 pin di un motore. In questo modo avrai la possibilit\u00e0 di fare R\/S attraverso l&#8217;unit\u00e0 manuale e\/o le maniglie.<\/p>\n<p><strong>** NOTA BENE: i cavi R\/S che offriamo per le nostre maniglie in legno NON SONO compatibili con il Nucleus-M poich\u00e9 la progettazione e le configurazioni dei pin sono completamente diverse. L&#8217;uso del manico di legno I cavi R\/S non sono sicuri da usare con il Nucleus-M.  <\/strong><\/p>\n<p><strong>Utilizza solo cavi sviluppati da noi esclusivamente per il sistema Nucleus-M.  <\/strong><\/p>\n","protected":false},"excerpt":{"rendered":"<p>Il Nucleus-M \u00e8 un sistema di controllo dell&#8217;obiettivo wireless a 3 canali rivoluzionario e altamente personalizzabile. Ti permette di avere il pieno controllo della messa a fuoco, dell&#8217;iride e dello zoom sull&#8217;unit\u00e0 manuale FIZ o tra le due impugnature wireless. [&hellip;]<\/p>\n","protected":false},"featured_media":1998943,"comment_status":"closed","ping_status":"closed","template":"","meta":[],"product_cat":[3231,1868,1630,1634,1646,1649,1674,3149,1682,1727,3148,1705,1709,1711,2302],"product_tag":[],"acf":[],"gallery_images":[1998761,1997457,1997459,1998733,1998750,1998944,1998945,1998947,1998948,1998949,1998950],"_links":{"self":[{"href":"https:\/\/eu.tilta.com\/it\/wp-json\/wp\/v2\/product\/1998941"}],"collection":[{"href":"https:\/\/eu.tilta.com\/it\/wp-json\/wp\/v2\/product"}],"about":[{"href":"https:\/\/eu.tilta.com\/it\/wp-json\/wp\/v2\/types\/product"}],"replies":[{"embeddable":true,"href":"https:\/\/eu.tilta.com\/it\/wp-json\/wp\/v2\/comments?post=1998941"}],"wp:featuredmedia":[{"embeddable":true,"href":"https:\/\/eu.tilta.com\/it\/wp-json\/wp\/v2\/media\/1998943"}],"wp:attachment":[{"href":"https:\/\/eu.tilta.com\/it\/wp-json\/wp\/v2\/media?parent=1998941"}],"wp:term":[{"taxonomy":"product_cat","embeddable":true,"href":"https:\/\/eu.tilta.com\/it\/wp-json\/wp\/v2\/product_cat?post=1998941"},{"taxonomy":"product_tag","embeddable":true,"href":"https:\/\/eu.tilta.com\/it\/wp-json\/wp\/v2\/product_tag?post=1998941"}],"curies":[{"name":"wp","href":"https:\/\/api.w.org\/{rel}","templated":true}]}}