{"id":1999088,"date":"2017-04-05T10:09:25","date_gmt":"2017-04-05T08:09:25","guid":{"rendered":"https:\/\/de.tilta.com\/shop\/sistema-di-impugnatura-universal-pro\/"},"modified":"2025-12-05T13:22:11","modified_gmt":"2025-12-05T12:22:11","slug":"universal-pro-hand-grip-uh-t04uh-t04-15suh-t03","status":"publish","type":"product","link":"https:\/\/eu.tilta.com\/it\/shop\/universal-pro-hand-grip-uh-t04uh-t04-15suh-t03\/","title":{"rendered":"Sistema di impugnatura Universal Pro"},"content":{"rendered":"<p>Questo sistema di impugnatura universale ad alta resistenza si aggancia direttamente alle aste della tua videocamera, consentendo transizioni rapidissime dal montaggio a spalla ad altri supporti e viceversa. \u00c8 sufficiente far scattare il ponte sulle aste e bloccarlo tramite una vite di serraggio. Questo sistema \u00e8 disponibile in due modelli diversi: uno che offre punti di montaggio per sistemi di aste da studio da 15 mm e LWS da 15 mm e un altro che offre punti di montaggio per sistemi di aste da studio da 15 mm e 19 mm. Questo design a scatto ti permette di non dover rimuovere gli accessori gi\u00e0 fissati alle aste.<\/p>\n<p>L&#8217;attrezzatura \u00e8 estremamente stabile, solida e resistente. Le impugnature sono dotate di schiuma ad alta densit\u00e0 per garantire comfort, supporto e stabilit\u00e0 e possono essere ruotate di 360 gradi grazie alle rosette Arri Standard in acciaio inossidabile. Inoltre, il design a tre snodi consente all&#8217;operatore flessibilit\u00e0 e comfort. Le maniglie di estensione del rosone possono essere allungate per adattarsi alle tue esigenze.<\/p>\n","protected":false},"excerpt":{"rendered":"<p>Da utilizzare con i sistemi di supporto per obiettivi e fotocamere 15mm\/19mm Rod per un montaggio facile e veloce di set up a spalla con bracci a rosetta estensibili.<\/p>\n","protected":false},"featured_media":1999091,"comment_status":"closed","ping_status":"closed","template":"","meta":[],"product_cat":[2304],"product_tag":[],"acf":[],"gallery_images":[],"_links":{"self":[{"href":"https:\/\/eu.tilta.com\/it\/wp-json\/wp\/v2\/product\/1999088"}],"collection":[{"href":"https:\/\/eu.tilta.com\/it\/wp-json\/wp\/v2\/product"}],"about":[{"href":"https:\/\/eu.tilta.com\/it\/wp-json\/wp\/v2\/types\/product"}],"replies":[{"embeddable":true,"href":"https:\/\/eu.tilta.com\/it\/wp-json\/wp\/v2\/comments?post=1999088"}],"wp:featuredmedia":[{"embeddable":true,"href":"https:\/\/eu.tilta.com\/it\/wp-json\/wp\/v2\/media\/1999091"}],"wp:attachment":[{"href":"https:\/\/eu.tilta.com\/it\/wp-json\/wp\/v2\/media?parent=1999088"}],"wp:term":[{"taxonomy":"product_cat","embeddable":true,"href":"https:\/\/eu.tilta.com\/it\/wp-json\/wp\/v2\/product_cat?post=1999088"},{"taxonomy":"product_tag","embeddable":true,"href":"https:\/\/eu.tilta.com\/it\/wp-json\/wp\/v2\/product_tag?post=1999088"}],"curies":[{"name":"wp","href":"https:\/\/api.w.org\/{rel}","templated":true}]}}