{"id":1999191,"date":"2015-10-12T06:38:53","date_gmt":"2015-10-12T04:38:53","guid":{"rendered":"https:\/\/de.tilta.com\/shop\/supporto-obiettivo-lws-15-mm-pro\/"},"modified":"2026-01-16T02:45:46","modified_gmt":"2026-01-16T01:45:46","slug":"15mm-lens-supporter-pro-ls-t05","status":"publish","type":"product","link":"https:\/\/eu.tilta.com\/it\/shop\/15mm-lens-supporter-pro-ls-t05\/","title":{"rendered":"Supporto obiettivo LWS 15 mm Pro"},"content":{"rendered":"<p>Questo supporto per lenti offre stabilit\u00e0 all&#8217;obiettivo ed \u00e8 compatibile con le aste LWS da 15 mm.<\/p>\n<p>La vite di supporto centrale pu\u00f2 essere serrata con un dito sulla staffa di supporto a &#8220;Y&#8221; e poi sollevata e abbassata per permetterti di fissare saldamente l&#8217;obiettivo.<\/p>\n<p>La vite centrale da 3\/8&#8243;-16 pu\u00f2 anche essere collegata direttamente all&#8217;obiettivo e pu\u00f2 essere adattata a 1\/4&#8243;-20 mediante l&#8217;adattatore da 3\/8&#8243;-16 a 1\/4&#8243;-20.<\/p>\n<p>Inoltre, presenta un design aperto per il fissaggio alle aste, in modo da poterlo attaccare e staccare facilmente senza dover rimuovere altri accessori.<\/p>\n","protected":false},"excerpt":{"rendered":"<p>Questo supporto per lenti offre stabilit\u00e0 all&#8217;obiettivo ed \u00e8 compatibile con le aste LWS da 15 mm. La vite di supporto centrale pu\u00f2 essere serrata con un dito sulla staffa di supporto a &#8220;Y&#8221; e poi sollevata e abbassata per [&hellip;]<\/p>\n","protected":false},"featured_media":1999199,"comment_status":"closed","ping_status":"closed","template":"","meta":[],"product_cat":[1868,2555,2552],"product_tag":[],"acf":[],"gallery_images":[1999200,1999201,1999202,1999203],"_links":{"self":[{"href":"https:\/\/eu.tilta.com\/it\/wp-json\/wp\/v2\/product\/1999191"}],"collection":[{"href":"https:\/\/eu.tilta.com\/it\/wp-json\/wp\/v2\/product"}],"about":[{"href":"https:\/\/eu.tilta.com\/it\/wp-json\/wp\/v2\/types\/product"}],"replies":[{"embeddable":true,"href":"https:\/\/eu.tilta.com\/it\/wp-json\/wp\/v2\/comments?post=1999191"}],"wp:featuredmedia":[{"embeddable":true,"href":"https:\/\/eu.tilta.com\/it\/wp-json\/wp\/v2\/media\/1999199"}],"wp:attachment":[{"href":"https:\/\/eu.tilta.com\/it\/wp-json\/wp\/v2\/media?parent=1999191"}],"wp:term":[{"taxonomy":"product_cat","embeddable":true,"href":"https:\/\/eu.tilta.com\/it\/wp-json\/wp\/v2\/product_cat?post=1999191"},{"taxonomy":"product_tag","embeddable":true,"href":"https:\/\/eu.tilta.com\/it\/wp-json\/wp\/v2\/product_tag?post=1999191"}],"curies":[{"name":"wp","href":"https:\/\/api.w.org\/{rel}","templated":true}]}}