{"id":2001078,"date":"2024-07-31T10:27:26","date_gmt":"2024-07-31T08:27:26","guid":{"rendered":"https:\/\/de.tilta.com\/shop\/impugnatura-ad-anello-avanzata-per-il-kit-da-viaggio-rs-2\/"},"modified":"2025-12-05T13:27:55","modified_gmt":"2025-12-05T12:27:55","slug":"advanced-ring-grip-for-rs-2-travel-kit","status":"publish","type":"product","link":"https:\/\/eu.tilta.com\/it\/shop\/advanced-ring-grip-for-rs-2-travel-kit\/","title":{"rendered":"Impugnatura ad anello avanzata per il kit da viaggio RS 2"},"content":{"rendered":"<p><strong>AVVERTENZA: fai molta attenzione quando colleghi i cavi di alimentazione P-Tap al modulo di alimentazione (non incluso), in quanto il collegamento dei cavi al contrario pu\u00f2 danneggiare il tuo gimbal<\/strong> L&#8217;impugnatura ad anello avanzata per RS 2, RS 3 Pro, RS 4\/4 Pro ti consente una maggiore flessibilit\u00e0 nell&#8217;alimentazione del gimbal, nel montaggio degli accessori, nel controllo dei motori di messa a fuoco wireless e nell&#8217;utilizzo del corpo del gimbal.<br \/>\nIl design dell&#8217;impugnatura ad anello consente una maggiore stabilit\u00e0 grazie a pi\u00f9 punti di contatto durante l&#8217;utilizzo del gimbal e i cavalletti inclusi permettono di appoggiare il gimbal dopo lunghe riprese per garantire che l&#8217;operatore non si affatichi.  L&#8217;impugnatura ad anello ti permette di trasformare l&#8217;impugnatura della batteria del DJI Ronin (RS BG21\/30\/70) in un&#8217;impugnatura superiore, in modo da poter passare rapidamente alle riprese a bassa angolazione, fornendo allo stesso tempo ulteriore potenza al tuo gimbal. Il sistema ti permette di alimentare il tuo gimbal Ronin con una batteria Gold Mount, una batteria V-Mount o con l&#8217;impugnatura della batteria del gimbal. L&#8217;Advanced Ring Grip ti permette di montare il Battery Handle sulla parte superiore dell&#8217;anello, che funge da fonte di alimentazione e da impugnatura superiore. Pu\u00f2 essere utilizzato in combinazione con una piastra per batterie Gold o V-Mount, che ti offre una maggiore flessibilit\u00e0 per l&#8217;alimentazione degli accessori e una maggiore durata delle batterie sul set. L&#8217;impugnatura di controllo remoto in dotazione si attacca al lato destro dell&#8217;Advanced Ring Grip per permetterti di accedere facilmente alle impostazioni del gimbal e alle funzioni di registrazione e foto della tua fotocamera. Il Thumbstick ti permette di controllare il Pan e il Tilt del tuo gimbal per ottenere la massima precisione durante il funzionamento e la Focus Wheel ti permette di controllare in modalit\u00e0 wireless un motore di controllo dell&#8217;obiettivo DJI o della serie Nucleus. L&#8217;impugnatura di controllo dell&#8217;obiettivo wireless a doppio canale, inclusa nella confezione, si aggancia al lato sinistro dell&#8217;Advanced Ring Grip e ti permette di controllare due canali dei motori di controllo dell&#8217;obiettivo della serie Nucleus. Regola facilmente la messa a fuoco, l&#8217;iride o lo zoom del tuo obiettivo con le due rotelle di messa a fuoco sull&#8217;impugnatura: una sul retro dell&#8217;impugnatura da ruotare con il pollice e una sulla parte anteriore da ruotare con l&#8217;indice. Include un controllo limitato delle impostazioni del menu del gimbal Ronin tramite il tasto menu e dispone di un grilletto per passare rapidamente da una modalit\u00e0 all&#8217;altra del gimbal. Ogni impugnatura richiede una singola batteria 18650 per funzionare in modalit\u00e0 wireless. Possono essere alimentati dall&#8217;impugnatura superiore o dalla piastra portabatterie quando sono collegati all&#8217;impugnatura ad anello.  <strong>NOTA: Presta molta attenzione quando monti le batterie 18650, perch\u00e9 se le posizioni sono sbagliate puoi danneggiare le maniglie.<\/strong><\/p>\n<p><strong>RS3\/RS3 Pro: Il tasto M NON \u00e8 in grado di imitare la funzione del gimbal. Il tasto M di questa unit\u00e0 pu\u00f2 cambiare SOLO l&#8217;impostazione della modalit\u00e0.<\/strong><\/p>\n","protected":false},"excerpt":{"rendered":"<p>AVVERTENZA: fai molta attenzione quando colleghi i cavi di alimentazione P-Tap al modulo di alimentazione (non incluso), in quanto il collegamento dei cavi al contrario pu\u00f2 danneggiare il tuo gimbal L&#8217;impugnatura ad anello avanzata per RS 2, RS 3 Pro, [&hellip;]<\/p>\n","protected":false},"featured_media":2000949,"comment_status":"closed","ping_status":"closed","template":"","meta":[],"product_cat":[2364],"product_tag":[],"acf":[],"gallery_images":[2001009,2001033,2001027,2000997,2000991,2000985,2000979,2000973,2000967,2000961,2000955],"_links":{"self":[{"href":"https:\/\/eu.tilta.com\/it\/wp-json\/wp\/v2\/product\/2001078"}],"collection":[{"href":"https:\/\/eu.tilta.com\/it\/wp-json\/wp\/v2\/product"}],"about":[{"href":"https:\/\/eu.tilta.com\/it\/wp-json\/wp\/v2\/types\/product"}],"replies":[{"embeddable":true,"href":"https:\/\/eu.tilta.com\/it\/wp-json\/wp\/v2\/comments?post=2001078"}],"wp:featuredmedia":[{"embeddable":true,"href":"https:\/\/eu.tilta.com\/it\/wp-json\/wp\/v2\/media\/2000949"}],"wp:attachment":[{"href":"https:\/\/eu.tilta.com\/it\/wp-json\/wp\/v2\/media?parent=2001078"}],"wp:term":[{"taxonomy":"product_cat","embeddable":true,"href":"https:\/\/eu.tilta.com\/it\/wp-json\/wp\/v2\/product_cat?post=2001078"},{"taxonomy":"product_tag","embeddable":true,"href":"https:\/\/eu.tilta.com\/it\/wp-json\/wp\/v2\/product_tag?post=2001078"}],"curies":[{"name":"wp","href":"https:\/\/api.w.org\/{rel}","templated":true}]}}