{"id":2008208,"date":"2024-08-08T12:16:54","date_gmt":"2024-08-08T10:16:54","guid":{"rendered":"https:\/\/de.tilta.com\/shop\/testa-fluida-video-da-viaggio-tilta-vt05-con-gambe-del-treppiede-a-3-stadi-in-fibra-di-carbonio-5kg\/"},"modified":"2025-12-05T13:46:28","modified_gmt":"2025-12-05T12:46:28","slug":"tilta-vt05-travel-video-fluid-head-with-3-stage-carbon-fiber-tripod-legs-5kg","status":"publish","type":"product","link":"https:\/\/eu.tilta.com\/it\/shop\/tilta-vt05-travel-video-fluid-head-with-3-stage-carbon-fiber-tripod-legs-5kg\/","title":{"rendered":"Testa fluida video da viaggio Tilta VT05 con gambe del treppiede a 3 stadi in fibra di carbonio (5KG)"},"content":{"rendered":"<div class=\"overview-text\">\n<p><em>Ti presentiamo il treppiede con testa fluida Tilta Travel Video con gambe a 3 stadi in fibra di carbonio, progettato per migliorare la tua esperienza di ripresa con una versatilit\u00e0 e una precisione senza pari.<\/em><\/p>\n<p>Realizzate in fibra di carbonio ad alta resistenza e con 10 strati di diamante intrecciati, queste gambe per treppiede assicurano una solida stabilit\u00e0 pur rimanendo eccezionalmente leggere.<\/p>\n<p>Sia su terreni accidentati che su superfici lisce, passa facilmente dai piedini in gomma ai chiodi in metallo con una semplice rotazione, per una presa ottimale in qualsiasi ambiente.<\/p>\n<p>Progettato all&#8217;insegna della flessibilit\u00e0, questo treppiede vanta molteplici punti di montaggio per integrare senza problemi accessori aggiuntivi come morsetti per smartphone, supporti per iPad o bracci articolati grazie a molteplici filettature da 1\/4\u2033-20 con punti di aggancio.<\/p>\n<p>La testa fluida progettata con precisione supporta fino a 5 kg, offrendo movimenti fluidi e precisi per riprese di livello professionale. Grazie al ricevitore ARCA e alla piastra a sgancio rapido inclusa, la testa fluida \u00e8 compatibile con la maggior parte dei sistemi o gabbie per fotocamere.<\/p>\n<p>Caratteristiche innovative come il sistema di regolazione semiautomatica dell&#8217;angolazione e la colonna in fibra di carbonio staccabile consentono una configurazione rapida e angoli di ripresa personalizzabili.<\/p>\n<p>Con un&#8217;altezza di poco meno di 10 pollici fino a un&#8217;altezza massima di 5,91 piedi, queste gambe offrono un&#8217;estrema flessibilit\u00e0 quando si tratta di raggiungere l&#8217;angolo di ripresa desiderato.<\/p>\n<p>Compatto e portatile, entra senza problemi nella tua valigia o nella borsa della fotocamera, pronto per qualsiasi servizio fotografico.<\/p>\n<p>Grazie all&#8217;esperienza pluriennale di Tilta nella realizzazione di accessori per l&#8217;imaging di alto livello, questo sistema stabilisce un nuovo standard di stabilit\u00e0, versatilit\u00e0 e facilit\u00e0 d&#8217;uso, ideale per i videografi e i registi che cercano prestazioni superiori in un formato leggero.<\/p>\n<\/div>\n","protected":false},"excerpt":{"rendered":"<p>Ti presentiamo il treppiede con testa fluida Tilta Travel Video con gambe a 3 stadi in fibra di carbonio, progettato per migliorare la tua esperienza di ripresa con una versatilit\u00e0 e una precisione senza pari. Realizzate in fibra di carbonio [&hellip;]<\/p>\n","protected":false},"featured_media":2008066,"comment_status":"closed","ping_status":"closed","template":"","meta":[],"product_cat":[3364,3376,3910,3295],"product_tag":[],"acf":[],"gallery_images":[2008060,2008054,2008048,2008042,2008036,2008030],"_links":{"self":[{"href":"https:\/\/eu.tilta.com\/it\/wp-json\/wp\/v2\/product\/2008208"}],"collection":[{"href":"https:\/\/eu.tilta.com\/it\/wp-json\/wp\/v2\/product"}],"about":[{"href":"https:\/\/eu.tilta.com\/it\/wp-json\/wp\/v2\/types\/product"}],"replies":[{"embeddable":true,"href":"https:\/\/eu.tilta.com\/it\/wp-json\/wp\/v2\/comments?post=2008208"}],"wp:featuredmedia":[{"embeddable":true,"href":"https:\/\/eu.tilta.com\/it\/wp-json\/wp\/v2\/media\/2008066"}],"wp:attachment":[{"href":"https:\/\/eu.tilta.com\/it\/wp-json\/wp\/v2\/media?parent=2008208"}],"wp:term":[{"taxonomy":"product_cat","embeddable":true,"href":"https:\/\/eu.tilta.com\/it\/wp-json\/wp\/v2\/product_cat?post=2008208"},{"taxonomy":"product_tag","embeddable":true,"href":"https:\/\/eu.tilta.com\/it\/wp-json\/wp\/v2\/product_tag?post=2008208"}],"curies":[{"name":"wp","href":"https:\/\/api.w.org\/{rel}","templated":true}]}}