{"id":2008214,"date":"2024-05-29T22:34:06","date_gmt":"2024-05-29T20:34:06","guid":{"rendered":"https:\/\/de.tilta.com\/shop\/filtro-tilta-illusion-4x565-nero-nebbia\/"},"modified":"2025-12-05T13:46:28","modified_gmt":"2025-12-05T12:46:28","slug":"tilta-illusion-4x5-65-black-mist-filter","status":"publish","type":"product","link":"https:\/\/eu.tilta.com\/it\/shop\/tilta-illusion-4x5-65-black-mist-filter\/","title":{"rendered":"Filtro Tilta Illusion 4\u00d75,65 Nero Nebbia"},"content":{"rendered":"<div class=\"overview-text\">\n<p><i>Ti presentiamo la nuova generazione di filtri per le scatole Matte 4\u00d75,65 &#8211; TILTA ILLUSION<\/i><\/p>\n<p>Questo filtro \u00e8 il nuovo filtro 4\u00d75,65 prodotto in casa e progettato per qualsiasi Matte Box con vassoio portafiltri 4\u00d75,65, compresa la Mirage Matte Box.<\/p>\n<p>Questo filtro \u00e8 un tipo di filtro di diffusione che riduce il contrasto e produce un sottile bagliore intorno alle fonti di luce, limitando al contempo la morbidezza generale e mantenendo il contrasto nelle ombre.<\/p>\n<p>Questo crea un&#8217;atmosfera visiva morbida, pur mantenendo la nitidezza e i dettagli delle ombre rispetto a un filtro Mist standard.<\/p>\n<p>Questo filtro \u00e8 ideale per gli utenti che cercano un look diffuso classico senza distrarre eccessivamente.<\/p>\n<\/div>\n","protected":false},"excerpt":{"rendered":"<p>Ti presentiamo la nuova generazione di filtri per le scatole Matte 4\u00d75,65 &#8211; TILTA ILLUSION Questo filtro \u00e8 il nuovo filtro 4\u00d75,65 prodotto in casa e progettato per qualsiasi Matte Box con vassoio portafiltri 4\u00d75,65, compresa la Mirage Matte Box. [&hellip;]<\/p>\n","protected":false},"featured_media":2000205,"comment_status":"closed","ping_status":"closed","template":"","meta":[],"product_cat":[3774,2014],"product_tag":[],"acf":[],"gallery_images":[],"_links":{"self":[{"href":"https:\/\/eu.tilta.com\/it\/wp-json\/wp\/v2\/product\/2008214"}],"collection":[{"href":"https:\/\/eu.tilta.com\/it\/wp-json\/wp\/v2\/product"}],"about":[{"href":"https:\/\/eu.tilta.com\/it\/wp-json\/wp\/v2\/types\/product"}],"replies":[{"embeddable":true,"href":"https:\/\/eu.tilta.com\/it\/wp-json\/wp\/v2\/comments?post=2008214"}],"wp:featuredmedia":[{"embeddable":true,"href":"https:\/\/eu.tilta.com\/it\/wp-json\/wp\/v2\/media\/2000205"}],"wp:attachment":[{"href":"https:\/\/eu.tilta.com\/it\/wp-json\/wp\/v2\/media?parent=2008214"}],"wp:term":[{"taxonomy":"product_cat","embeddable":true,"href":"https:\/\/eu.tilta.com\/it\/wp-json\/wp\/v2\/product_cat?post=2008214"},{"taxonomy":"product_tag","embeddable":true,"href":"https:\/\/eu.tilta.com\/it\/wp-json\/wp\/v2\/product_tag?post=2008214"}],"curies":[{"name":"wp","href":"https:\/\/api.w.org\/{rel}","templated":true}]}}