{"id":2009814,"date":"2024-09-12T04:53:03","date_gmt":"2024-09-12T02:53:03","guid":{"rendered":"https:\/\/eu.tilta.com\/shop\/piastra-a-sgancio-rapido-universale-tilta-manfrotto-nero\/"},"modified":"2025-12-05T13:47:44","modified_gmt":"2025-12-05T12:47:44","slug":"tilta-manfrotto-universal-quick-release-plate-black","status":"publish","type":"product","link":"https:\/\/eu.tilta.com\/it\/shop\/tilta-manfrotto-universal-quick-release-plate-black\/","title":{"rendered":"Piastra a sgancio rapido universale Tilta Manfrotto &#8211; Nero"},"content":{"rendered":"<p>Questa piastra a sgancio rapido universale Manfrotto pu\u00f2 essere utilizzata con diversi sistemi di supporto e accessori.<\/p>\n<p>Questa piastra a sgancio rapido pu\u00f2 essere fissata alla parte inferiore di una fotocamera o di una gabbia per le riprese orizzontali, cos\u00ec come al lato della maggior parte delle gabbie per le configurazioni verticali.<\/p>\n<p>Questa piastra sostituisce anche quella inclusa nel treppiede CT08 75mm Cine Fluid Head.<\/p>\n<p>NOTA: questa piastra a sgancio rapido \u00e8 compatibile con una serie di ricevitori Manfrotto, tuttavia la compatibilit\u00e0 con ogni ricevitore non \u00e8 garantita.<\/p>\n","protected":false},"excerpt":{"rendered":"<p>Questa piastra a sgancio rapido universale Manfrotto pu\u00f2 essere utilizzata con diversi sistemi di supporto e accessori. Questa piastra a sgancio rapido pu\u00f2 essere fissata alla parte inferiore di una fotocamera o di una gabbia per le riprese orizzontali, cos\u00ec [&hellip;]<\/p>\n","protected":false},"featured_media":2009568,"comment_status":"closed","ping_status":"closed","template":"","meta":[],"product_cat":[3254,2003],"product_tag":[],"acf":[],"gallery_images":[2009559,2009553,2009547,2009541,2009535,2009529],"_links":{"self":[{"href":"https:\/\/eu.tilta.com\/it\/wp-json\/wp\/v2\/product\/2009814"}],"collection":[{"href":"https:\/\/eu.tilta.com\/it\/wp-json\/wp\/v2\/product"}],"about":[{"href":"https:\/\/eu.tilta.com\/it\/wp-json\/wp\/v2\/types\/product"}],"replies":[{"embeddable":true,"href":"https:\/\/eu.tilta.com\/it\/wp-json\/wp\/v2\/comments?post=2009814"}],"wp:featuredmedia":[{"embeddable":true,"href":"https:\/\/eu.tilta.com\/it\/wp-json\/wp\/v2\/media\/2009568"}],"wp:attachment":[{"href":"https:\/\/eu.tilta.com\/it\/wp-json\/wp\/v2\/media?parent=2009814"}],"wp:term":[{"taxonomy":"product_cat","embeddable":true,"href":"https:\/\/eu.tilta.com\/it\/wp-json\/wp\/v2\/product_cat?post=2009814"},{"taxonomy":"product_tag","embeddable":true,"href":"https:\/\/eu.tilta.com\/it\/wp-json\/wp\/v2\/product_tag?post=2009814"}],"curies":[{"name":"wp","href":"https:\/\/api.w.org\/{rel}","templated":true}]}}