{"id":2009815,"date":"2024-09-11T11:33:59","date_gmt":"2024-09-11T09:33:59","guid":{"rendered":"https:\/\/eu.tilta.com\/shop\/estensore-per-impugnatura-per-sony-fx6\/"},"modified":"2025-12-05T13:47:45","modified_gmt":"2025-12-05T12:47:45","slug":"handgrip-extender-for-sony-fx6","status":"publish","type":"product","link":"https:\/\/eu.tilta.com\/it\/shop\/handgrip-extender-for-sony-fx6\/","title":{"rendered":"Estensore per impugnatura per Sony FX6"},"content":{"rendered":"<p>Questo estensore per impugnatura per Sony FX6 consente agli utenti di montare l&#8217;impugnatura della fotocamera pi\u00f9 lontano dal corpo macchina.<\/p>\n<p>L&#8217;estremit\u00e0 del cavo di questa prolunga per impugnatura si collega al corpo macchina dell&#8217;FX6, mentre l&#8217;altra estremit\u00e0 \u00e8 dotata di un supporto per l&#8217;impugnatura e di un collegamento a rosetta.<\/p>\n<p>L&#8217;estensione dell&#8217;impugnatura \u00e8 l&#8217;opzione perfetta per utilizzare l&#8217;FX6 su un rig a spalla o su un gimbal, mantenendo tutti i controlli disponibili attraverso l&#8217;impugnatura.<\/p>\n<p>Questo cavo a spirale \u00e8 incredibilmente flessibile per adattarsi a diverse configurazioni, in quanto pu\u00f2 estendersi da 17,7\u2033 a 39,3\u2033.<\/p>\n","protected":false},"excerpt":{"rendered":"<p>Questo estensore per impugnatura per Sony FX6 consente agli utenti di montare l&#8217;impugnatura della fotocamera pi\u00f9 lontano dal corpo macchina. L&#8217;estremit\u00e0 del cavo di questa prolunga per impugnatura si collega al corpo macchina dell&#8217;FX6, mentre l&#8217;altra estremit\u00e0 \u00e8 dotata di [&hellip;]<\/p>\n","protected":false},"featured_media":2009519,"comment_status":"closed","ping_status":"closed","template":"","meta":[],"product_cat":[1727],"product_tag":[],"acf":[],"gallery_images":[2009513,2009507,2009525],"_links":{"self":[{"href":"https:\/\/eu.tilta.com\/it\/wp-json\/wp\/v2\/product\/2009815"}],"collection":[{"href":"https:\/\/eu.tilta.com\/it\/wp-json\/wp\/v2\/product"}],"about":[{"href":"https:\/\/eu.tilta.com\/it\/wp-json\/wp\/v2\/types\/product"}],"replies":[{"embeddable":true,"href":"https:\/\/eu.tilta.com\/it\/wp-json\/wp\/v2\/comments?post=2009815"}],"wp:featuredmedia":[{"embeddable":true,"href":"https:\/\/eu.tilta.com\/it\/wp-json\/wp\/v2\/media\/2009519"}],"wp:attachment":[{"href":"https:\/\/eu.tilta.com\/it\/wp-json\/wp\/v2\/media?parent=2009815"}],"wp:term":[{"taxonomy":"product_cat","embeddable":true,"href":"https:\/\/eu.tilta.com\/it\/wp-json\/wp\/v2\/product_cat?post=2009815"},{"taxonomy":"product_tag","embeddable":true,"href":"https:\/\/eu.tilta.com\/it\/wp-json\/wp\/v2\/product_tag?post=2009815"}],"curies":[{"name":"wp","href":"https:\/\/api.w.org\/{rel}","templated":true}]}}