{"id":2009817,"date":"2024-09-11T09:22:34","date_gmt":"2024-09-11T07:22:34","guid":{"rendered":"https:\/\/eu.tilta.com\/shop\/piastra-passante-di-alimentazione-tilta-per-dji-rs-4\/"},"modified":"2026-03-06T14:22:12","modified_gmt":"2026-03-06T13:22:12","slug":"tilta-power-pass-through-plate-for-dji-rs-4","status":"publish","type":"product","link":"https:\/\/eu.tilta.com\/it\/shop\/tilta-power-pass-through-plate-for-dji-rs-4\/","title":{"rendered":"Piastra passante di alimentazione Tilta per DJI RS 4"},"content":{"rendered":"<p><em>Presentazione della piastra di alimentazione per DJI RS 4<\/em><\/p>\n<p>Questa piastra passante sostituisce la slitta originale delle DJI RS2, RS3, RS3 Pro, RS4 e RS4 Pro per ampliare le opzioni di alimentazione per fotocamere e accessori.<\/p>\n<p>Gli utenti possono rimuovere la piastra Ronin originale sbloccando la leva di regolazione dell&#8217;altezza e facendo scivolare via la piastra, quindi fissare questo accessorio nello stesso modo.<\/p>\n<p>La piastra Gold Mount, V-Mount Battery o Dual NP-F Battery Plate pu\u00f2 essere collegata per montare le batterie sotto la piastra.<\/p>\n<p>La piastra dispone di (2) porte di uscita P-Tap, (1) porta Lemo a 2 pin e (1) USB-C, perfette per alimentare la tua fotocamera tramite cavi per batterie fittizie o accessori come i motori di messa a fuoco wireless.<\/p>\n<p>La porta Lemo a 2 pin pu\u00f2 funzionare anche come ingresso di alimentazione, consentendo agli utenti di alimentare la piastra tramite una fonte esterna con un cavo di alimentazione a 2 pin (non incluso).<\/p>\n<p>Questa piastra migliora il bilanciamento della fotocamera e porta a migliori prestazioni generali del gimbal grazie a un centro di gravit\u00e0 pi\u00f9 ottimizzato, particolarmente utile quando si utilizzano obiettivi pi\u00f9 lunghi.<\/p>\n<p>Il ricevitore Manfrotto in alto e il ricevitore Cold Shoe in basso sono identici all&#8217;originale, il che significa che gli accessori DJI, come la piastra a sgancio rapido Manfrotto o il trasmettitore video wireless Raven Eye, sono ancora compatibili.<\/p>\n","protected":false},"excerpt":{"rendered":"<p>Presentazione della piastra di alimentazione per DJI RS 4 Questa piastra passante sostituisce la slitta originale delle DJI RS2, RS3, RS3 Pro, RS4 e RS4 Pro per ampliare le opzioni di alimentazione per fotocamere e accessori. Gli utenti possono rimuovere [&hellip;]<\/p>\n","protected":false},"featured_media":2009394,"comment_status":"closed","ping_status":"closed","template":"","meta":[],"product_cat":[2250,2415],"product_tag":[],"acf":[],"gallery_images":[2009388,2009382,2009376,2009370],"_links":{"self":[{"href":"https:\/\/eu.tilta.com\/it\/wp-json\/wp\/v2\/product\/2009817"}],"collection":[{"href":"https:\/\/eu.tilta.com\/it\/wp-json\/wp\/v2\/product"}],"about":[{"href":"https:\/\/eu.tilta.com\/it\/wp-json\/wp\/v2\/types\/product"}],"replies":[{"embeddable":true,"href":"https:\/\/eu.tilta.com\/it\/wp-json\/wp\/v2\/comments?post=2009817"}],"wp:featuredmedia":[{"embeddable":true,"href":"https:\/\/eu.tilta.com\/it\/wp-json\/wp\/v2\/media\/2009394"}],"wp:attachment":[{"href":"https:\/\/eu.tilta.com\/it\/wp-json\/wp\/v2\/media?parent=2009817"}],"wp:term":[{"taxonomy":"product_cat","embeddable":true,"href":"https:\/\/eu.tilta.com\/it\/wp-json\/wp\/v2\/product_cat?post=2009817"},{"taxonomy":"product_tag","embeddable":true,"href":"https:\/\/eu.tilta.com\/it\/wp-json\/wp\/v2\/product_tag?post=2009817"}],"curies":[{"name":"wp","href":"https:\/\/api.w.org\/{rel}","templated":true}]}}