{"id":2009825,"date":"2024-09-14T10:43:33","date_gmt":"2024-09-14T08:43:33","guid":{"rendered":"https:\/\/eu.tilta.com\/shop\/staffa-evf-per-sony-fx6\/"},"modified":"2025-12-05T13:47:56","modified_gmt":"2025-12-05T12:47:56","slug":"evf-bracket-for-sony-fx6","status":"publish","type":"product","link":"https:\/\/eu.tilta.com\/it\/shop\/evf-bracket-for-sony-fx6\/","title":{"rendered":"Staffa EVF per Sony FX6"},"content":{"rendered":"<p>Questa staffa EVF per Sony FX6 consente agli utenti di montare il monitor pi\u00f9 lontano dal corpo macchina e di migliorare la sicurezza del collegamento.<\/p>\n<p>La maggiore flessibilit\u00e0 di questo accessorio \u00e8 particolarmente utile quando si utilizza l&#8217;oculare del mirino.<\/p>\n<p>La staffa utilizza una guida NATO che consente di regolare la posizione del mirino rispetto all&#8217;asta di montaggio centrale.<\/p>\n<p>All&#8217;estremit\u00e0 della staffa \u00e8 presente un punto di montaggio per il monitor LCD dell&#8217;FX6 che pu\u00f2 essere ruotato per trovare l&#8217;angolo di funzionamento pi\u00f9 comodo.<\/p>\n<p>Questo \u00e8 incredibilmente utile quando si utilizza un rig a spalla con l&#8217;oculare del mirino, in quanto crea pi\u00f9 opzioni per l&#8217;operatore per trovare una posizione comoda.<\/p>\n","protected":false},"excerpt":{"rendered":"<p>Questa staffa EVF per Sony FX6 consente agli utenti di montare il monitor pi\u00f9 lontano dal corpo macchina e di migliorare la sicurezza del collegamento. La maggiore flessibilit\u00e0 di questo accessorio \u00e8 particolarmente utile quando si utilizza l&#8217;oculare del mirino. [&hellip;]<\/p>\n","protected":false},"featured_media":2158880,"comment_status":"open","ping_status":"closed","template":"","meta":[],"product_cat":[1727],"product_tag":[],"acf":[],"gallery_images":[2158886,2158892,2158898,2009678],"_links":{"self":[{"href":"https:\/\/eu.tilta.com\/it\/wp-json\/wp\/v2\/product\/2009825"}],"collection":[{"href":"https:\/\/eu.tilta.com\/it\/wp-json\/wp\/v2\/product"}],"about":[{"href":"https:\/\/eu.tilta.com\/it\/wp-json\/wp\/v2\/types\/product"}],"replies":[{"embeddable":true,"href":"https:\/\/eu.tilta.com\/it\/wp-json\/wp\/v2\/comments?post=2009825"}],"wp:featuredmedia":[{"embeddable":true,"href":"https:\/\/eu.tilta.com\/it\/wp-json\/wp\/v2\/media\/2158880"}],"wp:attachment":[{"href":"https:\/\/eu.tilta.com\/it\/wp-json\/wp\/v2\/media?parent=2009825"}],"wp:term":[{"taxonomy":"product_cat","embeddable":true,"href":"https:\/\/eu.tilta.com\/it\/wp-json\/wp\/v2\/product_cat?post=2009825"},{"taxonomy":"product_tag","embeddable":true,"href":"https:\/\/eu.tilta.com\/it\/wp-json\/wp\/v2\/product_tag?post=2009825"}],"curies":[{"name":"wp","href":"https:\/\/api.w.org\/{rel}","templated":true}]}}