{"id":2012331,"date":"2024-10-28T10:24:22","date_gmt":"2024-10-28T09:24:22","guid":{"rendered":"https:\/\/eu.tilta.com\/shop\/morsetto-di-montaggio-da-50-mm-per-hydra-alien-pro\/"},"modified":"2025-12-05T13:49:14","modified_gmt":"2025-12-05T12:49:14","slug":"50mm-mounting-clamp-for-hydra-alien-pro","status":"publish","type":"product","link":"https:\/\/eu.tilta.com\/it\/shop\/50mm-mounting-clamp-for-hydra-alien-pro\/","title":{"rendered":"Morsetto di montaggio da 50 mm per Hydra Alien Pro"},"content":{"rendered":"<div class=\"overview-text\">\n<p>Questo morsetto di montaggio da 50 mm consente agli utenti di montare il braccio ammortizzatore Hydra Alien Pro su una guida di velocit\u00e0 da 50 mm.<\/p>\n<p>Questa versione allungata \u00e8 necessaria per i cardani pi\u00f9 grandi, come il DJI Ronin 2, in quanto offre uno spazio maggiore tra la guida di velocit\u00e0 e il corpo del cardano rispetto alla versione compatta.<\/p>\n<p>Questo morsetto \u00e8 dotato di due manopole di bloccaggio per fissare l&#8217;unit\u00e0 al binario di velocit\u00e0, che possono essere serrate con gli strumenti per garantire un collegamento incredibilmente forte.<\/p>\n<p>Il ricevitore a sgancio rapido all&#8217;altra estremit\u00e0 \u00e8 dotato di una leva di bloccaggio e di un pulsante di sgancio di sicurezza, che rende il braccio ammortizzante rapido da installare o rimuovere, pur rimanendo sicuro.<\/p>\n<\/div>\n","protected":false},"excerpt":{"rendered":"<p>Questo morsetto di montaggio da 50 mm consente agli utenti di montare il braccio ammortizzatore Hydra Alien Pro su una guida di velocit\u00e0 da 50 mm. Questa versione allungata \u00e8 necessaria per i cardani pi\u00f9 grandi, come il DJI Ronin [&hellip;]<\/p>\n","protected":false},"featured_media":2011846,"comment_status":"open","ping_status":"closed","template":"","meta":[],"product_cat":[3238],"product_tag":[],"acf":[],"gallery_images":[2011840,2011834],"_links":{"self":[{"href":"https:\/\/eu.tilta.com\/it\/wp-json\/wp\/v2\/product\/2012331"}],"collection":[{"href":"https:\/\/eu.tilta.com\/it\/wp-json\/wp\/v2\/product"}],"about":[{"href":"https:\/\/eu.tilta.com\/it\/wp-json\/wp\/v2\/types\/product"}],"replies":[{"embeddable":true,"href":"https:\/\/eu.tilta.com\/it\/wp-json\/wp\/v2\/comments?post=2012331"}],"wp:featuredmedia":[{"embeddable":true,"href":"https:\/\/eu.tilta.com\/it\/wp-json\/wp\/v2\/media\/2011846"}],"wp:attachment":[{"href":"https:\/\/eu.tilta.com\/it\/wp-json\/wp\/v2\/media?parent=2012331"}],"wp:term":[{"taxonomy":"product_cat","embeddable":true,"href":"https:\/\/eu.tilta.com\/it\/wp-json\/wp\/v2\/product_cat?post=2012331"},{"taxonomy":"product_tag","embeddable":true,"href":"https:\/\/eu.tilta.com\/it\/wp-json\/wp\/v2\/product_tag?post=2012331"}],"curies":[{"name":"wp","href":"https:\/\/api.w.org\/{rel}","templated":true}]}}