{"id":2012339,"date":"2024-10-30T09:25:36","date_gmt":"2024-10-30T08:25:36","guid":{"rendered":"https:\/\/eu.tilta.com\/shop\/sistema-di-montaggio-per-auto-hydra-alien-pro\/"},"modified":"2025-12-05T13:49:50","modified_gmt":"2025-12-05T12:49:50","slug":"hydra-alien-pro-car-mounting-system","status":"publish","type":"product","link":"https:\/\/eu.tilta.com\/it\/shop\/hydra-alien-pro-car-mounting-system\/","title":{"rendered":"Sistema di montaggio per auto Hydra Alien Pro"},"content":{"rendered":"<div class=\"overview-text\">\n<p>Il sistema di montaggio per auto Hydra Alien Pro \u00e8 una soluzione di supporto gimbal di nuova generazione per la cinematografia montata in auto ed \u00e8 una delle soluzioni di montaggio per auto pi\u00f9 accessibili e innovative per RS4 Pro e Ronin 2, a partire da 1799 dollari per il preordine.<\/p>\n<p>Il sistema utilizza una combinazione altamente personalizzabile di piastre a coda di rondine e ventose che consente agli utenti di regolare con precisione l&#8217;esatto posizionamento delle inquadrature per ottenere quasi tutti gli angoli possibili durante il montaggio su un veicolo.<\/p>\n<p>Le piastre a coda di rondine di nuova concezione sono dotate di perni di sicurezza retrattili in ogni posizione in cui il braccio pu\u00f2 essere montato. Questo migliora drasticamente la sicurezza del sistema, soprattutto quando si regola la posizione del braccio grazie a un nuovo design scorrevole che rende le piccole regolazioni facili e veloci.<\/p>\n<p>Il braccio ammortizzatore di nuova concezione supporta carichi pi\u00f9 elevati, fino a 28,7 libbre, ed \u00e8 dotato di una testa ammortizzatrice motorizzata che offre una maggiore stabilit\u00e0 e utilizza i motori per stabilizzare il sistema in modo simile a un gimbal.<\/p>\n<p>Se abbinato all&#8217;impugnatura di controllo Nucleus Nano 2 opzionale, lo smorzamento della testa ammortizzante pu\u00f2 essere regolato a distanza, il che lo rende ideale per gli ambienti veloci e offre l&#8217;opportunit\u00e0 di regolare con precisione le impostazioni di smorzamento al variare delle condizioni della strada in tempo reale.<\/p>\n<p>Se abbinato a un gimbal leggero, crea un&#8217;immagine incredibilmente fluida e pi\u00f9 facile da usare rispetto ai sistemi tradizionali. Questo sistema innovativo amplia notevolmente le possibilit\u00e0 sia per gli utenti principianti che per quelli pi\u00f9 esperti che potrebbero non disporre del budget necessario per i tradizionali impianti montati su veicolo.<\/p>\n<p>Accessori opzionali come le ventose elettroniche e il nostro kit di montaggio a coda di rondine sono ottime opzioni per espandere le funzionalit\u00e0 di questo sistema.<\/p>\n<p><strong>Nota bene: quando si utilizzano gimbal pi\u00f9 grandi come il Ronin 2, consigliamo di montare solo l&#8217;Hydra Alien Pro con Speed Rail, poich\u00e9 le altre opzioni basate su ventose non sono abbastanza resistenti per supportare in modo affidabile il sistema.<\/strong><\/p>\n<\/div>\n","protected":false},"excerpt":{"rendered":"<p>Il sistema di montaggio per auto Hydra Alien Pro \u00e8 una soluzione di supporto gimbal di nuova generazione per la cinematografia montata in auto ed \u00e8 una delle soluzioni di montaggio per auto pi\u00f9 accessibili e innovative per RS4 Pro [&hellip;]<\/p>\n","protected":false},"featured_media":2012272,"comment_status":"open","ping_status":"closed","template":"","meta":[],"product_cat":[3238],"product_tag":[],"acf":[],"gallery_images":[2011958,2011946,2011952,2011940,2011934,2011928,2011922,2011916,2011910,2011904],"_links":{"self":[{"href":"https:\/\/eu.tilta.com\/it\/wp-json\/wp\/v2\/product\/2012339"}],"collection":[{"href":"https:\/\/eu.tilta.com\/it\/wp-json\/wp\/v2\/product"}],"about":[{"href":"https:\/\/eu.tilta.com\/it\/wp-json\/wp\/v2\/types\/product"}],"replies":[{"embeddable":true,"href":"https:\/\/eu.tilta.com\/it\/wp-json\/wp\/v2\/comments?post=2012339"}],"wp:featuredmedia":[{"embeddable":true,"href":"https:\/\/eu.tilta.com\/it\/wp-json\/wp\/v2\/media\/2012272"}],"wp:attachment":[{"href":"https:\/\/eu.tilta.com\/it\/wp-json\/wp\/v2\/media?parent=2012339"}],"wp:term":[{"taxonomy":"product_cat","embeddable":true,"href":"https:\/\/eu.tilta.com\/it\/wp-json\/wp\/v2\/product_cat?post=2012339"},{"taxonomy":"product_tag","embeddable":true,"href":"https:\/\/eu.tilta.com\/it\/wp-json\/wp\/v2\/product_tag?post=2012339"}],"curies":[{"name":"wp","href":"https:\/\/api.w.org\/{rel}","templated":true}]}}