{"id":2012385,"date":"2024-10-24T05:38:28","date_gmt":"2024-10-24T03:38:28","guid":{"rendered":"https:\/\/eu.tilta.com\/shop\/hydra-alien-mini-ultimate-kit\/"},"modified":"2025-12-05T13:50:40","modified_gmt":"2025-12-05T12:50:40","slug":"hydra-alien-mini-ultimate-kit","status":"publish","type":"product","link":"https:\/\/eu.tilta.com\/it\/shop\/hydra-alien-mini-ultimate-kit\/","title":{"rendered":"Hydra Alien Mini Ultimate Kit"},"content":{"rendered":"<p><em>Ti presentiamo il kit Hydra Alien Mini Ultimate<\/em><br \/>\n<strong><em>*Le opzioni di colore in edizione limitata sono disponibili fino ad esaurimento scorte*.  <\/em><\/strong><\/p>\n<p>Ispirato all&#8217;estetica del <a href=\"https:\/\/eu.tilta.com\/product-category\/stabilization-systems\/hydra-arm-mini\/\">braccio Hydra<\/a>, questo braccio compatto ad assorbimento d&#8217;urto stabilisce un nuovo standard per i sistemi di montaggio leggeri per auto.<\/p>\n<p>Questo braccio in miniatura \u00e8 compatibile con i sistemi di ripresa pi\u00f9 piccoli come <a href=\"https:\/\/eu.tilta.com\/product-category\/shop-by-camera\/for-dji-cameras\/\">DJI Action 3\/4<\/a>, <a href=\"https:\/\/eu.tilta.com\/product-category\/shop-by-camera\/for-dji-cameras\/osmo-pocket-3\/\">DJI Pocket 3<\/a>, <a href=\"https:\/\/eu.tilta.com\/product-category\/shop-by-camera\/for-insta360-cameras\/\">Insta360 X4\/X3<\/a> e qualsiasi altro sistema che pesi fino a 1,32 lbs, compresi gli smartphone con il nostro <a href=\"https:\/\/eu.tilta.com\/product-category\/khronos-ecosystem-for-iphone\/\">Khronos Ecosystem<\/a>.<\/p>\n<p>Il sistema di smorzamento idraulico utilizza olio di qualit\u00e0 automobilistica importato dagli Stati Uniti per ottenere prestazioni di livello pistaiolo ed \u00e8 facile per gli utenti aggiungere olio supplementare se necessario.<\/p>\n<p>Il kit include un braccio estensore regolabile su entrambi gli assi, che consente agli utenti di posizionare meglio il braccio per varie configurazioni e posizionamenti del veicolo.<\/p>\n<p>\u00c8 inclusa anche un&#8217;impugnatura che pu\u00f2 essere utilizzata quando si usa il braccio portatile. Questa configurazione \u00e8 particolarmente utile quando si corre o si filma su terreni irregolari.<\/p>\n<p>La <a href=\"https:\/\/eu.tilta.com\/shop\/electronic-suction-cup-4-5_\/\">ventosa elettronica<\/a> inclusa \u00e8 una ventosa alimentata a batteria in grado di monitorare la pressione in tempo reale e di aumentare automaticamente l&#8217;aspirazione in caso di perdite.<\/p>\n<p>Dotato di una batteria integrata da 2000mAh, pu\u00f2 funzionare per oltre 14 ore ininterrottamente in condizioni normali. La batteria supporta anche un ingresso di alimentazione esterna USB-C da 5V\/1A, che consente di effettuare riprese ininterrotte ancora pi\u00f9 lunghe tramite fonti di alimentazione aggiuntive.<\/p>\n<p><em>*I dati si basano su test reali effettuati dal Tilta&#8217;s Lab, ma la durata effettiva della batteria pu\u00f2 diminuire e variare a causa di numerosi fattori.<\/em><\/p>\n","protected":false},"excerpt":{"rendered":"<p>Ti presentiamo il kit Hydra Alien Mini Ultimate *Le opzioni di colore in edizione limitata sono disponibili fino ad esaurimento scorte*. Ispirato all&#8217;estetica del braccio Hydra, questo braccio compatto ad assorbimento d&#8217;urto stabilisce un nuovo standard per i sistemi di [&hellip;]<\/p>\n","protected":false},"featured_media":2011311,"comment_status":"open","ping_status":"closed","template":"","meta":[],"product_cat":[3260],"product_tag":[],"acf":[],"gallery_images":[2011305,2011299,2011293,2011267,2011261,2011255],"_links":{"self":[{"href":"https:\/\/eu.tilta.com\/it\/wp-json\/wp\/v2\/product\/2012385"}],"collection":[{"href":"https:\/\/eu.tilta.com\/it\/wp-json\/wp\/v2\/product"}],"about":[{"href":"https:\/\/eu.tilta.com\/it\/wp-json\/wp\/v2\/types\/product"}],"replies":[{"embeddable":true,"href":"https:\/\/eu.tilta.com\/it\/wp-json\/wp\/v2\/comments?post=2012385"}],"wp:featuredmedia":[{"embeddable":true,"href":"https:\/\/eu.tilta.com\/it\/wp-json\/wp\/v2\/media\/2011311"}],"wp:attachment":[{"href":"https:\/\/eu.tilta.com\/it\/wp-json\/wp\/v2\/media?parent=2012385"}],"wp:term":[{"taxonomy":"product_cat","embeddable":true,"href":"https:\/\/eu.tilta.com\/it\/wp-json\/wp\/v2\/product_cat?post=2012385"},{"taxonomy":"product_tag","embeddable":true,"href":"https:\/\/eu.tilta.com\/it\/wp-json\/wp\/v2\/product_tag?post=2012385"}],"curies":[{"name":"wp","href":"https:\/\/api.w.org\/{rel}","templated":true}]}}