{"id":2012434,"date":"2024-09-26T08:06:23","date_gmt":"2024-09-26T06:06:23","guid":{"rendered":"https:\/\/eu.tilta.com\/shop\/piastra-per-batteria-per-canon-c400\/"},"modified":"2025-12-05T13:51:34","modified_gmt":"2025-12-05T12:51:34","slug":"battery-plate-for-canon-c400","status":"publish","type":"product","link":"https:\/\/eu.tilta.com\/it\/shop\/battery-plate-for-canon-c400\/","title":{"rendered":"Piastra per batteria per Canon C400"},"content":{"rendered":"<p><em>Presentazione della piastra per batteria per Canon C400<\/em><\/p>\n<p>Questa piastra per batteria V-Mount si monta direttamente sulla nostra gabbia per fotocamera per Canon C400 e presenta le seguenti uscite: PD USB-C, P-Tap e 2 Pin e un ingresso PD USB-C.<\/p>\n<p>L&#8217;ingresso USB-C \u00e8 particolarmente utile perch\u00e9 permette agli utenti di alimentare la piastra della batteria senza avere una batteria V-Mount collegata, il che \u00e8 perfetto per lo scambio a caldo o per montare la fotocamera in configurazioni pi\u00f9 leggere.<\/p>\n<p>La piastra \u00e8 inoltre dotata di un supporto girevole che consente agli utenti di accedere facilmente alle batterie a bordo della fotocamera, il che la rende un&#8217;ottima opzione per la sostituzione a caldo.<\/p>\n","protected":false},"excerpt":{"rendered":"<p>Presentazione della piastra per batteria per Canon C400 Questa piastra per batteria V-Mount si monta direttamente sulla nostra gabbia per fotocamera per Canon C400 e presenta le seguenti uscite: PD USB-C, P-Tap e 2 Pin e un ingresso PD USB-C. [&hellip;]<\/p>\n","protected":false},"featured_media":2010684,"comment_status":"open","ping_status":"closed","template":"","meta":[],"product_cat":[3231,2021],"product_tag":[],"acf":[],"gallery_images":[2010678,2010672,2010666],"_links":{"self":[{"href":"https:\/\/eu.tilta.com\/it\/wp-json\/wp\/v2\/product\/2012434"}],"collection":[{"href":"https:\/\/eu.tilta.com\/it\/wp-json\/wp\/v2\/product"}],"about":[{"href":"https:\/\/eu.tilta.com\/it\/wp-json\/wp\/v2\/types\/product"}],"replies":[{"embeddable":true,"href":"https:\/\/eu.tilta.com\/it\/wp-json\/wp\/v2\/comments?post=2012434"}],"wp:featuredmedia":[{"embeddable":true,"href":"https:\/\/eu.tilta.com\/it\/wp-json\/wp\/v2\/media\/2010684"}],"wp:attachment":[{"href":"https:\/\/eu.tilta.com\/it\/wp-json\/wp\/v2\/media?parent=2012434"}],"wp:term":[{"taxonomy":"product_cat","embeddable":true,"href":"https:\/\/eu.tilta.com\/it\/wp-json\/wp\/v2\/product_cat?post=2012434"},{"taxonomy":"product_tag","embeddable":true,"href":"https:\/\/eu.tilta.com\/it\/wp-json\/wp\/v2\/product_tag?post=2012434"}],"curies":[{"name":"wp","href":"https:\/\/api.w.org\/{rel}","templated":true}]}}