{"id":2012459,"date":"2024-09-25T12:17:24","date_gmt":"2024-09-25T10:17:24","guid":{"rendered":"https:\/\/eu.tilta.com\/shop\/gabbia-per-fotocamera-per-il-kit-base-canon-c400\/"},"modified":"2025-12-05T13:51:55","modified_gmt":"2025-12-05T12:51:55","slug":"camera-cage-for-canon-c400-base-kit","status":"publish","type":"product","link":"https:\/\/eu.tilta.com\/it\/shop\/camera-cage-for-canon-c400-base-kit\/","title":{"rendered":"Gabbia per fotocamera per il kit base Canon C400"},"content":{"rendered":"<p><em>Migliora la tua esperienza di regista con la gabbia per fotocamera per il kit base Canon C400<\/em><\/p>\n<p>Questa gabbia meticolosamente progettata fornisce un&#8217;armatura protettiva per il corpo macchina e permette agli utenti di fissare diversi accessori per migliorare la funzionalit\u00e0 e presenta molteplici punti di contatto per evitare spostamenti durante l&#8217;uso.<\/p>\n<p>Il suo design modulare ti permette di adattare la configurazione alle tue esigenze grazie a componenti versatili, tra cui la piastra superiore, i bracci laterali destro e sinistro, la piastra inferiore e la piastra posteriore multifunzionale, tutti staccabili per regolazioni rapide.<\/p>\n<p>La piastra posteriore multifunzionale \u00e8 un&#8217;ottima opzione per montare piastre batteria leggere come la nostra piastra batteria Mini V-Mount e altri accessori.<\/p>\n<p>I punti di montaggio della gabbia completa includono: Rosetta Arri, guida NATO, filettature da 1\/4\u2033-20 e 3\/8\u2033-16, entrambe con punti di riferimento.<\/p>\n<p>Progettata per lasciare spazio all&#8217;impugnatura superiore originale Canon, la gabbia garantisce un accesso senza ostacoli a tutte le porte.<\/p>\n<p>La piastra a sgancio rapido Manfrotto garantisce una facile compatibilit\u00e0 con la nostra serie di treppiedi e facilita la transizione verso i setup a spalla con la piastra di base a spalla opzionale. (non incluso)<\/p>\n<p>Realizzata per garantire durata e versatilit\u00e0, la Tilta Camera Cage per Canon C400 \u00e8 la soluzione definitiva per le riprese professionali e offre il perfetto equilibrio tra protezione e funzionalit\u00e0 per liberare la tua creativit\u00e0 in tutta tranquillit\u00e0.<\/p>\n","protected":false},"excerpt":{"rendered":"<p>Migliora la tua esperienza di regista con la gabbia per fotocamera per il kit base Canon C400 Questa gabbia meticolosamente progettata fornisce un&#8217;armatura protettiva per il corpo macchina e permette agli utenti di fissare diversi accessori per migliorare la funzionalit\u00e0 [&hellip;]<\/p>\n","protected":false},"featured_media":2010386,"comment_status":"open","ping_status":"closed","template":"","meta":[],"product_cat":[3231],"product_tag":[],"acf":[],"gallery_images":[2010380,2010374,2010368,2010362,2010476,2010356],"_links":{"self":[{"href":"https:\/\/eu.tilta.com\/it\/wp-json\/wp\/v2\/product\/2012459"}],"collection":[{"href":"https:\/\/eu.tilta.com\/it\/wp-json\/wp\/v2\/product"}],"about":[{"href":"https:\/\/eu.tilta.com\/it\/wp-json\/wp\/v2\/types\/product"}],"replies":[{"embeddable":true,"href":"https:\/\/eu.tilta.com\/it\/wp-json\/wp\/v2\/comments?post=2012459"}],"wp:featuredmedia":[{"embeddable":true,"href":"https:\/\/eu.tilta.com\/it\/wp-json\/wp\/v2\/media\/2010386"}],"wp:attachment":[{"href":"https:\/\/eu.tilta.com\/it\/wp-json\/wp\/v2\/media?parent=2012459"}],"wp:term":[{"taxonomy":"product_cat","embeddable":true,"href":"https:\/\/eu.tilta.com\/it\/wp-json\/wp\/v2\/product_cat?post=2012459"},{"taxonomy":"product_tag","embeddable":true,"href":"https:\/\/eu.tilta.com\/it\/wp-json\/wp\/v2\/product_tag?post=2012459"}],"curies":[{"name":"wp","href":"https:\/\/api.w.org\/{rel}","templated":true}]}}