{"id":2013335,"date":"2024-11-18T09:41:26","date_gmt":"2024-11-18T08:41:26","guid":{"rendered":"https:\/\/eu.tilta.com\/shop\/testa-ammortizzata-per-hydra-alien-mini-grigio-titanio\/"},"modified":"2025-12-05T13:52:26","modified_gmt":"2025-12-05T12:52:26","slug":"shock-absorbing-head-for-hydra-alien-mini-titanium-grey","status":"publish","type":"product","link":"https:\/\/eu.tilta.com\/it\/shop\/shock-absorbing-head-for-hydra-alien-mini-titanium-grey\/","title":{"rendered":"Testa ammortizzata per Hydra Alien Mini &#8211; Grigio titanio"},"content":{"rendered":"<div class=\"overview-text\">\n<p><em>Ti presentiamo la testina ammortizzante per Hydra Alien Mini<\/em><\/p>\n<p>Questo accessorio si monta sul braccio dell&#8217;Hydra Alien Mini tramite NATO e fornisce un&#8217;opzione di montaggio ad assorbimento d&#8217;urto per la DJI Osmo Pocket 3.<\/p>\n<p>Questo aiuta a ridurre le micro-vibrazioni che il braccio ammortizzato e il gimbal potrebbero contrastare.<\/p>\n<p>Questo \u00e8 particolarmente utile quando si utilizza il sistema su terreni irregolari, in quanto pu\u00f2 produrre un&#8217;immagine pi\u00f9 omogenea.<\/p>\n<\/div>\n","protected":false},"excerpt":{"rendered":"<p>Ti presentiamo la testina ammortizzante per Hydra Alien Mini Questo accessorio si monta sul braccio dell&#8217;Hydra Alien Mini tramite NATO e fornisce un&#8217;opzione di montaggio ad assorbimento d&#8217;urto per la DJI Osmo Pocket 3. Questo aiuta a ridurre le micro-vibrazioni [&hellip;]<\/p>\n","protected":false},"featured_media":2013177,"comment_status":"open","ping_status":"closed","template":"","meta":[],"product_cat":[3260],"product_tag":[],"acf":[],"gallery_images":[2013168,2013162,2013156,2013150,2013144],"_links":{"self":[{"href":"https:\/\/eu.tilta.com\/it\/wp-json\/wp\/v2\/product\/2013335"}],"collection":[{"href":"https:\/\/eu.tilta.com\/it\/wp-json\/wp\/v2\/product"}],"about":[{"href":"https:\/\/eu.tilta.com\/it\/wp-json\/wp\/v2\/types\/product"}],"replies":[{"embeddable":true,"href":"https:\/\/eu.tilta.com\/it\/wp-json\/wp\/v2\/comments?post=2013335"}],"wp:featuredmedia":[{"embeddable":true,"href":"https:\/\/eu.tilta.com\/it\/wp-json\/wp\/v2\/media\/2013177"}],"wp:attachment":[{"href":"https:\/\/eu.tilta.com\/it\/wp-json\/wp\/v2\/media?parent=2013335"}],"wp:term":[{"taxonomy":"product_cat","embeddable":true,"href":"https:\/\/eu.tilta.com\/it\/wp-json\/wp\/v2\/product_cat?post=2013335"},{"taxonomy":"product_tag","embeddable":true,"href":"https:\/\/eu.tilta.com\/it\/wp-json\/wp\/v2\/product_tag?post=2013335"}],"curies":[{"name":"wp","href":"https:\/\/api.w.org\/{rel}","templated":true}]}}