{"id":2017700,"date":"2025-01-08T03:02:49","date_gmt":"2025-01-08T02:02:49","guid":{"rendered":"https:\/\/eu.tilta.com\/shop\/kit-portatile-khronos-iphone-16-pro-pro-max\/"},"modified":"2026-04-15T03:52:30","modified_gmt":"2026-04-15T01:52:30","slug":"khronos-iphone-16-pro-pro-max-handheld-kit","status":"publish","type":"product","link":"https:\/\/eu.tilta.com\/it\/shop\/khronos-iphone-16-pro-pro-max-handheld-kit\/","title":{"rendered":"Kit portatile Khronos iPhone 16 Pro \/ Pro Max"},"content":{"rendered":"<div class=\"overview-text\">\n<p>Ti presentiamo il kit portatile Khronos per iPhone 16 Pro \/ Pro Max, la nuova generazione di riprese mobili.<\/p>\n<p>Progettata meticolosamente per entrambi i modelli di iPhone 16, questa custodia per smartphone ispirata alla gabbia della fotocamera offre un mix impareggiabile di funzionalit\u00e0 ed eleganza. Costruita per proteggere il tuo telefono dall&#8217;usura quotidiana, la custodia Khronos offre una protezione affidabile senza compromettere lo stile o la funzionalit\u00e0.<\/p>\n<p>L&#8217;installazione \u00e8 pi\u00f9 facile che mai, perch\u00e9 questa nuova custodia \u00e8 dotata di un design a sgancio rapido, che consente agli utenti di installare o rimuovere la custodia rapidamente, assicurando che tutti gli accessori collegati rimangano saldamente attaccati. La custodia Khronos \u00e8 dotata di punti di contatto elettronici integrati, che ti permettono di far passare l&#8217;energia attraverso la gabbia per alimentare i tuoi accessori.<\/p>\n<p>La novit\u00e0 dell&#8217;iPhone 16 \u00e8 la touch bar di controllo della fotocamera, che consente agli utenti di accedere completamente alle funzionalit\u00e0 della touch bar.<\/p>\n<p>Nel kit portatile \u00e8 inclusa l&#8217;<a href=\"https:\/\/eu.tilta.com\/shop\/khronos-focus-pd-handle-for-iphone\/\">impugnatura Khronos Focus PD<\/a> che fornisce ulteriore potenza al sistema e offre un maggiore controllo sulle funzionalit\u00e0 di messa a fuoco e zoom dell&#8217;iPhone. Questo manico utilizza lo stesso innovativo meccanismo di bloccaggio degli altri accessori Khronos e dispone di una batteria interna che pu\u00f2 essere ricaricata tramite USB-C.<\/p>\n<p>L&#8217;impugnatura si collega a un iPhone 16 tramite un cavo USB-C integrato e utilizza il bluetooth per controllare la messa a fuoco o lo zoom tramite la ghiera sulla parte anteriore dell&#8217;impugnatura. Inoltre, il pulsante di registrazione assicura che gli utenti non debbano lasciare la maniglia per avviare la registrazione.<\/p>\n<p>Il <a href=\"https:\/\/eu.tilta.com\/shop\/khronos-quick-release-filter-tray-for-iphone-16-series\/\">vassoio per filtri<\/a> si monta facilmente sulla custodia Khronos tramite un collegamento magnetico sicuro e dispone di un supporto girevole che permette al vassoio di cadere in posizione su tutti e tre gli obiettivi dell&#8217;iPhone 15 Pro\/Pro Max.<\/p>\n<p>I <a href=\"https:\/\/eu.tilta.com\/shop\/khronos-quick-release-filter-tray-for-iphone-0-6\/\">filtri ND<\/a> inclusi forniscono un maggiore controllo sull&#8217;esposizione, consentendo agli utenti di ridurre la luce visibile al sensore, il che aiuta anche a mantenere la velocit\u00e0 dell&#8217;otturatore costante quando si scatta in ambienti con luce pi\u00f9 intensa, come la luce del giorno.<\/p>\n<p><b>NOTA: l&#8217;impugnatura Focus necessita di un cavo da 3,5 mm TRS a 3,5 mm TRRS per poter utilizzare sorgenti audio esterne.  <\/b><\/p>\n<p><b>Le configurazioni verticali con l&#8217;impugnatura di messa a fuoco sono limitate.  <\/b><\/p>\n<\/div>\n","protected":false},"excerpt":{"rendered":"<p>Ti presentiamo il kit portatile Khronos per iPhone 16 Pro \/ Pro Max, la nuova generazione di riprese mobili. Progettata meticolosamente per entrambi i modelli di iPhone 16, questa custodia per smartphone ispirata alla gabbia della fotocamera offre un mix [&hellip;]<\/p>\n","protected":false},"featured_media":2017312,"comment_status":"open","ping_status":"closed","template":"","meta":[],"product_cat":[3361,4496,2415],"product_tag":[],"acf":[],"gallery_images":[2017306,2017300,2017294,2017288,2017282,2017276],"_links":{"self":[{"href":"https:\/\/eu.tilta.com\/it\/wp-json\/wp\/v2\/product\/2017700"}],"collection":[{"href":"https:\/\/eu.tilta.com\/it\/wp-json\/wp\/v2\/product"}],"about":[{"href":"https:\/\/eu.tilta.com\/it\/wp-json\/wp\/v2\/types\/product"}],"replies":[{"embeddable":true,"href":"https:\/\/eu.tilta.com\/it\/wp-json\/wp\/v2\/comments?post=2017700"}],"wp:featuredmedia":[{"embeddable":true,"href":"https:\/\/eu.tilta.com\/it\/wp-json\/wp\/v2\/media\/2017312"}],"wp:attachment":[{"href":"https:\/\/eu.tilta.com\/it\/wp-json\/wp\/v2\/media?parent=2017700"}],"wp:term":[{"taxonomy":"product_cat","embeddable":true,"href":"https:\/\/eu.tilta.com\/it\/wp-json\/wp\/v2\/product_cat?post=2017700"},{"taxonomy":"product_tag","embeddable":true,"href":"https:\/\/eu.tilta.com\/it\/wp-json\/wp\/v2\/product_tag?post=2017700"}],"curies":[{"name":"wp","href":"https:\/\/api.w.org\/{rel}","templated":true}]}}