{"id":2017709,"date":"2025-01-07T11:11:27","date_gmt":"2025-01-07T10:11:27","guid":{"rendered":"https:\/\/eu.tilta.com\/shop\/khronos-iphone-16-pro-pro-max-ultimate-kit\/"},"modified":"2026-04-15T03:52:30","modified_gmt":"2026-04-15T01:52:30","slug":"khronos-iphone-16-pro-pro-max-ultimate-kit","status":"publish","type":"product","link":"https:\/\/eu.tilta.com\/it\/shop\/khronos-iphone-16-pro-pro-max-ultimate-kit\/","title":{"rendered":"Khronos iPhone 16 Pro\/Pro Max Ultimate Kit"},"content":{"rendered":"<p>Ti presentiamo il Khronos Ultimate Kit per iPhone 16 Pro \/ Pro Max, la nuova generazione di riprese mobili.<\/p>\n<p>Progettata meticolosamente per entrambi i modelli di iPhone 16, questa custodia per smartphone ispirata alla gabbia della fotocamera offre un mix impareggiabile di funzionalit\u00e0 ed eleganza. Costruita per proteggere il tuo telefono dall&#8217;usura quotidiana, la custodia Khronos offre una protezione affidabile senza compromettere lo stile o la funzionalit\u00e0.<\/p>\n<p>L&#8217;installazione \u00e8 pi\u00f9 facile che mai, perch\u00e9 questa nuova custodia \u00e8 dotata di un design a sgancio rapido, che consente agli utenti di installare o rimuovere la custodia rapidamente, assicurando che tutti gli accessori collegati rimangano saldamente attaccati. La custodia Khronos \u00e8 dotata di punti di contatto elettronici integrati, che ti permettono di far passare l&#8217;energia attraverso la gabbia per alimentare i tuoi accessori.<\/p>\n<p>La novit\u00e0 dell&#8217;iPhone 16 \u00e8 la touch bar di controllo della fotocamera, che consente agli utenti di accedere completamente alle funzionalit\u00e0 della touch bar.<\/p>\n<p>Nel kit Ultimate \u00e8 inclusa l&#8217;<a href=\"https:\/\/eu.tilta.com\/shop\/khronos-focus-pd-handle-for-iphone\/\">impugnatura Khronos Focus PD<\/a> che fornisce ulteriore potenza al sistema e offre un maggiore controllo sulle funzionalit\u00e0 di messa a fuoco e zoom dell&#8217;iPhone. Questo manico utilizza lo stesso innovativo meccanismo di bloccaggio degli altri accessori Khronos e dispone di una batteria interna che pu\u00f2 essere ricaricata tramite USB-C.<\/p>\n<p>L&#8217;impugnatura si collega a un iPhone 16 tramite un cavo USB-C integrato e utilizza il bluetooth per controllare la messa a fuoco o lo zoom tramite la ghiera sulla parte anteriore dell&#8217;impugnatura. Inoltre, il pulsante di registrazione assicura che gli utenti non debbano lasciare la maniglia per avviare la registrazione.<\/p>\n<p>L&#8217;<a href=\"https:\/\/eu.tilta.com\/shop\/khronos-circular-wooden-handle\/\">impugnatura circolare in legno<\/a> \u00e8 un&#8217;opzione alternativa per il funzionamento e dispone di una guida NATO integrata per il montaggio di accessori pi\u00f9 tradizionali. Il manico in legno \u00e8 dotato di una piccola girella che permette di ruotare il manico per posizionarlo nella configurazione pi\u00f9 comoda per un colpo o un setup specifico.<\/p>\n<p>Il kit include anche il <a href=\"https:\/\/tilta.com\/shop\/khronos-cooling-system-v2-for-iphone\/\">sistema di raffreddamento V2 per Khronos<\/a>, dotato di un dissipatore di calore a frequenza variabile da 22W. Basta collegarsi a una fonte di alimentazione esterna tramite USB-C o utilizzare l&#8217;alimentazione della maniglia inclusa per caricare contemporaneamente il tuo iPhone e mantenerlo in temperatura, sfruttando la connessione magnetica wireless MagSafe.<\/p>\n<p>Il kit include anche un <a href=\"https:\/\/eu.tilta.com\/shop\/khronos-quick-release-usb-c-hub\/\">Hub USB-C<\/a> che si collega all&#8217;iPhone tramite USB-C e amplia le opzioni di connessione di unit\u00e0 esterne e monitor esterni tramite una porta HDMI. La parte inferiore di questo Hub USB-C presenta una piastra a sgancio rapido ARCA integrata, che lo rende ideale per il montaggio su treppiedi o gimbal.<\/p>\n<p>Questo kit include anche una <a href=\"https:\/\/eu.tilta.com\/shop\/khronos-mini-led-panel-daylight\/\">mini luce LED Daylight<\/a> che pu\u00f2 essere montata in pi\u00f9 posizioni sulla cassa. La lampada ha un CRI \u226595RA e dispone di 3 livelli di luminosit\u00e0 e di un supporto regolabile.<\/p>\n<p>Il <a href=\"https:\/\/tilta.com\/shop\/khronos-quick-release-filter-tray-for-iphone-16-series\/\">vassoio per filtri<\/a> si monta facilmente sulla custodia Khronos tramite un collegamento magnetico sicuro e dispone di un supporto girevole che permette al vassoio di cadere in posizione su tutte e tre le lenti dell&#8217;iPhone 15 Pro\/Pro Max.<\/p>\n<p>I <a href=\"https:\/\/eu.tilta.com\/shop\/khronos-quick-release-filter-tray-for-iphone-0-6\/\">filtri ND<\/a> inclusi forniscono un maggiore controllo sull&#8217;esposizione, consentendo agli utenti di ridurre la luce visibile al sensore, il che aiuta anche a mantenere la velocit\u00e0 dell&#8217;otturatore costante quando si scatta in ambienti con luce pi\u00f9 intensa, come la luce del giorno.<\/p>\n<p><b>NOTA: l&#8217;impugnatura Focus e l&#8217;hub USB-C richiedono un cavo TRS da 3,5 mm a TRRS da 3,5 mm per poter utilizzare fonti audio esterne.  <\/b><\/p>\n<p><b>Le configurazioni verticali con l&#8217;impugnatura di messa a fuoco sono limitate.  <\/b><\/p>\n","protected":false},"excerpt":{"rendered":"<p>Ti presentiamo il Khronos Ultimate Kit per iPhone 16 Pro \/ Pro Max, la nuova generazione di riprese mobili. Progettata meticolosamente per entrambi i modelli di iPhone 16, questa custodia per smartphone ispirata alla gabbia della fotocamera offre un mix [&hellip;]<\/p>\n","protected":false},"featured_media":2017148,"comment_status":"open","ping_status":"closed","template":"","meta":[],"product_cat":[3361,4496,2415],"product_tag":[],"acf":[],"gallery_images":[2017142,2017136,2017130,2017124,2017118,2017112],"_links":{"self":[{"href":"https:\/\/eu.tilta.com\/it\/wp-json\/wp\/v2\/product\/2017709"}],"collection":[{"href":"https:\/\/eu.tilta.com\/it\/wp-json\/wp\/v2\/product"}],"about":[{"href":"https:\/\/eu.tilta.com\/it\/wp-json\/wp\/v2\/types\/product"}],"replies":[{"embeddable":true,"href":"https:\/\/eu.tilta.com\/it\/wp-json\/wp\/v2\/comments?post=2017709"}],"wp:featuredmedia":[{"embeddable":true,"href":"https:\/\/eu.tilta.com\/it\/wp-json\/wp\/v2\/media\/2017148"}],"wp:attachment":[{"href":"https:\/\/eu.tilta.com\/it\/wp-json\/wp\/v2\/media?parent=2017709"}],"wp:term":[{"taxonomy":"product_cat","embeddable":true,"href":"https:\/\/eu.tilta.com\/it\/wp-json\/wp\/v2\/product_cat?post=2017709"},{"taxonomy":"product_tag","embeddable":true,"href":"https:\/\/eu.tilta.com\/it\/wp-json\/wp\/v2\/product_tag?post=2017709"}],"curies":[{"name":"wp","href":"https:\/\/api.w.org\/{rel}","templated":true}]}}