{"id":2017849,"date":"2024-12-13T07:37:28","date_gmt":"2024-12-13T06:37:28","guid":{"rendered":"https:\/\/eu.tilta.com\/shop\/kit-di-montaggio-superiore-per-fujifilm-x100vi\/"},"modified":"2025-12-05T13:59:12","modified_gmt":"2025-12-05T12:59:12","slug":"top-mounting-kit-for-fujifilm-x100vi","status":"publish","type":"product","link":"https:\/\/eu.tilta.com\/it\/shop\/top-mounting-kit-for-fujifilm-x100vi\/","title":{"rendered":"Kit di montaggio superiore per Fujifilm X100VI"},"content":{"rendered":"<p>Questo kit di montaggio superiore per Fujifilm X100VI comprende una piastra di protezione superiore e una staffa a pollice per Hot Shoe.<\/p>\n<p>Questa piastra di protezione si monta sulla parte superiore del corpo macchina della Fujifilm X100VI per fornire una protezione leggera e robusta alla fotocamera.<\/p>\n<p>Questo accessorio \u00e8 particolarmente utile quando si viaggia o si utilizza la fotocamera in condizioni estreme.<\/p>\n<p>La staffa per pollice Hot Shoe si monta sul ricevitore Hot Shoe della fotocamera per offrire all&#8217;operatore una posizione comoda e sicura in cui appoggiare il pollice.<\/p>\n<p>Questo aiuta a migliorare la stabilit\u00e0 del palmare, che pu\u00f2 portare a scatti pi\u00f9 fluidi e a un&#8217;esperienza operativa complessivamente pi\u00f9 confortevole.<\/p>\n","protected":false},"excerpt":{"rendered":"<p>Questo kit di montaggio superiore per Fujifilm X100VI comprende una piastra di protezione superiore e una staffa a pollice per Hot Shoe. Questa piastra di protezione si monta sulla parte superiore del corpo macchina della Fujifilm X100VI per fornire una [&hellip;]<\/p>\n","protected":false},"featured_media":2014725,"comment_status":"open","ping_status":"closed","template":"","meta":[],"product_cat":[3376],"product_tag":[],"acf":[],"gallery_images":[2014719,2014713,2014707],"_links":{"self":[{"href":"https:\/\/eu.tilta.com\/it\/wp-json\/wp\/v2\/product\/2017849"}],"collection":[{"href":"https:\/\/eu.tilta.com\/it\/wp-json\/wp\/v2\/product"}],"about":[{"href":"https:\/\/eu.tilta.com\/it\/wp-json\/wp\/v2\/types\/product"}],"replies":[{"embeddable":true,"href":"https:\/\/eu.tilta.com\/it\/wp-json\/wp\/v2\/comments?post=2017849"}],"wp:featuredmedia":[{"embeddable":true,"href":"https:\/\/eu.tilta.com\/it\/wp-json\/wp\/v2\/media\/2014725"}],"wp:attachment":[{"href":"https:\/\/eu.tilta.com\/it\/wp-json\/wp\/v2\/media?parent=2017849"}],"wp:term":[{"taxonomy":"product_cat","embeddable":true,"href":"https:\/\/eu.tilta.com\/it\/wp-json\/wp\/v2\/product_cat?post=2017849"},{"taxonomy":"product_tag","embeddable":true,"href":"https:\/\/eu.tilta.com\/it\/wp-json\/wp\/v2\/product_tag?post=2017849"}],"curies":[{"name":"wp","href":"https:\/\/api.w.org\/{rel}","templated":true}]}}