{"id":2017898,"date":"2024-12-12T08:21:59","date_gmt":"2024-12-12T07:21:59","guid":{"rendered":"https:\/\/eu.tilta.com\/shop\/staffa-a-contatto-caldo-per-fujifilm-x100vi\/"},"modified":"2025-12-05T14:00:00","modified_gmt":"2025-12-05T13:00:00","slug":"hot-shoe-thumb-bracket-for-fujifilm-x100vi","status":"publish","type":"product","link":"https:\/\/eu.tilta.com\/it\/shop\/hot-shoe-thumb-bracket-for-fujifilm-x100vi\/","title":{"rendered":"Staffa a contatto caldo per Fujifilm X100VI"},"content":{"rendered":"<p>La staffa Hot Shoe Thumb Bracket \u00e8 un leggero accessorio meccanico per la Fujifilm X100VI.<\/p>\n<p>Questa impugnatura per pollice si monta sul ricevitore Hot Shoe della fotocamera per offrire all&#8217;operatore una posizione comoda e sicura in cui appoggiare il pollice.<\/p>\n<p>Questo aiuta a migliorare la stabilit\u00e0 del palmare, che pu\u00f2 portare a scatti pi\u00f9 fluidi e a un&#8217;esperienza operativa complessivamente pi\u00f9 confortevole.<\/p>\n","protected":false},"excerpt":{"rendered":"<p>La staffa Hot Shoe Thumb Bracket \u00e8 un leggero accessorio meccanico per la Fujifilm X100VI. Questa impugnatura per pollice si monta sul ricevitore Hot Shoe della fotocamera per offrire all&#8217;operatore una posizione comoda e sicura in cui appoggiare il pollice. [&hellip;]<\/p>\n","protected":false},"featured_media":2014542,"comment_status":"open","ping_status":"closed","template":"","meta":[],"product_cat":[3376],"product_tag":[],"acf":[],"gallery_images":[2014536],"_links":{"self":[{"href":"https:\/\/eu.tilta.com\/it\/wp-json\/wp\/v2\/product\/2017898"}],"collection":[{"href":"https:\/\/eu.tilta.com\/it\/wp-json\/wp\/v2\/product"}],"about":[{"href":"https:\/\/eu.tilta.com\/it\/wp-json\/wp\/v2\/types\/product"}],"replies":[{"embeddable":true,"href":"https:\/\/eu.tilta.com\/it\/wp-json\/wp\/v2\/comments?post=2017898"}],"wp:featuredmedia":[{"embeddable":true,"href":"https:\/\/eu.tilta.com\/it\/wp-json\/wp\/v2\/media\/2014542"}],"wp:attachment":[{"href":"https:\/\/eu.tilta.com\/it\/wp-json\/wp\/v2\/media?parent=2017898"}],"wp:term":[{"taxonomy":"product_cat","embeddable":true,"href":"https:\/\/eu.tilta.com\/it\/wp-json\/wp\/v2\/product_cat?post=2017898"},{"taxonomy":"product_tag","embeddable":true,"href":"https:\/\/eu.tilta.com\/it\/wp-json\/wp\/v2\/product_tag?post=2017898"}],"curies":[{"name":"wp","href":"https:\/\/api.w.org\/{rel}","templated":true}]}}