{"id":2096461,"date":"2025-02-14T07:07:17","date_gmt":"2025-02-14T06:07:17","guid":{"rendered":"https:\/\/eu.tilta.com\/shop\/vassoio-per-filtri-4x565-per-tilta-mirage-pro-matte-box\/"},"modified":"2025-12-05T14:14:53","modified_gmt":"2025-12-05T13:14:53","slug":"4x5-65-filter-tray-for-tilta-mirage-pro-matte-box","status":"publish","type":"product","link":"https:\/\/eu.tilta.com\/it\/shop\/4x5-65-filter-tray-for-tilta-mirage-pro-matte-box\/","title":{"rendered":"Vassoio per filtri 4\u00d75,65 per Tilta Mirage Pro Matte Box"},"content":{"rendered":"<p>Questo vassoio per filtri 4\u00d75,65 consente agli utenti di montare filtri 4\u00d75,65 all&#8217;interno del Mirage Pro Matte Box.<\/p>\n<p>Questo formato standard del settore supporta una gamma di filtri di spessore compreso tra 2 e 4 mm.<\/p>\n<p>Inoltre, \u00e8 stato progettato per essere inserito in modo sicuro nella scatola opaca, limitando il rischio di disconnessione accidentale.<\/p>\n","protected":false},"excerpt":{"rendered":"<p>Questo vassoio per filtri 4\u00d75,65 consente agli utenti di montare filtri 4\u00d75,65 all&#8217;interno del Mirage Pro Matte Box. Questo formato standard del settore supporta una gamma di filtri di spessore compreso tra 2 e 4 mm. Inoltre, \u00e8 stato progettato [&hellip;]<\/p>\n","protected":false},"featured_media":2086920,"comment_status":"open","ping_status":"closed","template":"","meta":[],"product_cat":[3774],"product_tag":[],"acf":[],"gallery_images":[],"_links":{"self":[{"href":"https:\/\/eu.tilta.com\/it\/wp-json\/wp\/v2\/product\/2096461"}],"collection":[{"href":"https:\/\/eu.tilta.com\/it\/wp-json\/wp\/v2\/product"}],"about":[{"href":"https:\/\/eu.tilta.com\/it\/wp-json\/wp\/v2\/types\/product"}],"replies":[{"embeddable":true,"href":"https:\/\/eu.tilta.com\/it\/wp-json\/wp\/v2\/comments?post=2096461"}],"wp:featuredmedia":[{"embeddable":true,"href":"https:\/\/eu.tilta.com\/it\/wp-json\/wp\/v2\/media\/2086920"}],"wp:attachment":[{"href":"https:\/\/eu.tilta.com\/it\/wp-json\/wp\/v2\/media?parent=2096461"}],"wp:term":[{"taxonomy":"product_cat","embeddable":true,"href":"https:\/\/eu.tilta.com\/it\/wp-json\/wp\/v2\/product_cat?post=2096461"},{"taxonomy":"product_tag","embeddable":true,"href":"https:\/\/eu.tilta.com\/it\/wp-json\/wp\/v2\/product_tag?post=2096461"}],"curies":[{"name":"wp","href":"https:\/\/api.w.org\/{rel}","templated":true}]}}